{"id":62687,"date":"2021-02-21T18:31:19","date_gmt":"2021-02-21T18:31:19","guid":{"rendered":"https:\/\/www.autonvaraosahaku.fi\/?product=ina-529-0484-20-moniurahihna"},"modified":"2021-02-21T18:31:20","modified_gmt":"2021-02-21T18:31:20","slug":"ina-529-0484-20-moniurahihna","status":"publish","type":"product","link":"https:\/\/www.autonvaraosahaku.fi\/?product=ina-529-0484-20-moniurahihna","title":{"rendered":"INA 529 0484 20 Moniurahihna"},"content":{"rendered":"<p>Pituus 1 (mm): 2415; kiiloja: 6; Hihnapy\u00f6r\u00e4t: V\u00e4lihihnapy\u00f6r\u00e4ll\u00e4; Korvaava tuote\/korvaava tiedote 2: Tarkasta laturin liikkuvuus ja vaihda tarvittaessa.; Huomioi huolto-ohjeet: ; Apulaitteet: angetr. Agg.: Generator; AUDI: A4 Avant 8K5, B8,A4 8K2, B8,Q5 8R,A6 Avant 4G5, C7, 4GD,A5 8T3,A5 Sportback 8TA,A6 4G2, C7, 4GC,A7 Sportback 4GA, 4GF,A4 Allroad 8KH, B8,A5 Cabriolet 8F7,A6 Allroad 4GH, 4GJ; PORSCHE: MACAN; 059903119G, 059903119H, 059903119L, 059903119M, 059903119N, 059903137AG, 059903341A, 059903341E, 059903341G, 059903341H, 059903341J, 06E903119, 06E903137A, 06E903137J, 059903018Q, 059903018X, 059903019L, 059903023L, 059903023X, 059903137AG, 95510211800, 95510211801, 95510211920, 95510211921, 95810236150, 95810236151, 95860312300, 95890302500, 059903119G, 059903119H, 059903119L, 059903119M, 059903119N, 059903137AG, 059903341A, 059903341E, 059903341G, 059903341H, 059903341J, 06E903119, 06E903137A, 06E903137J, 059903119G, 059903119H, 059903119L, 059903119M, 059903119N, 059903137AG, 059903341A, 059903341E, 059903341G, 059903341H, 059903341J, 06E903119, 06E903137A, 06E903137J, 059903119G, 059903119H, 059903119L, 059903119M, 059903119N, 059903137AG, 059903341A, 059903341E, 059903341G, 059903341H, 059903341J, 06E903119, 06E903137A, 06E903137J<\/p>\n","protected":false},"excerpt":{"rendered":"<p>INA Moniurahihnasarja 529 0484 20  AUDI,PORSCHE,A4 Avant 8K5, B8,A4 8K2, B8,Q5 8R,A6 Avant 4G5, C7, 4GD,A5 8T3,A5 Sportback 8TA,A6 4G2, C7, 4GC<\/p>\n","protected":false},"featured_media":0,"template":"","meta":{"site-sidebar-layout":"default","site-content-layout":"default","ast-global-header-display":"","ast-main-header-display":"","ast-hfb-above-header-display":"","ast-hfb-below-header-display":"","ast-hfb-mobile-header-display":"","site-post-title":"","ast-breadcrumbs-content":"","ast-featured-img":"","footer-sml-layout":"","theme-transparent-header-meta":"","adv-header-id-meta":"","stick-header-meta":"","header-above-stick-meta":"","header-main-stick-meta":"","header-below-stick-meta":""},"pwb-brand":[564],"product_cat":[23],"product_tag":[],"class_list":{"0":"post-62687","1":"product","2":"type-product","3":"status-publish","5":"pwb-brand-ina","6":"product_cat-moniurahihna","7":"desktop-align-left","8":"tablet-align-left","9":"mobile-align-left","11":"first","12":"instock","13":"product-type-external"},"brands":[{"id":564,"name":"INA","slug":"ina"}],"_links":{"self":[{"href":"https:\/\/www.autonvaraosahaku.fi\/index.php?rest_route=\/wp\/v2\/product\/62687","targetHints":{"allow":["GET"]}}],"collection":[{"href":"https:\/\/www.autonvaraosahaku.fi\/index.php?rest_route=\/wp\/v2\/product"}],"about":[{"href":"https:\/\/www.autonvaraosahaku.fi\/index.php?rest_route=\/wp\/v2\/types\/product"}],"wp:attachment":[{"href":"https:\/\/www.autonvaraosahaku.fi\/index.php?rest_route=%2Fwp%2Fv2%2Fmedia&parent=62687"}],"wp:term":[{"taxonomy":"pwb-brand","embeddable":true,"href":"https:\/\/www.autonvaraosahaku.fi\/index.php?rest_route=%2Fwp%2Fv2%2Fpwb-brand&post=62687"},{"taxonomy":"product_cat","embeddable":true,"href":"https:\/\/www.autonvaraosahaku.fi\/index.php?rest_route=%2Fwp%2Fv2%2Fproduct_cat&post=62687"},{"taxonomy":"product_tag","embeddable":true,"href":"https:\/\/www.autonvaraosahaku.fi\/index.php?rest_route=%2Fwp%2Fv2%2Fproduct_tag&post=62687"}],"curies":[{"name":"wp","href":"https:\/\/api.w.org\/{rel}","templated":true}]}}