{"id":62694,"date":"2021-02-21T18:31:19","date_gmt":"2021-02-21T18:31:19","guid":{"rendered":"https:\/\/www.autonvaraosahaku.fi\/?product=ina-529-0466-20-moniurahihna"},"modified":"2021-02-21T18:31:23","modified_gmt":"2021-02-21T18:31:23","slug":"ina-529-0466-20-moniurahihna","status":"publish","type":"product","link":"https:\/\/www.autonvaraosahaku.fi\/?product=ina-529-0466-20-moniurahihna","title":{"rendered":"INA 529 0466 20 Moniurahihna"},"content":{"rendered":"<p>Pituus 1 (mm): 1183; kiiloja: 6; Hihnapy\u00f6r\u00e4t: V\u00e4lihihnapy\u00f6r\u00e4ll\u00e4; Korvaava tuote\/korvaava tiedote 2: Tarkasta laturin liikkuvuus ja vaihda tarvittaessa.; Huomioi huolto-ohjeet: ; Apulaitteet: angetr. Agg.: Generator; VW: POLO 9N_; SKODA: FABIA Combi 6Y5,FABIA,FABIA 6Y2,FABIA Combi,ROOMSTER 5J,FABIA Stufenheck 6Y3,ROOMSTER Praktik 5J; SEAT: IBIZA IV 6L1,IBIZA V 6J5, 6P5,IBIZA V SPORTCOUPE 6J1, 6P1,CORDOBA 6L2; 032145933T, 038903137AA, 038903315AD, 038903315AG, 038903315AH, 038903315AJ, 038903315AM, 038903315AN, 038903315T, 06H903137J, 021903119G, 022903119A, 022903119C, 028903119AM, 032145933T, 038903119A, 038903119T, 038903137AA, 038903315AD, 038903315AG, 038903315AH, 038903315AJ, 038903315AM, 038903315AN, 038903315T, 06H903137J, 021903119G, 022903119A, 022903119C, 028903119AM, 032145933T, 038903119A, 038903119T, 038903137AA, 038903315AD, 038903315AG, 038903315AH, 038903315AJ, 038903315AM, 038903315AN, 038903315T, 06H903137J, 021903026A, 021903026G, 021903026L, 021903119G, 022903028A, 022903028B, 022903119A, 022903119C, 028903028E, 028903029G, 028903030, 028903030A, 028903119AM, 032145933T, 038903018P, 038903018Q, 038903018QX, 038903023K, 038903023L, 038903023Q, 038903023R, 038903023S, 038903024A, 038903024B, 038903024C, 038903024D, 038903024E, 038903024F, 038903024G, 038903119A, 038903119S, 038903119T, 038903137AA, 038903315AD, 038903315AG, 038903315AH, 038903315AJ, 038903315AM, 03890331&#8230;<\/p>\n","protected":false},"excerpt":{"rendered":"<p>INA Moniurahihnasarja 529 0466 20  VW,SKODA,SEAT,POLO 9N_,FABIA Combi 6Y5,FABIA,FABIA 6Y2,FABIA Combi,ROOMSTER 5J,FABIA Stufenheck 6Y3<\/p>\n","protected":false},"featured_media":0,"template":"","meta":{"site-sidebar-layout":"default","site-content-layout":"default","ast-global-header-display":"","ast-main-header-display":"","ast-hfb-above-header-display":"","ast-hfb-below-header-display":"","ast-hfb-mobile-header-display":"","site-post-title":"","ast-breadcrumbs-content":"","ast-featured-img":"","footer-sml-layout":"","theme-transparent-header-meta":"","adv-header-id-meta":"","stick-header-meta":"","header-above-stick-meta":"","header-main-stick-meta":"","header-below-stick-meta":""},"pwb-brand":[564],"product_cat":[23],"product_tag":[],"class_list":{"0":"post-62694","1":"product","2":"type-product","3":"status-publish","5":"pwb-brand-ina","6":"product_cat-moniurahihna","7":"desktop-align-left","8":"tablet-align-left","9":"mobile-align-left","11":"first","12":"instock","13":"product-type-external"},"brands":[{"id":564,"name":"INA","slug":"ina"}],"_links":{"self":[{"href":"https:\/\/www.autonvaraosahaku.fi\/index.php?rest_route=\/wp\/v2\/product\/62694","targetHints":{"allow":["GET"]}}],"collection":[{"href":"https:\/\/www.autonvaraosahaku.fi\/index.php?rest_route=\/wp\/v2\/product"}],"about":[{"href":"https:\/\/www.autonvaraosahaku.fi\/index.php?rest_route=\/wp\/v2\/types\/product"}],"wp:attachment":[{"href":"https:\/\/www.autonvaraosahaku.fi\/index.php?rest_route=%2Fwp%2Fv2%2Fmedia&parent=62694"}],"wp:term":[{"taxonomy":"pwb-brand","embeddable":true,"href":"https:\/\/www.autonvaraosahaku.fi\/index.php?rest_route=%2Fwp%2Fv2%2Fpwb-brand&post=62694"},{"taxonomy":"product_cat","embeddable":true,"href":"https:\/\/www.autonvaraosahaku.fi\/index.php?rest_route=%2Fwp%2Fv2%2Fproduct_cat&post=62694"},{"taxonomy":"product_tag","embeddable":true,"href":"https:\/\/www.autonvaraosahaku.fi\/index.php?rest_route=%2Fwp%2Fv2%2Fproduct_tag&post=62694"}],"curies":[{"name":"wp","href":"https:\/\/api.w.org\/{rel}","templated":true}]}}