{"id":62698,"date":"2021-02-21T18:31:19","date_gmt":"2021-02-21T18:31:19","guid":{"rendered":"https:\/\/www.autonvaraosahaku.fi\/?product=ina-530-0724-30-vesipumppu-jakohihnasarja"},"modified":"2021-02-21T18:31:24","modified_gmt":"2021-02-21T18:31:24","slug":"ina-530-0724-30-vesipumppu-jakohihnasarja","status":"publish","type":"product","link":"https:\/\/www.autonvaraosahaku.fi\/?product=ina-530-0724-30-vesipumppu-jakohihnasarja","title":{"rendered":"INA 530 0724 30 Vesipumppu + jakohihnasarja"},"content":{"rendered":"<p>Hampaita 1: 146; Leveys 1 (mm): 24,00; Moottorinumero: LXV; CHEVROLET: ORLANDO J309,CRUZE J300,AVEO Schr\u00e4gheck T250, T255,CRUZE Station Wagon J308,AVEO Schr\u00e4gheck T300,CRUZE Schr\u00e4gheck J305,TRAX,AVEO Stufenheck T250, T255,AVEO Stufenheck T300; SAAB: 9-5 YS3G; OPEL: CORSA D,ZAFIRA B A05,ASTRA H Caravan L35,MERIVA,ZAFIRA A F75_,ASTRA G CC F48_, F08_,ASTRA H L48,ASTRA J Sports Tourer,ASTRA G Caravan F35_,INSIGNIA Caravan,VECTRA C Caravan,ASTRA J,ASTRA H GTC L08,SIGNUM,VECTRA C,ZAFIRA TOURER C P12,MOKKA,VECTRA C GTS,ASTRA H TwinTop L67,INSIGNIA,ASTRA G Cabriolet F67,INSIGNIA Stufenheck,ASTRA G Coupe F07_,ASTRA G Stufenheck F69_,ZAFIRA B Van,ASTRA GTC J,ASTRA J Stufenheck,CORSA D Van,ASTRA H Stufenheck L69,ASTRA H Kasten L70,ASTRA G Kasten F70,CORSA E,ASTRA G CLASSIC Caravan F35,ASTRA CLASSIC Caravan,ASTRA G CLASSIC T98,ASTRA CLASSIC L48,ASTRA CLASSIC Stufenheck; FIAT: STILO 192,STILO Multi Wagon 192,CROMA 194; ALFA ROMEO: 159 Sportwagon 939,159 939; BUICK (SGM): REGAL II; VAUXHALL: CORSA Mk III D L_8,INSIGNIA Mk I A,ZAFIRA Mk II B M75,ASTRA Mk V H CC,VECTRA Mk II C CC,INSIGNIA Mk I A Estate,ASTRA Mk V H Estate,ZAFIRA Mk III P12,VECTRA Mk II C Estate,ASTRA Mk IV G CC,ASTRA Mk V H Convertible,VECTRA Mk II C,ASTRA Mk VI J CC,ASTRA Mk VI J,INSIGNIA Mk I A Sedan,SIGNUM,MERIVA Mk I A,ASTRA Mk VI J Sedan,ASTRA Mk VI J Estate,MOKKA,ASTRAVAN Mk V H,ASTRA Mk IV G Coupe F67,CORSA Mk IV E,ASTRA Mk IV G Estate,ASTRA Mk IV G Convertible; 71739873, 24405895, 24436052, 55562218, 55570289, 55570290, 55574864, 55575247, 25194312, 25195119, 55555653, 55560082, 55562217, 55562218, 55570289, 71739779, 71739801, 71739873, 71776001, 1334142, 24405895, 24422964, 24436052, 24447794, 25194312, 25195119, 55555653, 55560082, 55562217, 55562218, 55570289, 55570290, 55574864, 5636130, 5636131, 5636436, 5636451, 5636452, 5636469, 5636486, 5636725, 5636978, 636160, 636929, 93180815, 1334142, 24405895, 24422964, 24436052, 24447794, 25194312, 25195119, 55555653, 55560082, 55562217, 55562218, 55570289, 55570290, 55574864, 5636130, 5636131, 5636436, 5636451, 5636452, 5636469, 5636486, 5636725, 5636978, 636160, 636929, 93180815<\/p>\n","protected":false},"excerpt":{"rendered":"<p>INA Vesipumppu + Jakohihnasarja 530 0724 30  CHEVROLET,SAAB,OPEL,ORLANDO J309,CRUZE J300,AVEO Schr\u00e4gheck T250, T255,CRUZE Station Wagon J308<\/p>\n","protected":false},"featured_media":0,"template":"","meta":{"site-sidebar-layout":"default","site-content-layout":"default","ast-global-header-display":"","ast-main-header-display":"","ast-hfb-above-header-display":"","ast-hfb-below-header-display":"","ast-hfb-mobile-header-display":"","site-post-title":"","ast-breadcrumbs-content":"","ast-featured-img":"","footer-sml-layout":"","theme-transparent-header-meta":"","adv-header-id-meta":"","stick-header-meta":"","header-above-stick-meta":"","header-main-stick-meta":"","header-below-stick-meta":""},"pwb-brand":[564],"product_cat":[321],"product_tag":[],"class_list":{"0":"post-62698","1":"product","2":"type-product","3":"status-publish","5":"pwb-brand-ina","6":"product_cat-vesipumppu-jakohihnasarja","7":"desktop-align-left","8":"tablet-align-left","9":"mobile-align-left","11":"first","12":"instock","13":"product-type-external"},"brands":[{"id":564,"name":"INA","slug":"ina"}],"_links":{"self":[{"href":"https:\/\/www.autonvaraosahaku.fi\/index.php?rest_route=\/wp\/v2\/product\/62698","targetHints":{"allow":["GET"]}}],"collection":[{"href":"https:\/\/www.autonvaraosahaku.fi\/index.php?rest_route=\/wp\/v2\/product"}],"about":[{"href":"https:\/\/www.autonvaraosahaku.fi\/index.php?rest_route=\/wp\/v2\/types\/product"}],"wp:attachment":[{"href":"https:\/\/www.autonvaraosahaku.fi\/index.php?rest_route=%2Fwp%2Fv2%2Fmedia&parent=62698"}],"wp:term":[{"taxonomy":"pwb-brand","embeddable":true,"href":"https:\/\/www.autonvaraosahaku.fi\/index.php?rest_route=%2Fwp%2Fv2%2Fpwb-brand&post=62698"},{"taxonomy":"product_cat","embeddable":true,"href":"https:\/\/www.autonvaraosahaku.fi\/index.php?rest_route=%2Fwp%2Fv2%2Fproduct_cat&post=62698"},{"taxonomy":"product_tag","embeddable":true,"href":"https:\/\/www.autonvaraosahaku.fi\/index.php?rest_route=%2Fwp%2Fv2%2Fproduct_tag&post=62698"}],"curies":[{"name":"wp","href":"https:\/\/api.w.org\/{rel}","templated":true}]}}