{"id":62703,"date":"2021-02-21T18:31:26","date_gmt":"2021-02-21T18:31:26","guid":{"rendered":"https:\/\/www.autonvaraosahaku.fi\/?product=ina-529-0372-10-moniurahihna"},"modified":"2021-02-21T18:31:26","modified_gmt":"2021-02-21T18:31:26","slug":"ina-529-0372-10-moniurahihna","status":"publish","type":"product","link":"https:\/\/www.autonvaraosahaku.fi\/?product=ina-529-0372-10-moniurahihna","title":{"rendered":"INA 529 0372 10 Moniurahihna"},"content":{"rendered":"<p>Hihnojen m\u00e4\u00e4r\u00e4: 2; Pituus 1 (mm): 1540; kiiloja: 6; Pituus 2 (mm): 860; kiiloja: 2: 4; Huomioi asennusohje: ; Valmistusvuosi alkaen: 09\/2002; BMW: 3 E46,5 E39,3 Touring E46,5 Touring E39,3 Compact E46,3 Coupe E46,X5 E53,3 Cabriolet E46,Z4 E85; 11281437475, 11281437929, 11281438276, 11281706545, 11281722789, 11281726181, 11281726343, 11281730571, 11281738061, 11281738605, 11281748130, 11281748131, 11287512758, 11287512762, 11287512970, 11287512971, 11287636379, 11287838797, 11287841228, 1722789, 1726181, 1726343, 1730571, 1738061, 1738605, 1748130, 1748131, 7512758, 7512970, 7512971, 7841228, 11281437475, 11281437929, 11281438276, 11281706545, 11281722789, 11281726181, 11281726343, 11281730571, 11281738061, 11281738605, 11281748130, 11281748131, 11287512758, 11287512762, 11287512970, 11287512971, 11287636379, 11287838797, 11287841228, 1722789, 1726181, 1726343, 1730571, 1738061, 1738605, 1748130, 1748131, 7512758, 7512970, 7512971, 7841228<\/p>\n","protected":false},"excerpt":{"rendered":"<p>INA Moniurahihnasarja 529 0372 10  BMW,3 E46,5 E39,3 Touring E46,5 Touring E39,3 Compact E46,3 Coupe E46,X5 E53,3 Cabriolet E46,Z4 E85<\/p>\n","protected":false},"featured_media":0,"template":"","meta":{"site-sidebar-layout":"default","site-content-layout":"default","ast-global-header-display":"","ast-main-header-display":"","ast-hfb-above-header-display":"","ast-hfb-below-header-display":"","ast-hfb-mobile-header-display":"","site-post-title":"","ast-breadcrumbs-content":"","ast-featured-img":"","footer-sml-layout":"","theme-transparent-header-meta":"","adv-header-id-meta":"","stick-header-meta":"","header-above-stick-meta":"","header-main-stick-meta":"","header-below-stick-meta":""},"pwb-brand":[564],"product_cat":[23],"product_tag":[],"class_list":{"0":"post-62703","1":"product","2":"type-product","3":"status-publish","5":"pwb-brand-ina","6":"product_cat-moniurahihna","7":"desktop-align-left","8":"tablet-align-left","9":"mobile-align-left","11":"first","12":"instock","13":"product-type-external"},"brands":[{"id":564,"name":"INA","slug":"ina"}],"_links":{"self":[{"href":"https:\/\/www.autonvaraosahaku.fi\/index.php?rest_route=\/wp\/v2\/product\/62703","targetHints":{"allow":["GET"]}}],"collection":[{"href":"https:\/\/www.autonvaraosahaku.fi\/index.php?rest_route=\/wp\/v2\/product"}],"about":[{"href":"https:\/\/www.autonvaraosahaku.fi\/index.php?rest_route=\/wp\/v2\/types\/product"}],"wp:attachment":[{"href":"https:\/\/www.autonvaraosahaku.fi\/index.php?rest_route=%2Fwp%2Fv2%2Fmedia&parent=62703"}],"wp:term":[{"taxonomy":"pwb-brand","embeddable":true,"href":"https:\/\/www.autonvaraosahaku.fi\/index.php?rest_route=%2Fwp%2Fv2%2Fpwb-brand&post=62703"},{"taxonomy":"product_cat","embeddable":true,"href":"https:\/\/www.autonvaraosahaku.fi\/index.php?rest_route=%2Fwp%2Fv2%2Fproduct_cat&post=62703"},{"taxonomy":"product_tag","embeddable":true,"href":"https:\/\/www.autonvaraosahaku.fi\/index.php?rest_route=%2Fwp%2Fv2%2Fproduct_tag&post=62703"}],"curies":[{"name":"wp","href":"https:\/\/api.w.org\/{rel}","templated":true}]}}