{"id":62719,"date":"2021-02-21T18:31:26","date_gmt":"2021-02-21T18:31:26","guid":{"rendered":"https:\/\/www.autonvaraosahaku.fi\/?product=ina-532-0912-10-hihnapyora"},"modified":"2021-02-21T18:31:30","modified_gmt":"2021-02-21T18:31:30","slug":"ina-532-0912-10-hihnapyora","status":"publish","type":"product","link":"https:\/\/www.autonvaraosahaku.fi\/?product=ina-532-0912-10-hihnapyora","title":{"rendered":"INA 532 0912 10 Hihnapy\u00f6r\u00e4"},"content":{"rendered":"<p>Ulkol\u00e4pimitta [mm]: 125,00; Leveys (mm): 23,00; Korvaava tuote\/korvaava tiedote 2: useampiasentoinen vesipumppu; Materiaali: Kumi-metalli; Apulaitteet: angetr. Agg.: Wasserpumpe; BMW: 1 F20,3 Touring F31,1 F21; OPEL: GRANDLAND X A18; MINI: MINI R56,MINI CLUBMAN R55,MINI Cabriolet R57,MINI Coupe R58,MINI Roadster R59,MINI PACEMAN R61; CITRO\u00cbN: BERLINGO B9,C5 III Break TD_,C4 Picasso I UD_,C4 Grand Picasso I UA_,C4 I LC_,DS3,C3 Picasso,C5 III RD_,C3 II,C4 Coupe LA_,C4 II B7,BERLINGO Kasten B9,C4 Grand Picasso II,C4 Picasso II,DS4,DS5,DS3 Cabriolet,C4 Stufenheck N; PEUGEOT: 207 WA_, WC_,207 CC WD_,207 SW WK_,308 SW,208,308 4A_, 4C_,5008,508 SW,3008,PARTNER Tepee,RCZ,308 CC,2008,508,PARTNER Kasten,308 II,308 SW II,408,3008 SUV,5008 II; DS: DS 3,DS5,DS 3 Cabriolet,DS7 Crossback,DS 4 \/ DS 4 CROSSBACK; 11517545958, 11517571012, 11517619020, 7545958, 7571012, 7619020, 120447, 120454, 120459, 11517545958, 11517571012, 11517619020, 7545958, 7571012, 7619020, 120447, 120454, 120459<\/p>\n","protected":false},"excerpt":{"rendered":"<p>INA Hihnapy\u00f6r\u00e4 Vesipumppu 532 0912 10  BMW,OPEL,MINI,1 F20,3 Touring F31,1 F21,GRANDLAND X A18,MINI R56,MINI CLUBMAN R55,MINI Cabriolet R57<\/p>\n","protected":false},"featured_media":0,"template":"","meta":{"site-sidebar-layout":"default","site-content-layout":"default","ast-global-header-display":"","ast-main-header-display":"","ast-hfb-above-header-display":"","ast-hfb-below-header-display":"","ast-hfb-mobile-header-display":"","site-post-title":"","ast-breadcrumbs-content":"","ast-featured-img":"","footer-sml-layout":"","theme-transparent-header-meta":"","adv-header-id-meta":"","stick-header-meta":"","header-above-stick-meta":"","header-main-stick-meta":"","header-below-stick-meta":""},"pwb-brand":[564],"product_cat":[289],"product_tag":[],"class_list":{"0":"post-62719","1":"product","2":"type-product","3":"status-publish","5":"pwb-brand-ina","6":"product_cat-hihnapyora","7":"desktop-align-left","8":"tablet-align-left","9":"mobile-align-left","11":"first","12":"instock","13":"product-type-external"},"brands":[{"id":564,"name":"INA","slug":"ina"}],"_links":{"self":[{"href":"https:\/\/www.autonvaraosahaku.fi\/index.php?rest_route=\/wp\/v2\/product\/62719","targetHints":{"allow":["GET"]}}],"collection":[{"href":"https:\/\/www.autonvaraosahaku.fi\/index.php?rest_route=\/wp\/v2\/product"}],"about":[{"href":"https:\/\/www.autonvaraosahaku.fi\/index.php?rest_route=\/wp\/v2\/types\/product"}],"wp:attachment":[{"href":"https:\/\/www.autonvaraosahaku.fi\/index.php?rest_route=%2Fwp%2Fv2%2Fmedia&parent=62719"}],"wp:term":[{"taxonomy":"pwb-brand","embeddable":true,"href":"https:\/\/www.autonvaraosahaku.fi\/index.php?rest_route=%2Fwp%2Fv2%2Fpwb-brand&post=62719"},{"taxonomy":"product_cat","embeddable":true,"href":"https:\/\/www.autonvaraosahaku.fi\/index.php?rest_route=%2Fwp%2Fv2%2Fproduct_cat&post=62719"},{"taxonomy":"product_tag","embeddable":true,"href":"https:\/\/www.autonvaraosahaku.fi\/index.php?rest_route=%2Fwp%2Fv2%2Fproduct_tag&post=62719"}],"curies":[{"name":"wp","href":"https:\/\/api.w.org\/{rel}","templated":true}]}}