{"id":62723,"date":"2021-02-21T18:31:32","date_gmt":"2021-02-21T18:31:32","guid":{"rendered":"https:\/\/www.autonvaraosahaku.fi\/?product=kunzer-7ksr56-jaahdyttimen-letku"},"modified":"2021-02-21T18:31:32","modified_gmt":"2021-02-21T18:31:32","slug":"kunzer-7ksr56-jaahdyttimen-letku","status":"publish","type":"product","link":"https:\/\/www.autonvaraosahaku.fi\/?product=kunzer-7ksr56-jaahdyttimen-letku","title":{"rendered":"Kunzer 7KSR56 J\u00e4\u00e4hdyttimen letku"},"content":{"rendered":"<p>M\u00e4\u00e4r\u00e4yksikk\u00f6: Sarja; Ty\u00f6kalujen m\u00e4\u00e4r\u00e4: 56; Johtol\u00e4pimitalle [mm]: 16, 20, 24, 25, 26, 32<\/p>\n","protected":false},"excerpt":{"rendered":"<p>KUNZER J\u00e4\u00e4hdyttimen Letku 7KSR56<\/p>\n","protected":false},"featured_media":0,"template":"","meta":{"site-sidebar-layout":"default","site-content-layout":"default","ast-global-header-display":"","ast-main-header-display":"","ast-hfb-above-header-display":"","ast-hfb-below-header-display":"","ast-hfb-mobile-header-display":"","site-post-title":"","ast-breadcrumbs-content":"","ast-featured-img":"","footer-sml-layout":"","theme-transparent-header-meta":"","adv-header-id-meta":"","stick-header-meta":"","header-above-stick-meta":"","header-main-stick-meta":"","header-below-stick-meta":""},"pwb-brand":[565],"product_cat":[206],"product_tag":[],"class_list":{"0":"post-62723","1":"product","2":"type-product","3":"status-publish","5":"pwb-brand-kunzer","6":"product_cat-jaahdyttimen-letku","7":"desktop-align-left","8":"tablet-align-left","9":"mobile-align-left","11":"first","12":"instock","13":"product-type-external"},"brands":[{"id":565,"name":"Kunzer","slug":"kunzer"}],"_links":{"self":[{"href":"https:\/\/www.autonvaraosahaku.fi\/index.php?rest_route=\/wp\/v2\/product\/62723","targetHints":{"allow":["GET"]}}],"collection":[{"href":"https:\/\/www.autonvaraosahaku.fi\/index.php?rest_route=\/wp\/v2\/product"}],"about":[{"href":"https:\/\/www.autonvaraosahaku.fi\/index.php?rest_route=\/wp\/v2\/types\/product"}],"wp:attachment":[{"href":"https:\/\/www.autonvaraosahaku.fi\/index.php?rest_route=%2Fwp%2Fv2%2Fmedia&parent=62723"}],"wp:term":[{"taxonomy":"pwb-brand","embeddable":true,"href":"https:\/\/www.autonvaraosahaku.fi\/index.php?rest_route=%2Fwp%2Fv2%2Fpwb-brand&post=62723"},{"taxonomy":"product_cat","embeddable":true,"href":"https:\/\/www.autonvaraosahaku.fi\/index.php?rest_route=%2Fwp%2Fv2%2Fproduct_cat&post=62723"},{"taxonomy":"product_tag","embeddable":true,"href":"https:\/\/www.autonvaraosahaku.fi\/index.php?rest_route=%2Fwp%2Fv2%2Fproduct_tag&post=62723"}],"curies":[{"name":"wp","href":"https:\/\/api.w.org\/{rel}","templated":true}]}}