{"id":62727,"date":"2021-02-21T18:31:32","date_gmt":"2021-02-21T18:31:32","guid":{"rendered":"https:\/\/www.autonvaraosahaku.fi\/?product=fag-771-0010-30-vetonivel"},"modified":"2021-02-21T18:31:33","modified_gmt":"2021-02-21T18:31:33","slug":"fag-771-0010-30-vetonivel","status":"publish","type":"product","link":"https:\/\/www.autonvaraosahaku.fi\/?product=fag-771-0010-30-vetonivel","title":{"rendered":"FAG 771 0010 30 Vetonivel"},"content":{"rendered":"<p>Nivelmalli: Vakionopeusnivel; Ulkohammastus, py\u00f6r\u00e4npuoli: 38; Sis\u00e4hammastus, py\u00f6r\u00e4npuoli: 27; Tiivisteen l\u00e4pimitta [mm]: 59,50; Ulkol\u00e4pimitta [mm]: 98; Hammasluku, ABS-keh\u00e4: 45; Paljekumin materiaali: NBR (nitriili-butadi-kumi); Asennuspuoli: Vorderachse; VW: PASSAT Variant 3B6,PASSAT Variant 3B5,PASSAT Variant 3A5, 35I,PASSAT 3B2,PASSAT 3B3,PASSAT 3A2, 35I; AUDI: A4 8D2, B5,A4 Avant 8E5, B6,A6 Avant 4B5, C5,A4 Avant 8D5, B5,A6 4F2, C6,A6 4B2, C5,A8 4E_,A8 4D2, 4D8; SKODA: SUPERB 3U4; 3B0498099E, 3B0498099J, 3B0498099JX, 3B0498099K, 3B0498099KX, 4D0498099, 4D0498099A, 4D0498099AX, 4D0498099X, 8D0498099D, 8D0498099DX, 8D0498099E, 8D0498099EX; Nivelsarja, Vetoakseli<\/p>\n","protected":false},"excerpt":{"rendered":"<p>FAG Vetonivel 771 0010 30 Nivelsarja, Vetoakseli VW,AUDI,SKODA,PASSAT Variant 3B6,PASSAT Variant 3B5,PASSAT Variant 3A5, 35I,PASSAT 3B2,PASSAT 3B3<\/p>\n","protected":false},"featured_media":0,"template":"","meta":{"site-sidebar-layout":"default","site-content-layout":"default","ast-global-header-display":"","ast-main-header-display":"","ast-hfb-above-header-display":"","ast-hfb-below-header-display":"","ast-hfb-mobile-header-display":"","site-post-title":"","ast-breadcrumbs-content":"","ast-featured-img":"","footer-sml-layout":"","theme-transparent-header-meta":"","adv-header-id-meta":"","stick-header-meta":"","header-above-stick-meta":"","header-main-stick-meta":"","header-below-stick-meta":""},"pwb-brand":[566],"product_cat":[175],"product_tag":[],"class_list":{"0":"post-62727","1":"product","2":"type-product","3":"status-publish","5":"pwb-brand-fag","6":"product_cat-vetonivel","7":"desktop-align-left","8":"tablet-align-left","9":"mobile-align-left","11":"first","12":"instock","13":"product-type-external"},"brands":[{"id":566,"name":"FAG","slug":"fag"}],"_links":{"self":[{"href":"https:\/\/www.autonvaraosahaku.fi\/index.php?rest_route=\/wp\/v2\/product\/62727","targetHints":{"allow":["GET"]}}],"collection":[{"href":"https:\/\/www.autonvaraosahaku.fi\/index.php?rest_route=\/wp\/v2\/product"}],"about":[{"href":"https:\/\/www.autonvaraosahaku.fi\/index.php?rest_route=\/wp\/v2\/types\/product"}],"wp:attachment":[{"href":"https:\/\/www.autonvaraosahaku.fi\/index.php?rest_route=%2Fwp%2Fv2%2Fmedia&parent=62727"}],"wp:term":[{"taxonomy":"pwb-brand","embeddable":true,"href":"https:\/\/www.autonvaraosahaku.fi\/index.php?rest_route=%2Fwp%2Fv2%2Fpwb-brand&post=62727"},{"taxonomy":"product_cat","embeddable":true,"href":"https:\/\/www.autonvaraosahaku.fi\/index.php?rest_route=%2Fwp%2Fv2%2Fproduct_cat&post=62727"},{"taxonomy":"product_tag","embeddable":true,"href":"https:\/\/www.autonvaraosahaku.fi\/index.php?rest_route=%2Fwp%2Fv2%2Fproduct_tag&post=62727"}],"curies":[{"name":"wp","href":"https:\/\/api.w.org\/{rel}","templated":true}]}}