{"id":62909,"date":"2021-02-21T18:32:30","date_gmt":"2021-02-21T18:32:30","guid":{"rendered":"https:\/\/www.autonvaraosahaku.fi\/?product=fag-771-0617-30-vetonivel"},"modified":"2021-02-21T18:32:32","modified_gmt":"2021-02-21T18:32:32","slug":"fag-771-0617-30-vetonivel","status":"publish","type":"product","link":"https:\/\/www.autonvaraosahaku.fi\/?product=fag-771-0617-30-vetonivel","title":{"rendered":"FAG 771 0617 30 Vetonivel"},"content":{"rendered":"<p>Ulkohammastus, py\u00f6r\u00e4npuoli: 29; Sis\u00e4hammastus, py\u00f6r\u00e4npuoli: 35; Tiivisteen l\u00e4pimitta [mm]: 56,1; Asennuspuoli: Vorderachse; NISSAN: QASHQAI \/ QASHQAI +2 J10, JJ10,X-TRAIL T31; 39211JA00A, 39211JD22B, C9211JA00A, C9211JD22B, C92AAJD22B, C9B11JA00A, C9BAAJA00A; Nivelsarja, Vetoakseli<\/p>\n","protected":false},"excerpt":{"rendered":"<p>FAG Vetonivel 771 0617 30 Nivelsarja, Vetoakseli NISSAN,QASHQAI \/ QASHQAI +2 J10, JJ10,X-TRAIL T31<\/p>\n","protected":false},"featured_media":0,"template":"","meta":{"site-sidebar-layout":"default","site-content-layout":"default","ast-global-header-display":"","ast-main-header-display":"","ast-hfb-above-header-display":"","ast-hfb-below-header-display":"","ast-hfb-mobile-header-display":"","site-post-title":"","ast-breadcrumbs-content":"","ast-featured-img":"","footer-sml-layout":"","theme-transparent-header-meta":"","adv-header-id-meta":"","stick-header-meta":"","header-above-stick-meta":"","header-main-stick-meta":"","header-below-stick-meta":""},"pwb-brand":[566],"product_cat":[175],"product_tag":[],"class_list":{"0":"post-62909","1":"product","2":"type-product","3":"status-publish","5":"pwb-brand-fag","6":"product_cat-vetonivel","7":"desktop-align-left","8":"tablet-align-left","9":"mobile-align-left","11":"first","12":"instock","13":"product-type-external"},"brands":[{"id":566,"name":"FAG","slug":"fag"}],"_links":{"self":[{"href":"https:\/\/www.autonvaraosahaku.fi\/index.php?rest_route=\/wp\/v2\/product\/62909","targetHints":{"allow":["GET"]}}],"collection":[{"href":"https:\/\/www.autonvaraosahaku.fi\/index.php?rest_route=\/wp\/v2\/product"}],"about":[{"href":"https:\/\/www.autonvaraosahaku.fi\/index.php?rest_route=\/wp\/v2\/types\/product"}],"wp:attachment":[{"href":"https:\/\/www.autonvaraosahaku.fi\/index.php?rest_route=%2Fwp%2Fv2%2Fmedia&parent=62909"}],"wp:term":[{"taxonomy":"pwb-brand","embeddable":true,"href":"https:\/\/www.autonvaraosahaku.fi\/index.php?rest_route=%2Fwp%2Fv2%2Fpwb-brand&post=62909"},{"taxonomy":"product_cat","embeddable":true,"href":"https:\/\/www.autonvaraosahaku.fi\/index.php?rest_route=%2Fwp%2Fv2%2Fproduct_cat&post=62909"},{"taxonomy":"product_tag","embeddable":true,"href":"https:\/\/www.autonvaraosahaku.fi\/index.php?rest_route=%2Fwp%2Fv2%2Fproduct_tag&post=62909"}],"curies":[{"name":"wp","href":"https:\/\/api.w.org\/{rel}","templated":true}]}}