{"id":62953,"date":"2021-02-21T18:32:43","date_gmt":"2021-02-21T18:32:43","guid":{"rendered":"https:\/\/www.autonvaraosahaku.fi\/?product=fast-ft82248-lasinnostimen-kytkin"},"modified":"2021-02-21T18:32:46","modified_gmt":"2021-02-21T18:32:46","slug":"fast-ft82248-lasinnostimen-kytkin","status":"publish","type":"product","link":"https:\/\/www.autonvaraosahaku.fi\/?product=fast-ft82248-lasinnostimen-kytkin","title":{"rendered":"FAST FT82248 Lasinnostimen kytkin"},"content":{"rendered":"<p>Asennuspuoli: Eteen, oikea; Liittimi\u00e4: 6; J\u00e4nnite (V): 12; V\u00e4ri: Musta; Kotelomalli: Muovikotelo; M\u00e4\u00e4r\u00e4yksikk\u00f6: Sarja; IVECO: DAILY V Kasten\/Kombi,DAILY V Pritsche\/Fahrgestell,DAILY V Kipper; 5801484225; Kytkin, Lasinnostin<\/p>\n","protected":false},"excerpt":{"rendered":"<p>FAST Lasinnostimen Kytkin FT82248 Kytkin, Lasinnostin IVECO,DAILY V Kasten\/Kombi,DAILY V Pritsche\/Fahrgestell,DAILY V Kipper<\/p>\n","protected":false},"featured_media":0,"template":"","meta":{"site-sidebar-layout":"default","site-content-layout":"default","ast-global-header-display":"","ast-main-header-display":"","ast-hfb-above-header-display":"","ast-hfb-below-header-display":"","ast-hfb-mobile-header-display":"","site-post-title":"","ast-breadcrumbs-content":"","ast-featured-img":"","footer-sml-layout":"","theme-transparent-header-meta":"","adv-header-id-meta":"","stick-header-meta":"","header-above-stick-meta":"","header-main-stick-meta":"","header-below-stick-meta":""},"pwb-brand":[567],"product_cat":[135],"product_tag":[],"class_list":{"0":"post-62953","1":"product","2":"type-product","3":"status-publish","5":"pwb-brand-fast","6":"product_cat-lasinnostimen-kytkin","7":"desktop-align-left","8":"tablet-align-left","9":"mobile-align-left","11":"first","12":"instock","13":"product-type-external"},"brands":[{"id":567,"name":"FAST","slug":"fast"}],"_links":{"self":[{"href":"https:\/\/www.autonvaraosahaku.fi\/index.php?rest_route=\/wp\/v2\/product\/62953","targetHints":{"allow":["GET"]}}],"collection":[{"href":"https:\/\/www.autonvaraosahaku.fi\/index.php?rest_route=\/wp\/v2\/product"}],"about":[{"href":"https:\/\/www.autonvaraosahaku.fi\/index.php?rest_route=\/wp\/v2\/types\/product"}],"wp:attachment":[{"href":"https:\/\/www.autonvaraosahaku.fi\/index.php?rest_route=%2Fwp%2Fv2%2Fmedia&parent=62953"}],"wp:term":[{"taxonomy":"pwb-brand","embeddable":true,"href":"https:\/\/www.autonvaraosahaku.fi\/index.php?rest_route=%2Fwp%2Fv2%2Fpwb-brand&post=62953"},{"taxonomy":"product_cat","embeddable":true,"href":"https:\/\/www.autonvaraosahaku.fi\/index.php?rest_route=%2Fwp%2Fv2%2Fproduct_cat&post=62953"},{"taxonomy":"product_tag","embeddable":true,"href":"https:\/\/www.autonvaraosahaku.fi\/index.php?rest_route=%2Fwp%2Fv2%2Fproduct_tag&post=62953"}],"curies":[{"name":"wp","href":"https:\/\/api.w.org\/{rel}","templated":true}]}}