{"id":62959,"date":"2021-02-21T18:32:43","date_gmt":"2021-02-21T18:32:43","guid":{"rendered":"https:\/\/www.autonvaraosahaku.fi\/?product=fast-ft87810-sumuvalot"},"modified":"2021-02-21T18:32:47","modified_gmt":"2021-02-21T18:32:47","slug":"fast-ft87810-sumuvalot","status":"publish","type":"product","link":"https:\/\/www.autonvaraosahaku.fi\/?product=fast-ft87810-sumuvalot","title":{"rendered":"FAST FT87810 Sumuvalot"},"content":{"rendered":"<p>Asennuspuoli: Molemminpuolin; Lamppumalli: P21\/5W; Rekister\u00f6ity tyyppi: E-hyv\u00e4ksytty; Tarvittava kappalem\u00e4\u00e4r\u00e4: 2; FIAT: GRANDE PUNTO 199,DUCATO Kasten 250,500 312,DUCATO Pritsche\/Fahrgestell 250,PUNTO EVO 199,DUCATO Bus 250,500 C 312,DOBLO Kasten\/Kombi 263,PUNTO 199,PANDA 312,500L,DOBLO Gro\u00dfraumlimousine 152, 263,FIORINO Kasten\/Kombi 225,PUNTO Van 199,DOBLO Pritsche\/Fahrgestell 263,500X,TIPO Schr\u00e4gheck 356_,PANDA VAN 312,TIPO Kombi 356_,TIPO Stufenheck 356_,PUNTO EVO Van 199_; PEUGEOT: BOXER Kasten,BOXER Bus,BOXER Pritsche\/Fahrgestell; CITRO\u00cbN: JUMPER Kasten,JUMPER Bus,DS5,JUMPER Pritsche\/Fahrgestell; ALFA ROMEO: GIULIA 952_,STELVIO 949_; ABARTH: PUNTO 199_,PUNTO EVO 199_; DS: DS5; 1612502180, 9670955280, 51858824, 5801587021, 33900STKA11, 33900T0AA01, 5801587021; Sumuvalo<\/p>\n","protected":false},"excerpt":{"rendered":"<p>FAST Sumuvalot FT87810 Sumuvalo FIAT,PEUGEOT,CITRO\u00cbN,GRANDE PUNTO 199,DUCATO Kasten 250,500 312,DUCATO Pritsche\/Fahrgestell 250,PUNTO EVO 199<\/p>\n","protected":false},"featured_media":0,"template":"","meta":{"site-sidebar-layout":"default","site-content-layout":"default","ast-global-header-display":"","ast-main-header-display":"","ast-hfb-above-header-display":"","ast-hfb-below-header-display":"","ast-hfb-mobile-header-display":"","site-post-title":"","ast-breadcrumbs-content":"","ast-featured-img":"","footer-sml-layout":"","theme-transparent-header-meta":"","adv-header-id-meta":"","stick-header-meta":"","header-above-stick-meta":"","header-main-stick-meta":"","header-below-stick-meta":""},"pwb-brand":[567],"product_cat":[119],"product_tag":[],"class_list":{"0":"post-62959","1":"product","2":"type-product","3":"status-publish","5":"pwb-brand-fast","6":"product_cat-sumuvalot","7":"desktop-align-left","8":"tablet-align-left","9":"mobile-align-left","11":"first","12":"instock","13":"product-type-external"},"brands":[{"id":567,"name":"FAST","slug":"fast"}],"_links":{"self":[{"href":"https:\/\/www.autonvaraosahaku.fi\/index.php?rest_route=\/wp\/v2\/product\/62959","targetHints":{"allow":["GET"]}}],"collection":[{"href":"https:\/\/www.autonvaraosahaku.fi\/index.php?rest_route=\/wp\/v2\/product"}],"about":[{"href":"https:\/\/www.autonvaraosahaku.fi\/index.php?rest_route=\/wp\/v2\/types\/product"}],"wp:attachment":[{"href":"https:\/\/www.autonvaraosahaku.fi\/index.php?rest_route=%2Fwp%2Fv2%2Fmedia&parent=62959"}],"wp:term":[{"taxonomy":"pwb-brand","embeddable":true,"href":"https:\/\/www.autonvaraosahaku.fi\/index.php?rest_route=%2Fwp%2Fv2%2Fpwb-brand&post=62959"},{"taxonomy":"product_cat","embeddable":true,"href":"https:\/\/www.autonvaraosahaku.fi\/index.php?rest_route=%2Fwp%2Fv2%2Fproduct_cat&post=62959"},{"taxonomy":"product_tag","embeddable":true,"href":"https:\/\/www.autonvaraosahaku.fi\/index.php?rest_route=%2Fwp%2Fv2%2Fproduct_tag&post=62959"}],"curies":[{"name":"wp","href":"https:\/\/api.w.org\/{rel}","templated":true}]}}