{"id":62976,"date":"2021-02-21T18:32:49","date_gmt":"2021-02-21T18:32:49","guid":{"rendered":"https:\/\/www.autonvaraosahaku.fi\/?product=beru-z8-sytytystulpat"},"modified":"2021-02-21T18:32:53","modified_gmt":"2021-02-21T18:32:53","slug":"beru-z8-sytytystulpat","status":"publish","type":"product","link":"https:\/\/www.autonvaraosahaku.fi\/?product=beru-z8-sytytystulpat","title":{"rendered":"BERU Z8 Sytytystulpat"},"content":{"rendered":"<p>K\u00e4rkiv\u00e4li (mm): 0,8; Liittimet: SAE\/M4; Kierremitta: M14x1,25; Avainv\u00e4li: 21 mm; Sytytystulppa: 1-maaelektroodi, suoralla istukalla; Kierteen pituus (mm): 19; Teknisten tietojen numero: 14 R-8 DU; Itsepalvelupakattu, katso osaluettelo: ; Kiristysmomentti > [Nm]: 20; Kiristysmomentti enint\u00e4\u00e4n [Nm]: 30; Tuotelinja: ULTRA; Tarvittava kappalem\u00e4\u00e4r\u00e4: 6; VW: TARO,LT 28-35 I Pritsche\/Fahrgestell 281-363; RENAULT: RAPID Kasten F40_, G40_; TOYOTA: LAND CRUISER PZJ7_, KZJ7_, HZJ7_, BJ7_, LJ7_, RJ7_,HILUX V Pick-up LN_, KZN1_, VZN1_,CELICA RA2_, TA2_,HILUX IV Pick-up _N5_, _N6_,COROLLA Coupe AE86,CAMRY _V2_,HILUX II Pritsche\/Fahrgestell LN6_, LN5_, YN6_, YN5_, VZN1_,CELICA Coupe _A6_,CELICA TA60, RA40, RA6_,HIACE I Wagon LH1_, RH1_, LH3_, RH3_, LH2_, RH2_,COROLLA Liftback _E8_,1000 KP30_,COROLLA FX Compact E8B,LITEACE Bus CM30_G, KM30_G,CROWN Stufenheck _S1_,HIACE II Wagon LH7_, LH5_, LH6_, YH7_, YH6_, YH5_,CARINA II _T15_,CAMRY Station Wagon _V2_,CARINA II Stufenheck _T15_,HIACE II Kasten LH5_, YH7_, LH7_, LH6_, YH6_, YH5_,HIACE I Kasten RH1_, LH3_, RH3_, RH2_, LH2_, LH1_,MODELL F Bus _R2_, 31,COROLLA _E7_,COROLLA Liftback KE, TE,COROLLA _E8_,STARLET KP6_,COROLLA Liftback _E7_,CARINA TA4L, TA6_L,CARINA TA1_,HILUX I Pick-up LN3_, RN2_, LN4_, RN3_,CRESSIDA Stufenheck RX3_,CORONA Station Wagon RT118,CAMRY Liftback _V1_,CORONA RT1_,CRESSIDA Station Wagon RX3_,1000 Kasten KP36V_,LITEACE Bus _R2_LG,CRESSIDA Stufenheck _X6_; HYUNDAI: PONY,PONY Wagon; NISSAN: VANETTE Bus C22,SUNNY II Hatchback N13,PICK UP 720,PRAIRIE M10, NM10,VANETTE Kasten C22,LAUREL JC31,CHERRY III N12,CHERRY II Coupe N10,LAUREL HLC230,BLUEBIRD 910,CHERRY II Hatchback N10,SUNNY 140Y, 150Y,VANETTE Bus KC120,SUNNY I Traveller B11,BLUEBIRD B610,DATSUN 160 J 710, A10,BLUEBIRD Traveller W910,DATSUN 180 B PL810,CHERRY II Traveller VN10,SILVIA S110; MAZDA: B-SERIE UN,E-SERIE Kasten SR2,B-SERIE UF,121 I DA,E-SERIE Kasten,B-SERIE PE,B-SERIE UD; HONDA: CIVIC II Schr\u00e4gheck SS, SL,CIVIC I Stufenheck SF; MITSUBISHI: L 300 Bus P0_W, P1_W, P2_W,L 300 Pritsche\/Fahrgestell L03_P,L 300 Kasten L03_P,L 300 Kasten P0_W, P1_W,L 300 Bus LO3_P\/G, L0_2P,PAJERO I Canvas Top L04_G,L 200 K3_T, K2_T, K1_T, K0_T,L 400 Kasten PD_W, PC_W, PB_V, PA_W, PA_V,LANCER I A17_,CORDIA A21_A, AB,TREDIA A21_; SUZUKI: SAMURAI SJ,SJ 413,LJ 80,SJ 410 Cabrio,SJ 410,ALTO HA11,SUPER CARRY Bus ED,CARRY Kasten ST90V; ALFA ROMEO: 6 119; XH2212405BA, 404, 646, 65, 66, ERR3799, 395318110, 891418110, 1214002, 1214149, 90359815, 7700103502, 7700103503, 7700500048, 7700681299, 7700692428, 7700725302, 7701414032; Tulpat,Sytytystulppa<\/p>\n","protected":false},"excerpt":{"rendered":"<p>BERU Sytytystulpat Z8 Tulpat,Sytytystulppa VW,RENAULT,TOYOTA,TARO,LT 28-35 I Pritsche\/Fahrgestell 281-363,RAPID Kasten F40_, G40_<\/p>\n","protected":false},"featured_media":0,"template":"","meta":{"site-sidebar-layout":"default","site-content-layout":"default","ast-global-header-display":"","ast-main-header-display":"","ast-hfb-above-header-display":"","ast-hfb-below-header-display":"","ast-hfb-mobile-header-display":"","site-post-title":"","ast-breadcrumbs-content":"","ast-featured-img":"","footer-sml-layout":"","theme-transparent-header-meta":"","adv-header-id-meta":"","stick-header-meta":"","header-above-stick-meta":"","header-main-stick-meta":"","header-below-stick-meta":""},"pwb-brand":[327],"product_cat":[165],"product_tag":[],"class_list":{"0":"post-62976","1":"product","2":"type-product","3":"status-publish","5":"pwb-brand-beru","6":"product_cat-sytytystulpat","7":"desktop-align-left","8":"tablet-align-left","9":"mobile-align-left","11":"first","12":"instock","13":"product-type-external"},"brands":[{"id":327,"name":"BERU","slug":"beru"}],"_links":{"self":[{"href":"https:\/\/www.autonvaraosahaku.fi\/index.php?rest_route=\/wp\/v2\/product\/62976","targetHints":{"allow":["GET"]}}],"collection":[{"href":"https:\/\/www.autonvaraosahaku.fi\/index.php?rest_route=\/wp\/v2\/product"}],"about":[{"href":"https:\/\/www.autonvaraosahaku.fi\/index.php?rest_route=\/wp\/v2\/types\/product"}],"wp:attachment":[{"href":"https:\/\/www.autonvaraosahaku.fi\/index.php?rest_route=%2Fwp%2Fv2%2Fmedia&parent=62976"}],"wp:term":[{"taxonomy":"pwb-brand","embeddable":true,"href":"https:\/\/www.autonvaraosahaku.fi\/index.php?rest_route=%2Fwp%2Fv2%2Fpwb-brand&post=62976"},{"taxonomy":"product_cat","embeddable":true,"href":"https:\/\/www.autonvaraosahaku.fi\/index.php?rest_route=%2Fwp%2Fv2%2Fproduct_cat&post=62976"},{"taxonomy":"product_tag","embeddable":true,"href":"https:\/\/www.autonvaraosahaku.fi\/index.php?rest_route=%2Fwp%2Fv2%2Fproduct_tag&post=62976"}],"curies":[{"name":"wp","href":"https:\/\/api.w.org\/{rel}","templated":true}]}}