{"id":62980,"date":"2021-02-21T18:32:49","date_gmt":"2021-02-21T18:32:49","guid":{"rendered":"https:\/\/www.autonvaraosahaku.fi\/?product=beru-z170-sytytystulpat"},"modified":"2021-02-21T18:32:54","modified_gmt":"2021-02-21T18:32:54","slug":"beru-z170-sytytystulpat","status":"publish","type":"product","link":"https:\/\/www.autonvaraosahaku.fi\/?product=beru-z170-sytytystulpat","title":{"rendered":"BERU Z170 Sytytystulpat"},"content":{"rendered":"<p>K\u00e4rkiv\u00e4li (mm): 1; Liittimet: SAE; Kierremitta: M14x1,25; Avainv\u00e4li: 16 mm; Sytytystulppa: 1-maaelektroodi, suoralla istukalla; Kierteen pituus (mm): 19; Teknisten tietojen numero: 14 F-7 DPURU2; Kiristysmomentti > [Nm]: 20; Kiristysmomentti enint\u00e4\u00e4n [Nm]: 30; Tuotelinja: ULTRA; Tarvittava kappalem\u00e4\u00e4r\u00e4: 4; AUDI: A8 4E_; MERCEDES-BENZ: C-CLASS W203,C-CLASS T-Model S203,SLK R170,E-CLASS W210,C-CLASS Coupe CL203,E-CLASS Kombi S210,SLK R171,CLK C208,CLK C209,C-CLASS Kombi S202,S-CLASS W220,CLK Cabriolet A208,CLK Cabriolet A209,S-CLASS Coupe C215; RENAULT: WIND E4M_; MITSUBISHI: PAJERO III V7_W, V6_W,PAJERO IV V8_W, V9_W,PAJERO III Gel\u00e4ndewagen offen V6_W, V7_W; ALFA ROMEO: SPIDER 916S_,GTV 916C_; CHRYSLER: CROSSFIRE,CROSSFIRE Roadster; JAGUAR: XJ NAW, NBW; DAEWOO: TOSCA; ROVER: 25 RF,STREETWISE; MG: MG ZT- T,MG ZT,EXPRESS Kasten; 0031599303, 0031599703, 003159970326, 003159970398, A0031599303, A0031599703, A003159970326, A003159970398, A0041590703; Tulpat,Sytytystulppa<\/p>\n","protected":false},"excerpt":{"rendered":"<p>BERU Sytytystulpat Z170 Tulpat,Sytytystulppa AUDI,MERCEDES-BENZ,RENAULT,A8 4E_,C-CLASS W203,C-CLASS T-Model S203,SLK R170,E-CLASS W210<\/p>\n","protected":false},"featured_media":0,"template":"","meta":{"site-sidebar-layout":"default","site-content-layout":"default","ast-global-header-display":"","ast-main-header-display":"","ast-hfb-above-header-display":"","ast-hfb-below-header-display":"","ast-hfb-mobile-header-display":"","site-post-title":"","ast-breadcrumbs-content":"","ast-featured-img":"","footer-sml-layout":"","theme-transparent-header-meta":"","adv-header-id-meta":"","stick-header-meta":"","header-above-stick-meta":"","header-main-stick-meta":"","header-below-stick-meta":""},"pwb-brand":[327],"product_cat":[165],"product_tag":[],"class_list":{"0":"post-62980","1":"product","2":"type-product","3":"status-publish","5":"pwb-brand-beru","6":"product_cat-sytytystulpat","7":"desktop-align-left","8":"tablet-align-left","9":"mobile-align-left","11":"first","12":"instock","13":"product-type-external"},"brands":[{"id":327,"name":"BERU","slug":"beru"}],"_links":{"self":[{"href":"https:\/\/www.autonvaraosahaku.fi\/index.php?rest_route=\/wp\/v2\/product\/62980","targetHints":{"allow":["GET"]}}],"collection":[{"href":"https:\/\/www.autonvaraosahaku.fi\/index.php?rest_route=\/wp\/v2\/product"}],"about":[{"href":"https:\/\/www.autonvaraosahaku.fi\/index.php?rest_route=\/wp\/v2\/types\/product"}],"wp:attachment":[{"href":"https:\/\/www.autonvaraosahaku.fi\/index.php?rest_route=%2Fwp%2Fv2%2Fmedia&parent=62980"}],"wp:term":[{"taxonomy":"pwb-brand","embeddable":true,"href":"https:\/\/www.autonvaraosahaku.fi\/index.php?rest_route=%2Fwp%2Fv2%2Fpwb-brand&post=62980"},{"taxonomy":"product_cat","embeddable":true,"href":"https:\/\/www.autonvaraosahaku.fi\/index.php?rest_route=%2Fwp%2Fv2%2Fproduct_cat&post=62980"},{"taxonomy":"product_tag","embeddable":true,"href":"https:\/\/www.autonvaraosahaku.fi\/index.php?rest_route=%2Fwp%2Fv2%2Fproduct_tag&post=62980"}],"curies":[{"name":"wp","href":"https:\/\/api.w.org\/{rel}","templated":true}]}}