{"id":63032,"date":"2021-02-21T18:33:09","date_gmt":"2021-02-21T18:33:09","guid":{"rendered":"https:\/\/www.autonvaraosahaku.fi\/?product=febi-bilstein-13465-sytytystulpat"},"modified":"2021-02-21T18:33:11","modified_gmt":"2021-02-21T18:33:11","slug":"febi-bilstein-13465-sytytystulpat","status":"publish","type":"product","link":"https:\/\/www.autonvaraosahaku.fi\/?product=febi-bilstein-13465-sytytystulpat","title":{"rendered":"FEBI BILSTEIN 13465 Sytytystulpat"},"content":{"rendered":"<p>Ulkokierre [mm]: M14 x 1,25; Kierteen pituus (mm): 19; Avainv\u00e4li: 21; K\u00e4rkiv\u00e4li (mm): 0,7; Sytytystulppa: suoralla istukalla, 1-maaelektroodi, 1-maaelektroodi; Moottorinumero: DX; VW: POLO 86C, 80,POLO Coupe 86C, 80,SCIROCCO 53B,LT 28-35 I Kasten 281-363,LT 28-35 I Bus 281-363,LT 28-35 I Pritsche\/Fahrgestell 281-363,LT 40-55 I Pritsche\/Fahrgestell 293-909,POLO 86,PASSAT 32,LT 40-55 I Kasten 291-512; MERCEDES-BENZ: Stufenheck W123,G-CLASS W460,S-CLASS W108, W109,COUPE W111,KOMBI Kombi S123,HECKFLOSSE W111, W112; 12121257081, 12121257082, 12121353286, 12128353286, 12128636166, 12128636168, 0011594703, 0011595003, 0011595103, 0011595203, 0011596803, 0011597103, 0011598403, 0011598503, 0011598803, 0011598903, 0011599403, 0021590803, 0021591403, 0021591503, 0021591803, 0021592703, 0021594103, 0021594203, 0021595103, 0031591403, 0031595603, 1101590003, A0011594703, A0011595003, A0011595103, A0011595203, A0011596803, A0011597103, A0011598403, A0011598503, A0011598803, A0011598903, A0011599403, A0021590803, A0021591403, A0021591503, A0021591803, A0021592703, A0021594103, A0021594203, A0021595103, A0031591403, A0031595603, A1101590003, MS851024, MS851184, MS851215, MS851439, 2240175507, 22401W8917, B2401W8917, 01214025, 01214039, 01214110, 1214025, 1214039, 1214110, 596294, 596298, 5962A1, 5962AO, 5962G8, MKP00073, ZCT000012, 7700737459, 7700861471, 7701365111, 7701366087, 7701366268, 22401AA090, 0948200139, 0948200385, 000057022, 000057023A, 00057022, 00057023A, N01781112, N01781113, N01781114, N01&#8230;; Tulpat,Sytytystulppa<\/p>\n","protected":false},"excerpt":{"rendered":"<p>FEBI BILSTEIN Sytytystulpat 13465 Tulpat,Sytytystulppa VW,MERCEDES-BENZ,POLO 86C, 80,POLO Coupe 86C, 80,SCIROCCO 53B,LT 28-35 I Kasten 281-363<\/p>\n","protected":false},"featured_media":0,"template":"","meta":{"site-sidebar-layout":"default","site-content-layout":"default","ast-global-header-display":"","ast-main-header-display":"","ast-hfb-above-header-display":"","ast-hfb-below-header-display":"","ast-hfb-mobile-header-display":"","site-post-title":"","ast-breadcrumbs-content":"","ast-featured-img":"","footer-sml-layout":"","theme-transparent-header-meta":"","adv-header-id-meta":"","stick-header-meta":"","header-above-stick-meta":"","header-main-stick-meta":"","header-below-stick-meta":""},"pwb-brand":[50],"product_cat":[165],"product_tag":[],"class_list":{"0":"post-63032","1":"product","2":"type-product","3":"status-publish","5":"pwb-brand-febi-bilstein","6":"product_cat-sytytystulpat","7":"desktop-align-left","8":"tablet-align-left","9":"mobile-align-left","11":"first","12":"instock","13":"product-type-external"},"brands":[{"id":50,"name":"FEBI BILSTEIN","slug":"febi-bilstein"}],"_links":{"self":[{"href":"https:\/\/www.autonvaraosahaku.fi\/index.php?rest_route=\/wp\/v2\/product\/63032","targetHints":{"allow":["GET"]}}],"collection":[{"href":"https:\/\/www.autonvaraosahaku.fi\/index.php?rest_route=\/wp\/v2\/product"}],"about":[{"href":"https:\/\/www.autonvaraosahaku.fi\/index.php?rest_route=\/wp\/v2\/types\/product"}],"wp:attachment":[{"href":"https:\/\/www.autonvaraosahaku.fi\/index.php?rest_route=%2Fwp%2Fv2%2Fmedia&parent=63032"}],"wp:term":[{"taxonomy":"pwb-brand","embeddable":true,"href":"https:\/\/www.autonvaraosahaku.fi\/index.php?rest_route=%2Fwp%2Fv2%2Fpwb-brand&post=63032"},{"taxonomy":"product_cat","embeddable":true,"href":"https:\/\/www.autonvaraosahaku.fi\/index.php?rest_route=%2Fwp%2Fv2%2Fproduct_cat&post=63032"},{"taxonomy":"product_tag","embeddable":true,"href":"https:\/\/www.autonvaraosahaku.fi\/index.php?rest_route=%2Fwp%2Fv2%2Fproduct_tag&post=63032"}],"curies":[{"name":"wp","href":"https:\/\/api.w.org\/{rel}","templated":true}]}}