{"id":63045,"date":"2021-02-21T18:33:15","date_gmt":"2021-02-21T18:33:15","guid":{"rendered":"https:\/\/www.autonvaraosahaku.fi\/?product=trw-df2566-jarrulevyt"},"modified":"2021-02-21T18:33:16","modified_gmt":"2021-02-21T18:33:16","slug":"trw-df2566-jarrulevyt","status":"publish","type":"product","link":"https:\/\/www.autonvaraosahaku.fi\/?product=trw-df2566-jarrulevyt","title":{"rendered":"TRW DF2566 Jarrulevyt"},"content":{"rendered":"<p>Jarrulevytyyppi: Tuuletettu; Ulkol\u00e4pimitta [mm]: 284; Jarrulevyn paksuus (mm): 22; V\u00e4himm\u00e4ispaksuus (mm): 20,2; keskitt\u00e4misl\u00e4pimitta [mm]: 59; Korkeus (mm): 43,5; Reikien m\u00e4\u00e4r\u00e4: 4; Kierremitta: 13; Reik\u00e4ympyr\u00e4-\u00d8 [mm]: 98; V\u00e4ri: Musta; Pinta: Lakattu; Tarkistuskilpi: E1 90R 02 C0176\/0573; Asennuspuoli: Vorderachse; ABARTH: 500 \/ 595 312_,500C \/ 595C 312_; LANCIA: DELTA III 844,MUSA 350,LYBRA SW 839BX,DELTA I 831AB0,LYBRA 839AX,THEMA 834,DELTA II 836,THEMA SW 834; FIAT: STILO 192,BRAVO II 198,DOBLO Cargo 223,STILO Multi Wagon 192,DOBLO 119,IDEA,COUPE FA\/175,QUBO 225,BRAVO I 182,MAREA Weekend 185,FIORINO Kasten\/Kombi 225,LINEA 323,CROMA 154,MAREA 185; ALFA ROMEO: 155 167; 0060812422, 46403088, 46403959, 46445004, 46445892, 46448168, 46455804, 46455892, 60806135, 60812164, 60812422, 60813038, 71739569, 82450657, 0000060811878, 0000060812164, 0000060813038, 0046455892, 0060806135, 0060810404, 46445004, 46455892, 60806135, 60810404, 60812164, 60813038, 71739569, 0060812422, 0082433918, 0082440356, 0082451746, 46403088, 46403959, 46445004, 46445892, 46448168, 46455804, 46455892, 60806135, 60812164, 60812422, 60813038, 71739569, 82433918, 82440356, 82450657, 82451746, 0060812422, 46403088, 46455892, 46758714, 60812422, 60813038, 71739569, 71769483, 82433918, 82440356, 82450657, 82451746; Jarrulevy<\/p>\n","protected":false},"excerpt":{"rendered":"<p>TRW Jarrulevyt DF2566 Jarrulevy ABARTH,LANCIA,FIAT,500 \/ 595 312_,500C \/ 595C 312_,DELTA III 844,MUSA 350,LYBRA SW 839BX,DELTA I 831AB0,LYBRA 839AX<\/p>\n","protected":false},"featured_media":0,"template":"","meta":{"site-sidebar-layout":"default","site-content-layout":"default","ast-global-header-display":"","ast-main-header-display":"","ast-hfb-above-header-display":"","ast-hfb-below-header-display":"","ast-hfb-mobile-header-display":"","site-post-title":"","ast-breadcrumbs-content":"","ast-featured-img":"","footer-sml-layout":"","theme-transparent-header-meta":"","adv-header-id-meta":"","stick-header-meta":"","header-above-stick-meta":"","header-main-stick-meta":"","header-below-stick-meta":""},"pwb-brand":[332],"product_cat":[66],"product_tag":[],"class_list":{"0":"post-63045","1":"product","2":"type-product","3":"status-publish","5":"pwb-brand-trw","6":"product_cat-jarrulevyt","7":"desktop-align-left","8":"tablet-align-left","9":"mobile-align-left","11":"first","12":"instock","13":"product-type-external"},"brands":[{"id":332,"name":"TRW","slug":"trw"}],"_links":{"self":[{"href":"https:\/\/www.autonvaraosahaku.fi\/index.php?rest_route=\/wp\/v2\/product\/63045","targetHints":{"allow":["GET"]}}],"collection":[{"href":"https:\/\/www.autonvaraosahaku.fi\/index.php?rest_route=\/wp\/v2\/product"}],"about":[{"href":"https:\/\/www.autonvaraosahaku.fi\/index.php?rest_route=\/wp\/v2\/types\/product"}],"wp:attachment":[{"href":"https:\/\/www.autonvaraosahaku.fi\/index.php?rest_route=%2Fwp%2Fv2%2Fmedia&parent=63045"}],"wp:term":[{"taxonomy":"pwb-brand","embeddable":true,"href":"https:\/\/www.autonvaraosahaku.fi\/index.php?rest_route=%2Fwp%2Fv2%2Fpwb-brand&post=63045"},{"taxonomy":"product_cat","embeddable":true,"href":"https:\/\/www.autonvaraosahaku.fi\/index.php?rest_route=%2Fwp%2Fv2%2Fproduct_cat&post=63045"},{"taxonomy":"product_tag","embeddable":true,"href":"https:\/\/www.autonvaraosahaku.fi\/index.php?rest_route=%2Fwp%2Fv2%2Fproduct_tag&post=63045"}],"curies":[{"name":"wp","href":"https:\/\/api.w.org\/{rel}","templated":true}]}}