{"id":63059,"date":"2021-02-21T18:33:15","date_gmt":"2021-02-21T18:33:15","guid":{"rendered":"https:\/\/www.autonvaraosahaku.fi\/?product=vaico-v20-0646-oljynsuodatin"},"modified":"2021-02-21T18:33:20","modified_gmt":"2021-02-21T18:33:20","slug":"vaico-v20-0646-oljynsuodatin","status":"publish","type":"product","link":"https:\/\/www.autonvaraosahaku.fi\/?product=vaico-v20-0646-oljynsuodatin","title":{"rendered":"VAICO V20-0646 \u00d6ljynsuodatin"},"content":{"rendered":"<p>Sis\u00e4l\u00e4pimitta 1 [mm]: 31; Sis\u00e4l\u00e4pimitta [mm]: 31; Lis\u00e4tarvike\/lis\u00e4tieto: Tiivisteill\u00e4; Suodatintyyppi: Suodatinpanos; Korkeus (mm): 153; Ulkol\u00e4pimitta [mm]: 63,5; Paino [kg]: 0,094; Pakkausleveys [cm]: 6,9; Pakkauskorkeus [mm]: 16,4; Pakkaussyvyys [cm]: 6,9; lis\u00e4tieto: CST97; Moottorinumero: M57 D30 (306D3); BMW: 3 E46,3 Touring E91,3 E90,5 E60,1 E87,5 Touring E61,3 Touring E46,X3 E83,3 Coupe E46,1 E81,X5 E70,X5 E53,3 Coupe E92,3 Cabriolet E46,3 Cabriolet E93,7 E65, E66, E67,X6 E71, E72,6 E63,6 Cabriolet E64; 11427788460, 11428513377, 7788460, 8513377<\/p>\n","protected":false},"excerpt":{"rendered":"<p>VAICO \u00d6ljynsuodatin V20-0646  BMW,3 E46,3 Touring E91,3 E90,5 E60,1 E87,5 Touring E61,3 Touring E46,X3 E83,3 Coupe E46,1 E81,X5 E70,X5 E53,3 Coupe E92<\/p>\n","protected":false},"featured_media":0,"template":"","meta":{"site-sidebar-layout":"default","site-content-layout":"default","ast-global-header-display":"","ast-main-header-display":"","ast-hfb-above-header-display":"","ast-hfb-below-header-display":"","ast-hfb-mobile-header-display":"","site-post-title":"","ast-breadcrumbs-content":"","ast-featured-img":"","footer-sml-layout":"","theme-transparent-header-meta":"","adv-header-id-meta":"","stick-header-meta":"","header-above-stick-meta":"","header-main-stick-meta":"","header-below-stick-meta":""},"pwb-brand":[330],"product_cat":[30],"product_tag":[],"class_list":{"0":"post-63059","1":"product","2":"type-product","3":"status-publish","5":"pwb-brand-vaico","6":"product_cat-oljynsuodatin","7":"desktop-align-left","8":"tablet-align-left","9":"mobile-align-left","11":"first","12":"instock","13":"product-type-external"},"brands":[{"id":330,"name":"VAICO","slug":"vaico"}],"_links":{"self":[{"href":"https:\/\/www.autonvaraosahaku.fi\/index.php?rest_route=\/wp\/v2\/product\/63059","targetHints":{"allow":["GET"]}}],"collection":[{"href":"https:\/\/www.autonvaraosahaku.fi\/index.php?rest_route=\/wp\/v2\/product"}],"about":[{"href":"https:\/\/www.autonvaraosahaku.fi\/index.php?rest_route=\/wp\/v2\/types\/product"}],"wp:attachment":[{"href":"https:\/\/www.autonvaraosahaku.fi\/index.php?rest_route=%2Fwp%2Fv2%2Fmedia&parent=63059"}],"wp:term":[{"taxonomy":"pwb-brand","embeddable":true,"href":"https:\/\/www.autonvaraosahaku.fi\/index.php?rest_route=%2Fwp%2Fv2%2Fpwb-brand&post=63059"},{"taxonomy":"product_cat","embeddable":true,"href":"https:\/\/www.autonvaraosahaku.fi\/index.php?rest_route=%2Fwp%2Fv2%2Fproduct_cat&post=63059"},{"taxonomy":"product_tag","embeddable":true,"href":"https:\/\/www.autonvaraosahaku.fi\/index.php?rest_route=%2Fwp%2Fv2%2Fproduct_tag&post=63059"}],"curies":[{"name":"wp","href":"https:\/\/api.w.org\/{rel}","templated":true}]}}