{"id":63078,"date":"2021-02-21T18:33:22","date_gmt":"2021-02-21T18:33:22","guid":{"rendered":"https:\/\/www.autonvaraosahaku.fi\/?product=meyle-028-271-0001-termostaatti"},"modified":"2021-02-21T18:33:27","modified_gmt":"2021-02-21T18:33:27","slug":"meyle-028-271-0001-termostaatti","status":"publish","type":"product","link":"https:\/\/www.autonvaraosahaku.fi\/?product=meyle-028-271-0001-termostaatti","title":{"rendered":"MEYLE 028 271 0001 Termostaatti"},"content":{"rendered":"<p>Avausl\u00e4mp\u00f6tila [\u00b0C]: 71; Lis\u00e4tarvike\/lis\u00e4tieto: Tiivisteill\u00e4; lis\u00e4tieto: ORIGINAL Quality; MERCEDES-BENZ: C-CLASS W202,190 W201,Stufenheck W124,SL R129,SL R107,Stufenheck W123,S-CLASS W126,E-CLASS W124,G-CLASS W463,G-CLASS W460,S-CLASS W140,E-CLASS Kombi S124,S-CLASS W116,G-CLASS W461,T1 Bus 601,E-CLASS Cabriolet A124,SL Coupe C107,E-CLASS Coupe C124,T2\/L Kasten\/Kombi,T1 Pritsche\/Fahrgestell 601,T2\/LN1 Kasten\/Kombi,T1 Kasten 601,CABRIOLET A124,T2\/L Pritsche\/Fahrgestell,T2\/LN1 Pritsche\/Fahrgestell; 0022037675, 0022038175, 0032036975, 0032037375, 1022000815, 1022000915, 1102000515, 1102000615; Termostaatti, J\u00e4\u00e4hdytysneste<\/p>\n","protected":false},"excerpt":{"rendered":"<p>MEYLE Termostaatti 028 271 0001 Termostaatti, J\u00e4\u00e4hdytysneste MERCEDES-BENZ,C-CLASS W202,190 W201,Stufenheck W124,SL R129,SL R107,Stufenheck W123<\/p>\n","protected":false},"featured_media":0,"template":"","meta":{"site-sidebar-layout":"default","site-content-layout":"default","ast-global-header-display":"","ast-main-header-display":"","ast-hfb-above-header-display":"","ast-hfb-below-header-display":"","ast-hfb-mobile-header-display":"","site-post-title":"","ast-breadcrumbs-content":"","ast-featured-img":"","footer-sml-layout":"","theme-transparent-header-meta":"","adv-header-id-meta":"","stick-header-meta":"","header-above-stick-meta":"","header-main-stick-meta":"","header-below-stick-meta":""},"pwb-brand":[84],"product_cat":[174],"product_tag":[],"class_list":{"0":"post-63078","1":"product","2":"type-product","3":"status-publish","5":"pwb-brand-meyle","6":"product_cat-termostaatti","7":"desktop-align-left","8":"tablet-align-left","9":"mobile-align-left","11":"first","12":"instock","13":"product-type-external"},"brands":[{"id":84,"name":"MEYLE","slug":"meyle"}],"_links":{"self":[{"href":"https:\/\/www.autonvaraosahaku.fi\/index.php?rest_route=\/wp\/v2\/product\/63078","targetHints":{"allow":["GET"]}}],"collection":[{"href":"https:\/\/www.autonvaraosahaku.fi\/index.php?rest_route=\/wp\/v2\/product"}],"about":[{"href":"https:\/\/www.autonvaraosahaku.fi\/index.php?rest_route=\/wp\/v2\/types\/product"}],"wp:attachment":[{"href":"https:\/\/www.autonvaraosahaku.fi\/index.php?rest_route=%2Fwp%2Fv2%2Fmedia&parent=63078"}],"wp:term":[{"taxonomy":"pwb-brand","embeddable":true,"href":"https:\/\/www.autonvaraosahaku.fi\/index.php?rest_route=%2Fwp%2Fv2%2Fpwb-brand&post=63078"},{"taxonomy":"product_cat","embeddable":true,"href":"https:\/\/www.autonvaraosahaku.fi\/index.php?rest_route=%2Fwp%2Fv2%2Fproduct_cat&post=63078"},{"taxonomy":"product_tag","embeddable":true,"href":"https:\/\/www.autonvaraosahaku.fi\/index.php?rest_route=%2Fwp%2Fv2%2Fproduct_tag&post=63078"}],"curies":[{"name":"wp","href":"https:\/\/api.w.org\/{rel}","templated":true}]}}