{"id":63099,"date":"2021-02-21T18:33:28","date_gmt":"2021-02-21T18:33:28","guid":{"rendered":"https:\/\/www.autonvaraosahaku.fi\/?product=corteco-20020389b-kampiakselin-tiiviste"},"modified":"2021-02-21T18:33:33","modified_gmt":"2021-02-21T18:33:33","slug":"corteco-20020389b-kampiakselin-tiiviste","status":"publish","type":"product","link":"https:\/\/www.autonvaraosahaku.fi\/?product=corteco-20020389b-kampiakselin-tiiviste","title":{"rendered":"CORTECO 20020389B Kampiakselin tiiviste"},"content":{"rendered":"<p>Asennuspuoli: Etup\u00e4\u00e4; Sis\u00e4l\u00e4pimitta 1 [mm]: 42; Ulkol\u00e4pimitta 1 [mm]: 55; Korkeus 1 (mm): 7; Materiaali: FPM (fluori-kumi)\/APM (polyakryyli-kumi); Suojavaippa: Suojakumilla; Rihlamalli: Oikea kierre; Moottorinumero: Z14XEP; VW: PASSAT Variant 32B; BMW: 3 Coupe E36,02 E10,3 E21,7 E23; JEEP: COMPASS MK49,PATRIOT MK74; KIA: MAGENTIS MG; HYUNDAI: SONATA II Y-2; SAAB: 9-3 YS3F,9-3 Kombi YS3F,9-3 Cabriolet YS3F,9-5 YS3G,9-3X; SUZUKI: WAGON R; MERCEDES-BENZ: E-CLASS Coupe C124; OPEL: CORSA D,CORSA C F08, F68,ZAFIRA B A05,ASTRA H Caravan L35,MERIVA,ZAFIRA A F75_,ASTRA G CC F48_, F08_,ASTRA H L48,ASTRA J Sports Tourer,ASTRA G Caravan F35_,CORSA B 73_, 78_, 79_,INSIGNIA Caravan,VECTRA C Caravan,ASTRA J,ASTRA H GTC L08,MERIVA B,SIGNUM,VECTRA C,AGILA A H00,ZAFIRA TOURER C P12,VECTRA B 36_,MOKKA,ADAM,VECTRA C GTS,ANTARA,TIGRA TwinTop,VECTRA B Caravan 31_,INSIGNIA,ASTRA G Cabriolet F67,INSIGNIA Stufenheck,FRONTERA B 6B_,ASTRA G Coupe F07_,COMBO Kasten\/Kombi,ASTRA G Stufenheck F69_,ASTRA GTC J,VECTRA B CC 38_,COMBO Tour,ASTRA J Stufenheck,CORSA D Van,GT Cabriolet,CASCADA W13,CORSA C Kasten F08, W5L,KADETT B,MONTEREY A UBS_,AMPERA,MONTEREY B,CORSA E; CHRYSLER: SEBRING JS; 12609467, 71739386, 12609467, 4812899, 638199, 90571925, 90571925, 12609467, 4812899, 638199, 90571925; Akselitiiviste, Kampiakseli<\/p>\n","protected":false},"excerpt":{"rendered":"<p>CORTECO Kampiakselin Tiiviste 20020389B Akselitiiviste, Kampiakseli VW,BMW,JEEP,PASSAT Variant 32B,3 Coupe E36,02 E10,3 E21,7 E23,COMPASS MK49<\/p>\n","protected":false},"featured_media":0,"template":"","meta":{"site-sidebar-layout":"default","site-content-layout":"default","ast-global-header-display":"","ast-main-header-display":"","ast-hfb-above-header-display":"","ast-hfb-below-header-display":"","ast-hfb-mobile-header-display":"","site-post-title":"","ast-breadcrumbs-content":"","ast-featured-img":"","footer-sml-layout":"","theme-transparent-header-meta":"","adv-header-id-meta":"","stick-header-meta":"","header-above-stick-meta":"","header-main-stick-meta":"","header-below-stick-meta":""},"pwb-brand":[53],"product_cat":[88],"product_tag":[],"class_list":{"0":"post-63099","1":"product","2":"type-product","3":"status-publish","5":"pwb-brand-corteco","6":"product_cat-kampiakselin-tiiviste","7":"desktop-align-left","8":"tablet-align-left","9":"mobile-align-left","11":"first","12":"instock","13":"product-type-external"},"brands":[{"id":53,"name":"CORTECO","slug":"corteco"}],"_links":{"self":[{"href":"https:\/\/www.autonvaraosahaku.fi\/index.php?rest_route=\/wp\/v2\/product\/63099","targetHints":{"allow":["GET"]}}],"collection":[{"href":"https:\/\/www.autonvaraosahaku.fi\/index.php?rest_route=\/wp\/v2\/product"}],"about":[{"href":"https:\/\/www.autonvaraosahaku.fi\/index.php?rest_route=\/wp\/v2\/types\/product"}],"wp:attachment":[{"href":"https:\/\/www.autonvaraosahaku.fi\/index.php?rest_route=%2Fwp%2Fv2%2Fmedia&parent=63099"}],"wp:term":[{"taxonomy":"pwb-brand","embeddable":true,"href":"https:\/\/www.autonvaraosahaku.fi\/index.php?rest_route=%2Fwp%2Fv2%2Fpwb-brand&post=63099"},{"taxonomy":"product_cat","embeddable":true,"href":"https:\/\/www.autonvaraosahaku.fi\/index.php?rest_route=%2Fwp%2Fv2%2Fproduct_cat&post=63099"},{"taxonomy":"product_tag","embeddable":true,"href":"https:\/\/www.autonvaraosahaku.fi\/index.php?rest_route=%2Fwp%2Fv2%2Fproduct_tag&post=63099"}],"curies":[{"name":"wp","href":"https:\/\/api.w.org\/{rel}","templated":true}]}}