{"id":63116,"date":"2021-02-21T18:33:35","date_gmt":"2021-02-21T18:33:35","guid":{"rendered":"https:\/\/www.autonvaraosahaku.fi\/?product=japanparts-pa-343af-jarrupalat"},"modified":"2021-02-21T18:33:39","modified_gmt":"2021-02-21T18:33:39","slug":"japanparts-pa-343af-jarrupalat","status":"publish","type":"product","link":"https:\/\/www.autonvaraosahaku.fi\/?product=japanparts-pa-343af-jarrupalat","title":{"rendered":"JAPANPARTS PA-343AF Jarrupalat"},"content":{"rendered":"<p>Asennuspuoli: Etuakseli; Jarrutyyppi: Levyjarru; Pituus (mm): 126; Korkeus (mm): 52; Paksuus [mm]: 16,5; Tarkistuskilpi: ECE R90 APPROVED; WVA-numero: 24283, 24284; M\u00e4\u00e4r\u00e4yksikk\u00f6: Akselisarja; VIN-koodi: TSM; MAZDA: 2 DE; SUZUKI: SWIFT III MZ, EZ,SWIFT IV FZ, NZ; DAIHATSU: SIRION M3_,MATERIA M4_; 04465B1120, 04465B1190, 04465B1191, 04465B1280, 04465B1310, 04465B1320, 04465B1320000, 04491B1030, 04491B1120, 5581068L00, 5581068L50, D0YN3328ZA, D0YN3328ZB, DFY13328Z, DFY13328ZA, DFY13329ZA, 04465B1320, 5581052R50, 5581068L00, 5581068L00000, 5581068L50, 5581068L50000, 5581071L50000, 5581071L51, 5581071L51000, 55810M69P50, 55810M69P50000; Jarrupalasarja,Jarrupala, Levyjarru<\/p>\n","protected":false},"excerpt":{"rendered":"<p>JAPANPARTS Jarrupalat PA-343AF Jarrupalasarja,Jarrupala, Levyjarru MAZDA,SUZUKI,DAIHATSU,2 DE,SWIFT III MZ, EZ,SWIFT IV FZ, NZ,SIRION M3_,MATERIA M4_<\/p>\n","protected":false},"featured_media":0,"template":"","meta":{"site-sidebar-layout":"default","site-content-layout":"default","ast-global-header-display":"","ast-main-header-display":"","ast-hfb-above-header-display":"","ast-hfb-below-header-display":"","ast-hfb-mobile-header-display":"","site-post-title":"","ast-breadcrumbs-content":"","ast-featured-img":"","footer-sml-layout":"","theme-transparent-header-meta":"","adv-header-id-meta":"","stick-header-meta":"","header-above-stick-meta":"","header-main-stick-meta":"","header-below-stick-meta":""},"pwb-brand":[334],"product_cat":[100],"product_tag":[],"class_list":{"0":"post-63116","1":"product","2":"type-product","3":"status-publish","5":"pwb-brand-japanparts","6":"product_cat-jarrupalat","7":"desktop-align-left","8":"tablet-align-left","9":"mobile-align-left","11":"first","12":"instock","13":"product-type-external"},"brands":[{"id":334,"name":"JAPANPARTS","slug":"japanparts"}],"_links":{"self":[{"href":"https:\/\/www.autonvaraosahaku.fi\/index.php?rest_route=\/wp\/v2\/product\/63116","targetHints":{"allow":["GET"]}}],"collection":[{"href":"https:\/\/www.autonvaraosahaku.fi\/index.php?rest_route=\/wp\/v2\/product"}],"about":[{"href":"https:\/\/www.autonvaraosahaku.fi\/index.php?rest_route=\/wp\/v2\/types\/product"}],"wp:attachment":[{"href":"https:\/\/www.autonvaraosahaku.fi\/index.php?rest_route=%2Fwp%2Fv2%2Fmedia&parent=63116"}],"wp:term":[{"taxonomy":"pwb-brand","embeddable":true,"href":"https:\/\/www.autonvaraosahaku.fi\/index.php?rest_route=%2Fwp%2Fv2%2Fpwb-brand&post=63116"},{"taxonomy":"product_cat","embeddable":true,"href":"https:\/\/www.autonvaraosahaku.fi\/index.php?rest_route=%2Fwp%2Fv2%2Fproduct_cat&post=63116"},{"taxonomy":"product_tag","embeddable":true,"href":"https:\/\/www.autonvaraosahaku.fi\/index.php?rest_route=%2Fwp%2Fv2%2Fproduct_tag&post=63116"}],"curies":[{"name":"wp","href":"https:\/\/api.w.org\/{rel}","templated":true}]}}