{"id":63120,"date":"2021-02-21T18:33:35","date_gmt":"2021-02-21T18:33:35","guid":{"rendered":"https:\/\/www.autonvaraosahaku.fi\/?product=japanparts-fo-eco077-oljynsuodatin"},"modified":"2021-02-21T18:33:40","modified_gmt":"2021-02-21T18:33:40","slug":"japanparts-fo-eco077-oljynsuodatin","status":"publish","type":"product","link":"https:\/\/www.autonvaraosahaku.fi\/?product=japanparts-fo-eco077-oljynsuodatin","title":{"rendered":"JAPANPARTS FO-ECO077 \u00d6ljynsuodatin"},"content":{"rendered":"<p>Suodatintyyppi: Suodatinpanos; Pituus (mm): 67; Ulkol\u00e4pimitta [mm]: 70; Sis\u00e4l\u00e4pimitta [mm]: 29; Valmistusvuosi alkaen: 11\/2008; LEXUS: RX MHU3_, GSU3_, MCU3_,RX GYL1_, GGL15, AGL10,NX ZGZ1_, AGZ1_, AYZ1_; SUBARU: TREZIA; TOYOTA: YARIS SCP9_, NSP9_, KSP9_, NCP9_, ZSP9_,YARIS NHP13_, NSP13_, NCP13_, KSP13_, NLP13_,AURIS NZE18_, ZRE18_,IQ KPJ1_, NGJ1_, KGJ1_, NUJ1_,URBAN CRUISER NSP1_, NLP1_, ZSP1_, NCP11_,SIENNA ASL3_, GSL3_; 0415231090, 04152YZZA1, A132E6399S, 041520V010, 0415231090, 0415231110, 04152YZZA1, 04152YZZA8<\/p>\n","protected":false},"excerpt":{"rendered":"<p>JAPANPARTS \u00d6ljynsuodatin FO-ECO077  LEXUS,SUBARU,TOYOTA,RX MHU3_, GSU3_, MCU3_,RX GYL1_, GGL15, AGL10,NX ZGZ1_, AGZ1_, AYZ1_,TREZIA<\/p>\n","protected":false},"featured_media":0,"template":"","meta":{"site-sidebar-layout":"default","site-content-layout":"default","ast-global-header-display":"","ast-main-header-display":"","ast-hfb-above-header-display":"","ast-hfb-below-header-display":"","ast-hfb-mobile-header-display":"","site-post-title":"","ast-breadcrumbs-content":"","ast-featured-img":"","footer-sml-layout":"","theme-transparent-header-meta":"","adv-header-id-meta":"","stick-header-meta":"","header-above-stick-meta":"","header-main-stick-meta":"","header-below-stick-meta":""},"pwb-brand":[334],"product_cat":[30],"product_tag":[],"class_list":{"0":"post-63120","1":"product","2":"type-product","3":"status-publish","5":"pwb-brand-japanparts","6":"product_cat-oljynsuodatin","7":"desktop-align-left","8":"tablet-align-left","9":"mobile-align-left","11":"first","12":"instock","13":"product-type-external"},"brands":[{"id":334,"name":"JAPANPARTS","slug":"japanparts"}],"_links":{"self":[{"href":"https:\/\/www.autonvaraosahaku.fi\/index.php?rest_route=\/wp\/v2\/product\/63120","targetHints":{"allow":["GET"]}}],"collection":[{"href":"https:\/\/www.autonvaraosahaku.fi\/index.php?rest_route=\/wp\/v2\/product"}],"about":[{"href":"https:\/\/www.autonvaraosahaku.fi\/index.php?rest_route=\/wp\/v2\/types\/product"}],"wp:attachment":[{"href":"https:\/\/www.autonvaraosahaku.fi\/index.php?rest_route=%2Fwp%2Fv2%2Fmedia&parent=63120"}],"wp:term":[{"taxonomy":"pwb-brand","embeddable":true,"href":"https:\/\/www.autonvaraosahaku.fi\/index.php?rest_route=%2Fwp%2Fv2%2Fpwb-brand&post=63120"},{"taxonomy":"product_cat","embeddable":true,"href":"https:\/\/www.autonvaraosahaku.fi\/index.php?rest_route=%2Fwp%2Fv2%2Fproduct_cat&post=63120"},{"taxonomy":"product_tag","embeddable":true,"href":"https:\/\/www.autonvaraosahaku.fi\/index.php?rest_route=%2Fwp%2Fv2%2Fproduct_tag&post=63120"}],"curies":[{"name":"wp","href":"https:\/\/api.w.org\/{rel}","templated":true}]}}