{"id":63132,"date":"2021-02-21T18:33:41","date_gmt":"2021-02-21T18:33:41","guid":{"rendered":"https:\/\/www.autonvaraosahaku.fi\/?product=febi-bilstein-03423-hydrauliikkasuodatin"},"modified":"2021-02-21T18:33:44","modified_gmt":"2021-02-21T18:33:44","slug":"febi-bilstein-03423-hydrauliikkasuodatin","status":"publish","type":"product","link":"https:\/\/www.autonvaraosahaku.fi\/?product=febi-bilstein-03423-hydrauliikkasuodatin","title":{"rendered":"FEBI BILSTEIN 03423 Hydrauliikkasuodatin"},"content":{"rendered":"<p>Paksuus [mm]: 25,9; Sis\u00e4l\u00e4pimitta [mm]: 34,65; Ulkol\u00e4pimitta [mm]: 80,4, 78,0; Materiaali: Paperi; Pinta: Sinkitetty; Paino [kg]: 0,09, 0,09; Moottorinumero: M102; MERCEDES-BENZ: 190 W201,Stufenheck W124,SL R129,SL R107,Stufenheck W123,S-CLASS W126,KOMBI Kombi S124,E-CLASS W124,G-CLASS W463,COUPE C124,G-CLASS W460,S-CLASS W140,COUPE C123,S-CLASS W116,S-CLASS Coupe C126,G-CLASS W461,KOMBI Kombi S123,SL Coupe C107,S-CLASS Coupe C140,CABRIOLET A124,G-CLASS Cabrio W463; 0004660538, 0004660704, 0004661604, 0004662104, A0004660538, A0004660704, A0004661604, A0004662104<\/p>\n","protected":false},"excerpt":{"rendered":"<p>FEBI BILSTEIN Hydrauliikkasuodatin, Ohjaus 03423  MERCEDES-BENZ,190 W201,Stufenheck W124,SL R129,SL R107,Stufenheck W123,S-CLASS W126,KOMBI Kombi S124<\/p>\n","protected":false},"featured_media":0,"template":"","meta":{"site-sidebar-layout":"default","site-content-layout":"default","ast-global-header-display":"","ast-main-header-display":"","ast-hfb-above-header-display":"","ast-hfb-below-header-display":"","ast-hfb-mobile-header-display":"","site-post-title":"","ast-breadcrumbs-content":"","ast-featured-img":"","footer-sml-layout":"","theme-transparent-header-meta":"","adv-header-id-meta":"","stick-header-meta":"","header-above-stick-meta":"","header-main-stick-meta":"","header-below-stick-meta":""},"pwb-brand":[50],"product_cat":[104],"product_tag":[],"class_list":{"0":"post-63132","1":"product","2":"type-product","3":"status-publish","5":"pwb-brand-febi-bilstein","6":"product_cat-hydrauliikkasuodatin","7":"desktop-align-left","8":"tablet-align-left","9":"mobile-align-left","11":"first","12":"instock","13":"product-type-external"},"brands":[{"id":50,"name":"FEBI BILSTEIN","slug":"febi-bilstein"}],"_links":{"self":[{"href":"https:\/\/www.autonvaraosahaku.fi\/index.php?rest_route=\/wp\/v2\/product\/63132","targetHints":{"allow":["GET"]}}],"collection":[{"href":"https:\/\/www.autonvaraosahaku.fi\/index.php?rest_route=\/wp\/v2\/product"}],"about":[{"href":"https:\/\/www.autonvaraosahaku.fi\/index.php?rest_route=\/wp\/v2\/types\/product"}],"wp:attachment":[{"href":"https:\/\/www.autonvaraosahaku.fi\/index.php?rest_route=%2Fwp%2Fv2%2Fmedia&parent=63132"}],"wp:term":[{"taxonomy":"pwb-brand","embeddable":true,"href":"https:\/\/www.autonvaraosahaku.fi\/index.php?rest_route=%2Fwp%2Fv2%2Fpwb-brand&post=63132"},{"taxonomy":"product_cat","embeddable":true,"href":"https:\/\/www.autonvaraosahaku.fi\/index.php?rest_route=%2Fwp%2Fv2%2Fproduct_cat&post=63132"},{"taxonomy":"product_tag","embeddable":true,"href":"https:\/\/www.autonvaraosahaku.fi\/index.php?rest_route=%2Fwp%2Fv2%2Fproduct_tag&post=63132"}],"curies":[{"name":"wp","href":"https:\/\/api.w.org\/{rel}","templated":true}]}}