{"id":63141,"date":"2021-02-21T18:33:41","date_gmt":"2021-02-21T18:33:41","guid":{"rendered":"https:\/\/www.autonvaraosahaku.fi\/?product=febi-bilstein-01783-konepellin-kaasujousi"},"modified":"2021-02-21T18:33:47","modified_gmt":"2021-02-21T18:33:47","slug":"febi-bilstein-01783-konepellin-kaasujousi","status":"publish","type":"product","link":"https:\/\/www.autonvaraosahaku.fi\/?product=febi-bilstein-01783-konepellin-kaasujousi","title":{"rendered":"FEBI BILSTEIN 01783 Konepellin kaasujousi"},"content":{"rendered":"<p>Kotelon pituus [mm]: 193,5; Pituus (mm): 366,5; Kiinnityspisteiden l\u00e4pimitta [mm]: 8; Kopan l\u00e4pimitta (mm): 15; M\u00e4nn\u00e4nvarren l\u00e4pimitta [mm]: 6; Ty\u00f6nt\u00f6voima [N]: 320; Asennuspuoli: Molemminpuolin; Isku (mm): 146; Paino [kg]: 0,137, 0,137; Moottorinumero: M40; BMW: 3 Compact E36,3 E36,3 Touring E36; 51231960852; Kaasujousi, Konepelti<\/p>\n","protected":false},"excerpt":{"rendered":"<p>FEBI BILSTEIN Konepellin Kaasujousi 01783 Kaasujousi, Konepelti BMW,3 Compact E36,3 E36,3 Touring E36<\/p>\n","protected":false},"featured_media":0,"template":"","meta":{"site-sidebar-layout":"default","site-content-layout":"default","ast-global-header-display":"","ast-main-header-display":"","ast-hfb-above-header-display":"","ast-hfb-below-header-display":"","ast-hfb-mobile-header-display":"","site-post-title":"","ast-breadcrumbs-content":"","ast-featured-img":"","footer-sml-layout":"","theme-transparent-header-meta":"","adv-header-id-meta":"","stick-header-meta":"","header-above-stick-meta":"","header-main-stick-meta":"","header-below-stick-meta":""},"pwb-brand":[50],"product_cat":[194],"product_tag":[],"class_list":{"0":"post-63141","1":"product","2":"type-product","3":"status-publish","5":"pwb-brand-febi-bilstein","6":"product_cat-konepellin-kaasujousi","7":"desktop-align-left","8":"tablet-align-left","9":"mobile-align-left","11":"first","12":"instock","13":"product-type-external"},"brands":[{"id":50,"name":"FEBI BILSTEIN","slug":"febi-bilstein"}],"_links":{"self":[{"href":"https:\/\/www.autonvaraosahaku.fi\/index.php?rest_route=\/wp\/v2\/product\/63141","targetHints":{"allow":["GET"]}}],"collection":[{"href":"https:\/\/www.autonvaraosahaku.fi\/index.php?rest_route=\/wp\/v2\/product"}],"about":[{"href":"https:\/\/www.autonvaraosahaku.fi\/index.php?rest_route=\/wp\/v2\/types\/product"}],"wp:attachment":[{"href":"https:\/\/www.autonvaraosahaku.fi\/index.php?rest_route=%2Fwp%2Fv2%2Fmedia&parent=63141"}],"wp:term":[{"taxonomy":"pwb-brand","embeddable":true,"href":"https:\/\/www.autonvaraosahaku.fi\/index.php?rest_route=%2Fwp%2Fv2%2Fpwb-brand&post=63141"},{"taxonomy":"product_cat","embeddable":true,"href":"https:\/\/www.autonvaraosahaku.fi\/index.php?rest_route=%2Fwp%2Fv2%2Fproduct_cat&post=63141"},{"taxonomy":"product_tag","embeddable":true,"href":"https:\/\/www.autonvaraosahaku.fi\/index.php?rest_route=%2Fwp%2Fv2%2Fproduct_tag&post=63141"}],"curies":[{"name":"wp","href":"https:\/\/api.w.org\/{rel}","templated":true}]}}