{"id":63152,"date":"2021-02-21T18:33:48","date_gmt":"2021-02-21T18:33:48","guid":{"rendered":"https:\/\/www.autonvaraosahaku.fi\/?product=vegaz-cd-105-pakosarjan-tiivisteet"},"modified":"2021-02-21T18:33:50","modified_gmt":"2021-02-21T18:33:50","slug":"vegaz-cd-105-pakosarjan-tiivisteet","status":"publish","type":"product","link":"https:\/\/www.autonvaraosahaku.fi\/?product=vegaz-cd-105-pakosarjan-tiivisteet","title":{"rendered":"VEGAZ CD-105 Pakosarjan tiivisteet"},"content":{"rendered":"<p>Korkeus (mm): 14; Materiaali: Ter\u00e4s; Sis\u00e4l\u00e4pimitta [mm]: 46,2; Ulkol\u00e4pimitta [mm]: 60,1; Muoto: O-muoto; Paksuus [mm]: 14; Valmistusvuosi alkaen: 04\/1991; MAZDA: DEMIO DW; NISSAN: MICRA II K11; HONDA: CIVIC VI Hatchback EJ, EK,CIVIC VI Fastback MA, MB,CRX III EH, EG,CIVIC VI Aerodeck MB, MC,CIVIC V Hatchback EG,CIVIC VI Stufenheck EJ, EK,CIVIC VI Coupe EJ, EM1,CIVIC V Coupe EJ,CIVIC V Stufenheck EG, EH; TOYOTA: YARIS SCP1_, NLP1_, NCP1_,PICNIC _XM10,PASEO Coupe EL54,PASEO Cabriolet EL54; FIAT: DUCATO Pritsche\/Fahrgestell 230,DUCATO Bus 230,DUCATO Kasten 230L,SCUDO Kasten 220L,SCUDO Combinato 220P; CITRO\u00cbN: BERLINGO MF,SAXO S0, S1,BERLINGO Kasten M_,XSARA N1,XSARA Break N2,XSARA Coupe N0,AX ZA-_,ZX N2,BX XB-_,JUMPY U6U,JUMPER Kasten 230L,JUMPER Bus 230P,ZX Break N2,JUMPER Pritsche\/Fahrgestell 230,BX Break XB-_,C15 VD-_,C15 Kombi; PEUGEOT: 106 II 1,306 Schr\u00e4gheck 7A, 7C, N3, N5,PARTNER Combispace 5F,106 I 1A, 1C,205 II 20A\/C,PARTNER Kasten 5,306 Break 7E, N3, N5,BOXER Kasten 230L,306 7B, N3, N5,EXPERT Kasten 222,309 II 3C, 3A,205 I 741A\/C,BOXER Bus 230P,BOXER Pritsche\/Fahrgestell ZCT_,EXPERT 224,309 I 10C, 10A,305 II 581M,305 II Break 581E,EXPERT Pritsche\/Fahrgestell 223,305 I 581A,205 Kasten,305 I Break 581D; 90128076, 91509517, 95602682, 95603555, 9560355580, 179811, 90128076, 91509517, 95602682, 95603555, 1418392601, 179811, 90128076, 91509517, 95602682, 95603555, 174510E010, 9091706080<\/p>\n","protected":false},"excerpt":{"rendered":"<p>VEGAZ Tiivisterengas, Pakoputki CD-105  MAZDA,NISSAN,HONDA,DEMIO DW,MICRA II K11,CIVIC VI Hatchback EJ, EK,CIVIC VI Fastback MA, MB,CRX III EH, EG<\/p>\n","protected":false},"featured_media":0,"template":"","meta":{"site-sidebar-layout":"default","site-content-layout":"default","ast-global-header-display":"","ast-main-header-display":"","ast-hfb-above-header-display":"","ast-hfb-below-header-display":"","ast-hfb-mobile-header-display":"","site-post-title":"","ast-breadcrumbs-content":"","ast-featured-img":"","footer-sml-layout":"","theme-transparent-header-meta":"","adv-header-id-meta":"","stick-header-meta":"","header-above-stick-meta":"","header-main-stick-meta":"","header-below-stick-meta":""},"pwb-brand":[306],"product_cat":[123],"product_tag":[],"class_list":{"0":"post-63152","1":"product","2":"type-product","3":"status-publish","5":"pwb-brand-vegaz","6":"product_cat-pakosarjan-tiivisteet","7":"desktop-align-left","8":"tablet-align-left","9":"mobile-align-left","11":"first","12":"instock","13":"product-type-external"},"brands":[{"id":306,"name":"VEGAZ","slug":"vegaz"}],"_links":{"self":[{"href":"https:\/\/www.autonvaraosahaku.fi\/index.php?rest_route=\/wp\/v2\/product\/63152","targetHints":{"allow":["GET"]}}],"collection":[{"href":"https:\/\/www.autonvaraosahaku.fi\/index.php?rest_route=\/wp\/v2\/product"}],"about":[{"href":"https:\/\/www.autonvaraosahaku.fi\/index.php?rest_route=\/wp\/v2\/types\/product"}],"wp:attachment":[{"href":"https:\/\/www.autonvaraosahaku.fi\/index.php?rest_route=%2Fwp%2Fv2%2Fmedia&parent=63152"}],"wp:term":[{"taxonomy":"pwb-brand","embeddable":true,"href":"https:\/\/www.autonvaraosahaku.fi\/index.php?rest_route=%2Fwp%2Fv2%2Fpwb-brand&post=63152"},{"taxonomy":"product_cat","embeddable":true,"href":"https:\/\/www.autonvaraosahaku.fi\/index.php?rest_route=%2Fwp%2Fv2%2Fproduct_cat&post=63152"},{"taxonomy":"product_tag","embeddable":true,"href":"https:\/\/www.autonvaraosahaku.fi\/index.php?rest_route=%2Fwp%2Fv2%2Fproduct_tag&post=63152"}],"curies":[{"name":"wp","href":"https:\/\/api.w.org\/{rel}","templated":true}]}}