{"id":63159,"date":"2021-02-21T18:33:48","date_gmt":"2021-02-21T18:33:48","guid":{"rendered":"https:\/\/www.autonvaraosahaku.fi\/?product=febi-bilstein-26221-hehkutulppa"},"modified":"2021-02-21T18:33:52","modified_gmt":"2021-02-21T18:33:52","slug":"febi-bilstein-26221-hehkutulppa","status":"publish","type":"product","link":"https:\/\/www.autonvaraosahaku.fi\/?product=febi-bilstein-26221-hehkutulppa","title":{"rendered":"FEBI BILSTEIN 26221 Hehkutulppa"},"content":{"rendered":"<p>Asennussyvyys (mm): 28; Pituus (mm): 118,9; Ulkokierre [mm]: M8 x 1; Avainv\u00e4li: 8; J\u00e4nnite (V): 11; Paino [kg]: 0,02; Hehkutulppatyyppi: j\u00e4lkihehkutuksenkest\u00e4v\u00e4, j\u00e4lkihehkutuksenkest\u00e4v\u00e4; Valmistusvuoteen: 05\/2006; MAZDA: 3 BK,2 DY,2 DE,3 Stufenheck BK; VOLVO: V50 MW,C30,S40 II MS; MINI: MINI R56,MINI CLUBMAN R55; FORD: FIESTA V JH_, JD_,FOCUS II Kombi DA_,FOCUS II DA_,FOCUS C-MAX,FUSION JU_,FOCUS II Stufenheck DA_,FIESTA V Van; TOYOTA: AYGO WNB1_, KGB1_; CITRO\u00cbN: BERLINGO MF,XSARA PICASSO N68,C2 JM_,C3 I FC_,C4 I LC_,BERLINGO Kasten M_,C5 II Break RE_,XSARA N1,C4 Coupe LA_,C3 Pluriel HB_,C5 II RC_,XSARA Break N2,XSARA Coupe N0,C4 Stufenheck L,C2 ENTERPRISE; PEUGEOT: 206 Schr\u00e4gheck 2A\/C,206 CC 2D,307 SW 3H,407 SW 6E_,307 3A\/C,206 SW 2E\/K,307 Break 3E,407 6D_,1007 KM_,PARTNER Combispace 5F,PARTNER Kasten 5,206 Van; 1610429280, 596019, 5960E9, E161036, 1148105, 1525910, 2S6Q6M090AA, 2S6Q6M090AB, Y40118601, 12237806041, 1610429280, 596012, 5960E9, E161036, SU00100671, 30711106<\/p>\n","protected":false},"excerpt":{"rendered":"<p>FEBI BILSTEIN Hehkutulppa 26221  MAZDA,VOLVO,MINI,3 BK,2 DY,2 DE,3 Stufenheck BK,V50 MW,C30,S40 II MS,MINI R56,MINI CLUBMAN R55,FIESTA V JH_, JD_<\/p>\n","protected":false},"featured_media":0,"template":"","meta":{"site-sidebar-layout":"default","site-content-layout":"default","ast-global-header-display":"","ast-main-header-display":"","ast-hfb-above-header-display":"","ast-hfb-below-header-display":"","ast-hfb-mobile-header-display":"","site-post-title":"","ast-breadcrumbs-content":"","ast-featured-img":"","footer-sml-layout":"","theme-transparent-header-meta":"","adv-header-id-meta":"","stick-header-meta":"","header-above-stick-meta":"","header-main-stick-meta":"","header-below-stick-meta":""},"pwb-brand":[50],"product_cat":[52],"product_tag":[],"class_list":{"0":"post-63159","1":"product","2":"type-product","3":"status-publish","5":"pwb-brand-febi-bilstein","6":"product_cat-hehkutulppa","7":"desktop-align-left","8":"tablet-align-left","9":"mobile-align-left","11":"first","12":"instock","13":"product-type-external"},"brands":[{"id":50,"name":"FEBI BILSTEIN","slug":"febi-bilstein"}],"_links":{"self":[{"href":"https:\/\/www.autonvaraosahaku.fi\/index.php?rest_route=\/wp\/v2\/product\/63159","targetHints":{"allow":["GET"]}}],"collection":[{"href":"https:\/\/www.autonvaraosahaku.fi\/index.php?rest_route=\/wp\/v2\/product"}],"about":[{"href":"https:\/\/www.autonvaraosahaku.fi\/index.php?rest_route=\/wp\/v2\/types\/product"}],"wp:attachment":[{"href":"https:\/\/www.autonvaraosahaku.fi\/index.php?rest_route=%2Fwp%2Fv2%2Fmedia&parent=63159"}],"wp:term":[{"taxonomy":"pwb-brand","embeddable":true,"href":"https:\/\/www.autonvaraosahaku.fi\/index.php?rest_route=%2Fwp%2Fv2%2Fpwb-brand&post=63159"},{"taxonomy":"product_cat","embeddable":true,"href":"https:\/\/www.autonvaraosahaku.fi\/index.php?rest_route=%2Fwp%2Fv2%2Fproduct_cat&post=63159"},{"taxonomy":"product_tag","embeddable":true,"href":"https:\/\/www.autonvaraosahaku.fi\/index.php?rest_route=%2Fwp%2Fv2%2Fproduct_tag&post=63159"}],"curies":[{"name":"wp","href":"https:\/\/api.w.org\/{rel}","templated":true}]}}