{"id":63220,"date":"2021-02-21T18:34:05","date_gmt":"2021-02-21T18:34:05","guid":{"rendered":"https:\/\/www.autonvaraosahaku.fi\/?product=sachs-315-483-iskunvaimennin"},"modified":"2021-02-21T18:34:09","modified_gmt":"2021-02-21T18:34:09","slug":"sachs-315-483-iskunvaimennin","status":"publish","type":"product","link":"https:\/\/www.autonvaraosahaku.fi\/?product=sachs-315-483-iskunvaimennin","title":{"rendered":"SACHS 315 483 Iskunvaimennin"},"content":{"rendered":"<p>Iskunvaimennusj\u00e4rjestelm\u00e4: Kaksiputki; Iskunvaimennin tyyppi: Kaasupaine; Tunnusluku: SEOV30\/13X251A; Iskunvaimennin asennustapa: Tappi ylh\u00e4\u00e4ll\u00e4, Silmukka alhaalla; Asennuspuoli: Hinterachse; CHEVROLET: CRUZE J300,CRUZE Station Wagon J308,CRUZE Schr\u00e4gheck J305; OPEL: ASTRA J Sports Tourer,ASTRA J; VAUXHALL: ASTRA Mk VI J,ASTRA Mk VI J Sedan,ASTRA Mk VI J Estate; 436534, 436544, 13279263, 436530, 13332640, 13367780, 13412142, 13412145, 13412147, 13279260, 13279261, 13279263, 13279264, 13279266, 13279267, 13315243, 13315244, 13315245, 13411888, 13412145, 13412147, 13412740, 13412745, 13420232, 13420233, 436528, 436529, 436530, 436534, 436543, 436544, 436545, 436659, 436694, 436695, 436792, 436793, 436808, 436820, 436821, 436850, 436851, 13279260, 13279261, 13279263, 13279264, 13279266, 13279267, 13315243, 13315244, 13315245, 13411888, 13412145, 13412147, 13412740, 13412745, 13420232, 13420233, 436528, 436529, 436530, 436534, 436543, 436545, 436659, 436694, 436695, 436792, 436793, 436808, 436820, 436821; Iskarit,Iskunvaimennin<\/p>\n","protected":false},"excerpt":{"rendered":"<p>SACHS Iskunvaimentimet 315 483 Iskarit,Iskunvaimennin CHEVROLET,OPEL,VAUXHALL,CRUZE J300,CRUZE Station Wagon J308,CRUZE Schr\u00e4gheck J305<\/p>\n","protected":false},"featured_media":0,"template":"","meta":{"site-sidebar-layout":"default","site-content-layout":"default","ast-global-header-display":"","ast-main-header-display":"","ast-hfb-above-header-display":"","ast-hfb-below-header-display":"","ast-hfb-mobile-header-display":"","site-post-title":"","ast-breadcrumbs-content":"","ast-featured-img":"","footer-sml-layout":"","theme-transparent-header-meta":"","adv-header-id-meta":"","stick-header-meta":"","header-above-stick-meta":"","header-main-stick-meta":"","header-below-stick-meta":""},"pwb-brand":[91],"product_cat":[80],"product_tag":[],"class_list":{"0":"post-63220","1":"product","2":"type-product","3":"status-publish","5":"pwb-brand-sachs","6":"product_cat-iskunvaimennin","7":"desktop-align-left","8":"tablet-align-left","9":"mobile-align-left","11":"first","12":"instock","13":"product-type-external"},"brands":[{"id":91,"name":"SACHS","slug":"sachs"}],"_links":{"self":[{"href":"https:\/\/www.autonvaraosahaku.fi\/index.php?rest_route=\/wp\/v2\/product\/63220","targetHints":{"allow":["GET"]}}],"collection":[{"href":"https:\/\/www.autonvaraosahaku.fi\/index.php?rest_route=\/wp\/v2\/product"}],"about":[{"href":"https:\/\/www.autonvaraosahaku.fi\/index.php?rest_route=\/wp\/v2\/types\/product"}],"wp:attachment":[{"href":"https:\/\/www.autonvaraosahaku.fi\/index.php?rest_route=%2Fwp%2Fv2%2Fmedia&parent=63220"}],"wp:term":[{"taxonomy":"pwb-brand","embeddable":true,"href":"https:\/\/www.autonvaraosahaku.fi\/index.php?rest_route=%2Fwp%2Fv2%2Fpwb-brand&post=63220"},{"taxonomy":"product_cat","embeddable":true,"href":"https:\/\/www.autonvaraosahaku.fi\/index.php?rest_route=%2Fwp%2Fv2%2Fproduct_cat&post=63220"},{"taxonomy":"product_tag","embeddable":true,"href":"https:\/\/www.autonvaraosahaku.fi\/index.php?rest_route=%2Fwp%2Fv2%2Fproduct_tag&post=63220"}],"curies":[{"name":"wp","href":"https:\/\/api.w.org\/{rel}","templated":true}]}}