{"id":63228,"date":"2021-02-21T18:34:10","date_gmt":"2021-02-21T18:34:10","guid":{"rendered":"https:\/\/www.autonvaraosahaku.fi\/?product=topran-107-269-kytkin-ohjausakseli"},"modified":"2021-02-21T18:34:11","modified_gmt":"2021-02-21T18:34:11","slug":"topran-107-269-kytkin-ohjausakseli","status":"publish","type":"product","link":"https:\/\/www.autonvaraosahaku.fi\/?product=topran-107-269-kytkin-ohjausakseli","title":{"rendered":"TOPRAN 107 269 Kytkin ohjausakseli"},"content":{"rendered":"<p>Kotelomateriaali: Muovi; K\u00e4ytt\u00f6tapa: Vipukytkin; Yhdistelm\u00e4kytkintoiminto: Sumuvalolla, Vilkkutoiminta, Valomerkinantolaitteella, Kaukovalotoiminnolla, Seisontavalo-toiminnolla, Valonvaihtajalla; V\u00e4rikoodi: 01C; V\u00e4ri: Musta; Varusteet: f\u00fcr Fahrzeuge ohne Tempomat; AUDI: 80 8C, B4,80 89, 89Q, 8A, B3,100 4A, C4,80 Avant 8C, B4,100 44, 44Q, C3,100 Avant 4A, C4,90 89, 89Q, 8A, B3; 443953513H, 443953513H01C, 443953513L, 443953513L01C<\/p>\n","protected":false},"excerpt":{"rendered":"<p>TOPRAN Vilkkukatkaisija 107 269  AUDI,80 8C, B4,80 89, 89Q, 8A, B3,100 4A, C4,80 Avant 8C, B4,100 44, 44Q, C3,100 Avant 4A, C4,90 89, 89Q, 8A, B3<\/p>\n","protected":false},"featured_media":0,"template":"","meta":{"site-sidebar-layout":"default","site-content-layout":"default","ast-global-header-display":"","ast-main-header-display":"","ast-hfb-above-header-display":"","ast-hfb-below-header-display":"","ast-hfb-mobile-header-display":"","site-post-title":"","ast-breadcrumbs-content":"","ast-featured-img":"","footer-sml-layout":"","theme-transparent-header-meta":"","adv-header-id-meta":"","stick-header-meta":"","header-above-stick-meta":"","header-main-stick-meta":"","header-below-stick-meta":""},"pwb-brand":[18],"product_cat":[65],"product_tag":[],"class_list":{"0":"post-63228","1":"product","2":"type-product","3":"status-publish","5":"pwb-brand-topran","6":"product_cat-kytkin-ohjausakseli","7":"desktop-align-left","8":"tablet-align-left","9":"mobile-align-left","11":"first","12":"instock","13":"product-type-external"},"brands":[{"id":18,"name":"TOPRAN","slug":"topran"}],"_links":{"self":[{"href":"https:\/\/www.autonvaraosahaku.fi\/index.php?rest_route=\/wp\/v2\/product\/63228","targetHints":{"allow":["GET"]}}],"collection":[{"href":"https:\/\/www.autonvaraosahaku.fi\/index.php?rest_route=\/wp\/v2\/product"}],"about":[{"href":"https:\/\/www.autonvaraosahaku.fi\/index.php?rest_route=\/wp\/v2\/types\/product"}],"wp:attachment":[{"href":"https:\/\/www.autonvaraosahaku.fi\/index.php?rest_route=%2Fwp%2Fv2%2Fmedia&parent=63228"}],"wp:term":[{"taxonomy":"pwb-brand","embeddable":true,"href":"https:\/\/www.autonvaraosahaku.fi\/index.php?rest_route=%2Fwp%2Fv2%2Fpwb-brand&post=63228"},{"taxonomy":"product_cat","embeddable":true,"href":"https:\/\/www.autonvaraosahaku.fi\/index.php?rest_route=%2Fwp%2Fv2%2Fproduct_cat&post=63228"},{"taxonomy":"product_tag","embeddable":true,"href":"https:\/\/www.autonvaraosahaku.fi\/index.php?rest_route=%2Fwp%2Fv2%2Fproduct_tag&post=63228"}],"curies":[{"name":"wp","href":"https:\/\/api.w.org\/{rel}","templated":true}]}}