{"id":63232,"date":"2021-02-21T18:34:10","date_gmt":"2021-02-21T18:34:10","guid":{"rendered":"https:\/\/www.autonvaraosahaku.fi\/?product=topran-720-280-hehkutulppa"},"modified":"2021-02-21T18:34:12","modified_gmt":"2021-02-21T18:34:12","slug":"topran-720-280-hehkutulppa","status":"publish","type":"product","link":"https:\/\/www.autonvaraosahaku.fi\/?product=topran-720-280-hehkutulppa","title":{"rendered":"TOPRAN 720 280 Hehkutulppa"},"content":{"rendered":"<p>Hehkutulppatyyppi: Hehkutulppa, puikko, j\u00e4lkihehkutuksenkest\u00e4v\u00e4; Kierremitta: M 10; Kierrenousu (mm): 1; Korvaava tuote\/korvaava tiedote 2: Eri tuottajien seka-asennus kielletty!; Moottorinumero: TUD5 \/ VJZ; TOYOTA: COROLLA Liftback _E11_,COROLLA Compact _E11_,COROLLA _E11_,COROLLA Wagon __E11_; FIAT: SCUDO Kasten 220L,SCUDO Combinato 220P; CITRO\u00cbN: BERLINGO MF,SAXO S0, S1,BERLINGO Kasten M_,XSARA N1,XSARA Break N2,AX ZA-_,JUMPY U6U,JUMPY Kasten BS_, BT_, BY_, BZ_; PEUGEOT: 206 Schr\u00e4gheck 2A\/C,106 II 1,PARTNER Combispace 5F,106 I 1A, 1C,PARTNER Kasten 5,EXPERT Kasten 222,EXPERT 224,EXPERT Pritsche\/Fahrgestell 223; 596068, 596069, 5960F6, 59622Y, 59622Z, 9631658980, 9651029880, 596068, 596069, 5960F6, 59622Y, 59622Z, SU00100351, SU00100714<\/p>\n","protected":false},"excerpt":{"rendered":"<p>TOPRAN Hehkutulppa 720 280  TOYOTA,FIAT,CITRO\u00cbN,COROLLA Liftback _E11_,COROLLA Compact _E11_,COROLLA _E11_,COROLLA Wagon __E11_,SCUDO Kasten 220L<\/p>\n","protected":false},"featured_media":0,"template":"","meta":{"site-sidebar-layout":"default","site-content-layout":"default","ast-global-header-display":"","ast-main-header-display":"","ast-hfb-above-header-display":"","ast-hfb-below-header-display":"","ast-hfb-mobile-header-display":"","site-post-title":"","ast-breadcrumbs-content":"","ast-featured-img":"","footer-sml-layout":"","theme-transparent-header-meta":"","adv-header-id-meta":"","stick-header-meta":"","header-above-stick-meta":"","header-main-stick-meta":"","header-below-stick-meta":""},"pwb-brand":[18],"product_cat":[52],"product_tag":[],"class_list":{"0":"post-63232","1":"product","2":"type-product","3":"status-publish","5":"pwb-brand-topran","6":"product_cat-hehkutulppa","7":"desktop-align-left","8":"tablet-align-left","9":"mobile-align-left","11":"first","12":"instock","13":"product-type-external"},"brands":[{"id":18,"name":"TOPRAN","slug":"topran"}],"_links":{"self":[{"href":"https:\/\/www.autonvaraosahaku.fi\/index.php?rest_route=\/wp\/v2\/product\/63232","targetHints":{"allow":["GET"]}}],"collection":[{"href":"https:\/\/www.autonvaraosahaku.fi\/index.php?rest_route=\/wp\/v2\/product"}],"about":[{"href":"https:\/\/www.autonvaraosahaku.fi\/index.php?rest_route=\/wp\/v2\/types\/product"}],"wp:attachment":[{"href":"https:\/\/www.autonvaraosahaku.fi\/index.php?rest_route=%2Fwp%2Fv2%2Fmedia&parent=63232"}],"wp:term":[{"taxonomy":"pwb-brand","embeddable":true,"href":"https:\/\/www.autonvaraosahaku.fi\/index.php?rest_route=%2Fwp%2Fv2%2Fpwb-brand&post=63232"},{"taxonomy":"product_cat","embeddable":true,"href":"https:\/\/www.autonvaraosahaku.fi\/index.php?rest_route=%2Fwp%2Fv2%2Fproduct_cat&post=63232"},{"taxonomy":"product_tag","embeddable":true,"href":"https:\/\/www.autonvaraosahaku.fi\/index.php?rest_route=%2Fwp%2Fv2%2Fproduct_tag&post=63232"}],"curies":[{"name":"wp","href":"https:\/\/api.w.org\/{rel}","templated":true}]}}