{"id":63236,"date":"2021-02-21T18:34:10","date_gmt":"2021-02-21T18:34:10","guid":{"rendered":"https:\/\/www.autonvaraosahaku.fi\/?product=topran-103-134-lammityslaitteen-puhaltimen-vastus"},"modified":"2021-02-21T18:34:13","modified_gmt":"2021-02-21T18:34:13","slug":"topran-103-134-lammityslaitteen-puhaltimen-vastus","status":"publish","type":"product","link":"https:\/\/www.autonvaraosahaku.fi\/?product=topran-103-134-lammityslaitteen-puhaltimen-vastus","title":{"rendered":"TOPRAN 103 134 L\u00e4mmityslaitteen puhaltimen vastus"},"content":{"rendered":"<p>Napojen m\u00e4\u00e4r\u00e4: 5; Pistokkeen kotelon muoto: Kulmikas, suorakulmainen (rectangular); Varusteet: f\u00fcr Fahrzeuge ohne Klimaanlage; VW: GOLF III 1H1,POLO 6N1,GOLF III Variant 1H5,CADDY II Kasten 9K9A,POLO CLASSIC 6KV2,VENTO 1H2,CADDY II Kombi 9K9B; SEAT: AROSA 6H,IBIZA II 6K1,CORDOBA 6K1, 6K2,CORDOBA Vario 6K1,INCA 6K9; 1H0959263, 1H0959263; Vastus, Sis\u00e4ilmantuuletin<\/p>\n","protected":false},"excerpt":{"rendered":"<p>TOPRAN L\u00e4mmityslaitteen Puhaltimen Vastus 103 134 Vastus, Sis\u00e4ilmantuuletin VW,SEAT,GOLF III 1H1,POLO 6N1,GOLF III Variant 1H5,CADDY II Kasten 9K9A<\/p>\n","protected":false},"featured_media":0,"template":"","meta":{"site-sidebar-layout":"default","site-content-layout":"default","ast-global-header-display":"","ast-main-header-display":"","ast-hfb-above-header-display":"","ast-hfb-below-header-display":"","ast-hfb-mobile-header-display":"","site-post-title":"","ast-breadcrumbs-content":"","ast-featured-img":"","footer-sml-layout":"","theme-transparent-header-meta":"","adv-header-id-meta":"","stick-header-meta":"","header-above-stick-meta":"","header-main-stick-meta":"","header-below-stick-meta":""},"pwb-brand":[18],"product_cat":[134],"product_tag":[],"class_list":{"0":"post-63236","1":"product","2":"type-product","3":"status-publish","5":"pwb-brand-topran","6":"product_cat-lammityslaitteen-puhaltimen-vastus","7":"desktop-align-left","8":"tablet-align-left","9":"mobile-align-left","11":"first","12":"instock","13":"product-type-external"},"brands":[{"id":18,"name":"TOPRAN","slug":"topran"}],"_links":{"self":[{"href":"https:\/\/www.autonvaraosahaku.fi\/index.php?rest_route=\/wp\/v2\/product\/63236","targetHints":{"allow":["GET"]}}],"collection":[{"href":"https:\/\/www.autonvaraosahaku.fi\/index.php?rest_route=\/wp\/v2\/product"}],"about":[{"href":"https:\/\/www.autonvaraosahaku.fi\/index.php?rest_route=\/wp\/v2\/types\/product"}],"wp:attachment":[{"href":"https:\/\/www.autonvaraosahaku.fi\/index.php?rest_route=%2Fwp%2Fv2%2Fmedia&parent=63236"}],"wp:term":[{"taxonomy":"pwb-brand","embeddable":true,"href":"https:\/\/www.autonvaraosahaku.fi\/index.php?rest_route=%2Fwp%2Fv2%2Fpwb-brand&post=63236"},{"taxonomy":"product_cat","embeddable":true,"href":"https:\/\/www.autonvaraosahaku.fi\/index.php?rest_route=%2Fwp%2Fv2%2Fproduct_cat&post=63236"},{"taxonomy":"product_tag","embeddable":true,"href":"https:\/\/www.autonvaraosahaku.fi\/index.php?rest_route=%2Fwp%2Fv2%2Fproduct_tag&post=63236"}],"curies":[{"name":"wp","href":"https:\/\/api.w.org\/{rel}","templated":true}]}}