{"id":63240,"date":"2021-02-21T18:34:10","date_gmt":"2021-02-21T18:34:10","guid":{"rendered":"https:\/\/www.autonvaraosahaku.fi\/?product=topran-207-520-anturit-sensorit"},"modified":"2021-02-21T18:34:13","modified_gmt":"2021-02-21T18:34:13","slug":"topran-207-520-anturit-sensorit","status":"publish","type":"product","link":"https:\/\/www.autonvaraosahaku.fi\/?product=topran-207-520-anturit-sensorit","title":{"rendered":"TOPRAN 207 520 Anturit (sensorit)"},"content":{"rendered":"<p>Napojen m\u00e4\u00e4r\u00e4: 2; Moottorinumero: LD3\/X2.0DTL; OPEL: ZAFIRA A F75_,ASTRA G CC F48_, F08_,ASTRA G Caravan F35_,ASTRA G Cabriolet F67,ASTRA G Coupe F07_,ASTRA G Stufenheck F69_,ASTRA G Kasten F70; VAUXHALL: ZAFIRA Mk I A F75,ASTRA Mk IV G CC,ASTRA Mk IV G Sedan,ASTRAVAN Mk IV G,ASTRA Mk IV G Coupe F67,ASTRA Mk IV G Convertible,ASTRA Mk IV G Estate; 1304729, 09117438<\/p>\n","protected":false},"excerpt":{"rendered":"<p>TOPRAN Tunnistin, J\u00e4\u00e4hdytysnestetaso 207 520  OPEL,VAUXHALL,ZAFIRA A F75_,ASTRA G CC F48_, F08_,ASTRA G Caravan F35_,ASTRA G Cabriolet F67<\/p>\n","protected":false},"featured_media":0,"template":"","meta":{"site-sidebar-layout":"default","site-content-layout":"default","ast-global-header-display":"","ast-main-header-display":"","ast-hfb-above-header-display":"","ast-hfb-below-header-display":"","ast-hfb-mobile-header-display":"","site-post-title":"","ast-breadcrumbs-content":"","ast-featured-img":"","footer-sml-layout":"","theme-transparent-header-meta":"","adv-header-id-meta":"","stick-header-meta":"","header-above-stick-meta":"","header-main-stick-meta":"","header-below-stick-meta":""},"pwb-brand":[18],"product_cat":[98],"product_tag":[],"class_list":{"0":"post-63240","1":"product","2":"type-product","3":"status-publish","5":"pwb-brand-topran","6":"product_cat-anturit-sensorit","7":"desktop-align-left","8":"tablet-align-left","9":"mobile-align-left","11":"first","12":"instock","13":"product-type-external"},"brands":[{"id":18,"name":"TOPRAN","slug":"topran"}],"_links":{"self":[{"href":"https:\/\/www.autonvaraosahaku.fi\/index.php?rest_route=\/wp\/v2\/product\/63240","targetHints":{"allow":["GET"]}}],"collection":[{"href":"https:\/\/www.autonvaraosahaku.fi\/index.php?rest_route=\/wp\/v2\/product"}],"about":[{"href":"https:\/\/www.autonvaraosahaku.fi\/index.php?rest_route=\/wp\/v2\/types\/product"}],"wp:attachment":[{"href":"https:\/\/www.autonvaraosahaku.fi\/index.php?rest_route=%2Fwp%2Fv2%2Fmedia&parent=63240"}],"wp:term":[{"taxonomy":"pwb-brand","embeddable":true,"href":"https:\/\/www.autonvaraosahaku.fi\/index.php?rest_route=%2Fwp%2Fv2%2Fpwb-brand&post=63240"},{"taxonomy":"product_cat","embeddable":true,"href":"https:\/\/www.autonvaraosahaku.fi\/index.php?rest_route=%2Fwp%2Fv2%2Fproduct_cat&post=63240"},{"taxonomy":"product_tag","embeddable":true,"href":"https:\/\/www.autonvaraosahaku.fi\/index.php?rest_route=%2Fwp%2Fv2%2Fproduct_tag&post=63240"}],"curies":[{"name":"wp","href":"https:\/\/api.w.org\/{rel}","templated":true}]}}