{"id":63242,"date":"2021-02-21T18:34:15","date_gmt":"2021-02-21T18:34:15","guid":{"rendered":"https:\/\/www.autonvaraosahaku.fi\/?product=payen-hbs369-kannen-pultit"},"modified":"2021-02-21T18:34:15","modified_gmt":"2021-02-21T18:34:15","slug":"payen-hbs369-kannen-pultit","status":"publish","type":"product","link":"https:\/\/www.autonvaraosahaku.fi\/?product=payen-hbs369-kannen-pultit","title":{"rendered":"PAYEN HBS369 Kannen pultit"},"content":{"rendered":"<p>Pituus (mm): 145,50; Kierremitta: M10; Ruuvikanta\/mutteriprofiili: Torx, sis\u00e4; M\u00e4\u00e4r\u00e4: 10; Kierrenousu 1 [mm]: 1,25; TECDOC-moottorinumero: 23706; FORD: FIESTA V JH_, JD_,MONDEO III Kombi BWY,FOCUS II Kombi DA_,MONDEO IV Turnier BA7,FOCUS II DA_,S-MAX WA6,FOCUS C-MAX,GALAXY WA6,MONDEO III B5Y,C-MAX DM2,MAVERICK,TRANSIT MK-7 Kasten,MONDEO IV BA7,MONDEO III Stufenheck B4Y,FOCUS Stufenheck DFW,FOCUS II Stufenheck DA_,FOCUS II Cabriolet,TRANSIT MK-7 Pritsche\/Fahrgestell,MONDEO IV Stufenheck BA7; MAZDA: 5 CR19,3 BK,6 Station Wagon GY,6 Kombi GH,PREMACY CP,CX-7 ER,6 Hatchback GG,6 GG,3 BL,MX-5 I NA,TRIBUTE EP,5 CW,6 Schr\u00e4gheck GH,3 Stufenheck BK,6 GH,MPV II LW,3 Stufenheck BL,BT-50 Pick-up B22, B32, UP,MPV III LY,BONGO TRUCK Pritsche\/Fahrgestell; VOLVO: V50 MW,V70 III BW,C30,S40 II MS,S80 II AS; LAND ROVER: FREELANDER 2 FA_,RANGE ROVER EVOQUE LV,RANGE ROVER SPORT LW,DISCOVERY SPORT LC,RANGE ROVER EVOQUE Cabriolet LV_; JAGUAR: XF _J05_, CC9,XF SPORTBRAKE CC9,XJ X35_, _J12_, _J24_,XE X760,XF X260,F-PACE X761_; MORGAN: PLUS FOUR,FOUR FOUR,ROADSTER Cabriolet; 1229267, LR025253, LF0110135, 30723252; Sylinterikannen Pultit,Syl.Kannen Pulttisarja<\/p>\n","protected":false},"excerpt":{"rendered":"<p>PAYEN Kannen Pultit HBS369 Sylinterikannen Pultit,Syl.Kannen Pulttisarja FORD,MAZDA,VOLVO,FIESTA V JH_, JD_,MONDEO III Kombi BWY,FOCUS II Kombi DA_<\/p>\n","protected":false},"featured_media":0,"template":"","meta":{"site-sidebar-layout":"default","site-content-layout":"default","ast-global-header-display":"","ast-main-header-display":"","ast-hfb-above-header-display":"","ast-hfb-below-header-display":"","ast-hfb-mobile-header-display":"","site-post-title":"","ast-breadcrumbs-content":"","ast-featured-img":"","footer-sml-layout":"","theme-transparent-header-meta":"","adv-header-id-meta":"","stick-header-meta":"","header-above-stick-meta":"","header-main-stick-meta":"","header-below-stick-meta":""},"pwb-brand":[329],"product_cat":[67],"product_tag":[],"class_list":{"0":"post-63242","1":"product","2":"type-product","3":"status-publish","5":"pwb-brand-payen","6":"product_cat-kannen-pultit","7":"desktop-align-left","8":"tablet-align-left","9":"mobile-align-left","11":"first","12":"instock","13":"product-type-external"},"brands":[{"id":329,"name":"PAYEN","slug":"payen"}],"_links":{"self":[{"href":"https:\/\/www.autonvaraosahaku.fi\/index.php?rest_route=\/wp\/v2\/product\/63242","targetHints":{"allow":["GET"]}}],"collection":[{"href":"https:\/\/www.autonvaraosahaku.fi\/index.php?rest_route=\/wp\/v2\/product"}],"about":[{"href":"https:\/\/www.autonvaraosahaku.fi\/index.php?rest_route=\/wp\/v2\/types\/product"}],"wp:attachment":[{"href":"https:\/\/www.autonvaraosahaku.fi\/index.php?rest_route=%2Fwp%2Fv2%2Fmedia&parent=63242"}],"wp:term":[{"taxonomy":"pwb-brand","embeddable":true,"href":"https:\/\/www.autonvaraosahaku.fi\/index.php?rest_route=%2Fwp%2Fv2%2Fpwb-brand&post=63242"},{"taxonomy":"product_cat","embeddable":true,"href":"https:\/\/www.autonvaraosahaku.fi\/index.php?rest_route=%2Fwp%2Fv2%2Fproduct_cat&post=63242"},{"taxonomy":"product_tag","embeddable":true,"href":"https:\/\/www.autonvaraosahaku.fi\/index.php?rest_route=%2Fwp%2Fv2%2Fproduct_tag&post=63242"}],"curies":[{"name":"wp","href":"https:\/\/api.w.org\/{rel}","templated":true}]}}