{"id":63246,"date":"2021-02-21T18:34:15","date_gmt":"2021-02-21T18:34:15","guid":{"rendered":"https:\/\/www.autonvaraosahaku.fi\/?product=topran-206-478-tukivarren-hela"},"modified":"2021-02-21T18:34:16","modified_gmt":"2021-02-21T18:34:16","slug":"topran-206-478-tukivarren-hela","status":"publish","type":"product","link":"https:\/\/www.autonvaraosahaku.fi\/?product=topran-206-478-tukivarren-hela","title":{"rendered":"TOPRAN 206 478 Tukivarren hela"},"content":{"rendered":"<p>Asennuspuoli: Taka-akseli, molemminpuolinen, Takana, Ulompi; Vaihdettava pareittain: ; Lukum\u00e4\u00e4r\u00e4 akselille: 4; Kiinnitysmalli: Kumimetallilaakeri; OPEL: VECTRA C Caravan,SIGNUM,VECTRA C,VECTRA C GTS; VAUXHALL: VECTRA Mk II C CC,VECTRA Mk II C Estate,VECTRA Mk II C,SIGNUM; 0423320, 423320, 24469643<\/p>\n","protected":false},"excerpt":{"rendered":"<p>TOPRAN Tukivarren Hela 206 478  OPEL,VAUXHALL,VECTRA C Caravan,SIGNUM,VECTRA C,VECTRA C GTS,VECTRA Mk II C CC,VECTRA Mk II C Estate,VECTRA Mk II C<\/p>\n","protected":false},"featured_media":0,"template":"","meta":{"site-sidebar-layout":"default","site-content-layout":"default","ast-global-header-display":"","ast-main-header-display":"","ast-hfb-above-header-display":"","ast-hfb-below-header-display":"","ast-hfb-mobile-header-display":"","site-post-title":"","ast-breadcrumbs-content":"","ast-featured-img":"","footer-sml-layout":"","theme-transparent-header-meta":"","adv-header-id-meta":"","stick-header-meta":"","header-above-stick-meta":"","header-main-stick-meta":"","header-below-stick-meta":""},"pwb-brand":[18],"product_cat":[115],"product_tag":[],"class_list":{"0":"post-63246","1":"product","2":"type-product","3":"status-publish","5":"pwb-brand-topran","6":"product_cat-tukivarren-hela","7":"desktop-align-left","8":"tablet-align-left","9":"mobile-align-left","11":"first","12":"instock","13":"product-type-external"},"brands":[{"id":18,"name":"TOPRAN","slug":"topran"}],"_links":{"self":[{"href":"https:\/\/www.autonvaraosahaku.fi\/index.php?rest_route=\/wp\/v2\/product\/63246","targetHints":{"allow":["GET"]}}],"collection":[{"href":"https:\/\/www.autonvaraosahaku.fi\/index.php?rest_route=\/wp\/v2\/product"}],"about":[{"href":"https:\/\/www.autonvaraosahaku.fi\/index.php?rest_route=\/wp\/v2\/types\/product"}],"wp:attachment":[{"href":"https:\/\/www.autonvaraosahaku.fi\/index.php?rest_route=%2Fwp%2Fv2%2Fmedia&parent=63246"}],"wp:term":[{"taxonomy":"pwb-brand","embeddable":true,"href":"https:\/\/www.autonvaraosahaku.fi\/index.php?rest_route=%2Fwp%2Fv2%2Fpwb-brand&post=63246"},{"taxonomy":"product_cat","embeddable":true,"href":"https:\/\/www.autonvaraosahaku.fi\/index.php?rest_route=%2Fwp%2Fv2%2Fproduct_cat&post=63246"},{"taxonomy":"product_tag","embeddable":true,"href":"https:\/\/www.autonvaraosahaku.fi\/index.php?rest_route=%2Fwp%2Fv2%2Fproduct_tag&post=63246"}],"curies":[{"name":"wp","href":"https:\/\/api.w.org\/{rel}","templated":true}]}}