{"id":63253,"date":"2021-02-21T18:34:15","date_gmt":"2021-02-21T18:34:15","guid":{"rendered":"https:\/\/www.autonvaraosahaku.fi\/?product=topran-205-530-venttiilikopan-tiiviste"},"modified":"2021-02-21T18:34:17","modified_gmt":"2021-02-21T18:34:17","slug":"topran-205-530-venttiilikopan-tiiviste","status":"publish","type":"product","link":"https:\/\/www.autonvaraosahaku.fi\/?product=topran-205-530-venttiilikopan-tiiviste","title":{"rendered":"TOPRAN 205 530 Venttiilikopan tiiviste"},"content":{"rendered":"<p>Materiaali: ACM (polyakryyli-kautsu); Korvaava tuote\/korvaava tiedote 2: yhdelle sylinterinkannelle; Tarvittava kappalem\u00e4\u00e4r\u00e4: 2; Moottorinumerosta: 08038315; OPEL: VECTRA C Caravan,SIGNUM,VECTRA C,OMEGA B Caravan 21_, 22_, 23_,OMEGA B 25_, 26_, 27_,VECTRA C GTS,VECTRA A 86_, 87_,VECTRA A CC 88_, 89_; VAUXHALL: VECTRA Mk II C CC,VECTRA Mk II C Estate,VECTRA Mk II C,SIGNUM,OMEGA B,CAVALIER Mk III 87,CAVALIER Mk III CC,OMEGA B Estate; 0607642, 607642, 90511451; Tiiviste, Venttiilikoppa<\/p>\n","protected":false},"excerpt":{"rendered":"<p>TOPRAN Venttiilikopan Tiiviste 205 530 Tiiviste, Venttiilikoppa OPEL,VAUXHALL,VECTRA C Caravan,SIGNUM,VECTRA C,OMEGA B Caravan 21_, 22_, 23_<\/p>\n","protected":false},"featured_media":0,"template":"","meta":{"site-sidebar-layout":"default","site-content-layout":"default","ast-global-header-display":"","ast-main-header-display":"","ast-hfb-above-header-display":"","ast-hfb-below-header-display":"","ast-hfb-mobile-header-display":"","site-post-title":"","ast-breadcrumbs-content":"","ast-featured-img":"","footer-sml-layout":"","theme-transparent-header-meta":"","adv-header-id-meta":"","stick-header-meta":"","header-above-stick-meta":"","header-main-stick-meta":"","header-below-stick-meta":""},"pwb-brand":[18],"product_cat":[44],"product_tag":[],"class_list":{"0":"post-63253","1":"product","2":"type-product","3":"status-publish","5":"pwb-brand-topran","6":"product_cat-venttiilikopan-tiiviste","7":"desktop-align-left","8":"tablet-align-left","9":"mobile-align-left","11":"first","12":"instock","13":"product-type-external"},"brands":[{"id":18,"name":"TOPRAN","slug":"topran"}],"_links":{"self":[{"href":"https:\/\/www.autonvaraosahaku.fi\/index.php?rest_route=\/wp\/v2\/product\/63253","targetHints":{"allow":["GET"]}}],"collection":[{"href":"https:\/\/www.autonvaraosahaku.fi\/index.php?rest_route=\/wp\/v2\/product"}],"about":[{"href":"https:\/\/www.autonvaraosahaku.fi\/index.php?rest_route=\/wp\/v2\/types\/product"}],"wp:attachment":[{"href":"https:\/\/www.autonvaraosahaku.fi\/index.php?rest_route=%2Fwp%2Fv2%2Fmedia&parent=63253"}],"wp:term":[{"taxonomy":"pwb-brand","embeddable":true,"href":"https:\/\/www.autonvaraosahaku.fi\/index.php?rest_route=%2Fwp%2Fv2%2Fpwb-brand&post=63253"},{"taxonomy":"product_cat","embeddable":true,"href":"https:\/\/www.autonvaraosahaku.fi\/index.php?rest_route=%2Fwp%2Fv2%2Fproduct_cat&post=63253"},{"taxonomy":"product_tag","embeddable":true,"href":"https:\/\/www.autonvaraosahaku.fi\/index.php?rest_route=%2Fwp%2Fv2%2Fproduct_tag&post=63253"}],"curies":[{"name":"wp","href":"https:\/\/api.w.org\/{rel}","templated":true}]}}