{"id":63269,"date":"2021-02-21T18:34:20","date_gmt":"2021-02-21T18:34:20","guid":{"rendered":"https:\/\/www.autonvaraosahaku.fi\/?product=hella-5dc-009-060-211-muut-luokat"},"modified":"2021-02-21T18:34:22","modified_gmt":"2021-02-21T18:34:22","slug":"hella-5dc-009-060-211-muut-luokat","status":"publish","type":"product","link":"https:\/\/www.autonvaraosahaku.fi\/?product=hella-5dc-009-060-211-muut-luokat","title":{"rendered":"HELLA 5DC 009 060-211 Muut luokat"},"content":{"rendered":"<p>Korvaava tuote\/korvaava tiedote 2: Ohjaimen uudellenohjemointi v\u00e4ltt\u00e4m\u00e4t\u00f6n; Lis\u00e4tarvike\/lis\u00e4tieto: Mutkavalonheitin-ohjaimella (AFS); Tarkistuskilpi: ECE; Nimellisj\u00e4nnite (V): 12; Valmistusvuoteen: 02\/2013; MERCEDES-BENZ: E-CLASS W212,E-CLASS T-Model S212,E-CLASS Coupe C207,E-CLASS Cabriolet A207; 2128205526, 2129001200, 2129003502, 2129007804, A2128205526, A2129001200, A2129003502, A2129007804<\/p>\n","protected":false},"excerpt":{"rendered":"<p>HELLA Kytkent\u00e4laite, Kaasupurkauslamppu 5DC 009 060-211  MERCEDES-BENZ,E-CLASS W212,E-CLASS T-Model S212,E-CLASS Coupe C207,E-CLASS Cabriolet A207<\/p>\n","protected":false},"featured_media":0,"template":"","meta":{"site-sidebar-layout":"default","site-content-layout":"default","ast-global-header-display":"","ast-main-header-display":"","ast-hfb-above-header-display":"","ast-hfb-below-header-display":"","ast-hfb-mobile-header-display":"","site-post-title":"","ast-breadcrumbs-content":"","ast-featured-img":"","footer-sml-layout":"","theme-transparent-header-meta":"","adv-header-id-meta":"","stick-header-meta":"","header-above-stick-meta":"","header-main-stick-meta":"","header-below-stick-meta":""},"pwb-brand":[24],"product_cat":[37],"product_tag":[],"class_list":{"0":"post-63269","1":"product","2":"type-product","3":"status-publish","5":"pwb-brand-hella","6":"product_cat-muut-luokat","7":"desktop-align-left","8":"tablet-align-left","9":"mobile-align-left","11":"first","12":"instock","13":"product-type-external"},"brands":[{"id":24,"name":"HELLA","slug":"hella"}],"_links":{"self":[{"href":"https:\/\/www.autonvaraosahaku.fi\/index.php?rest_route=\/wp\/v2\/product\/63269","targetHints":{"allow":["GET"]}}],"collection":[{"href":"https:\/\/www.autonvaraosahaku.fi\/index.php?rest_route=\/wp\/v2\/product"}],"about":[{"href":"https:\/\/www.autonvaraosahaku.fi\/index.php?rest_route=\/wp\/v2\/types\/product"}],"wp:attachment":[{"href":"https:\/\/www.autonvaraosahaku.fi\/index.php?rest_route=%2Fwp%2Fv2%2Fmedia&parent=63269"}],"wp:term":[{"taxonomy":"pwb-brand","embeddable":true,"href":"https:\/\/www.autonvaraosahaku.fi\/index.php?rest_route=%2Fwp%2Fv2%2Fpwb-brand&post=63269"},{"taxonomy":"product_cat","embeddable":true,"href":"https:\/\/www.autonvaraosahaku.fi\/index.php?rest_route=%2Fwp%2Fv2%2Fproduct_cat&post=63269"},{"taxonomy":"product_tag","embeddable":true,"href":"https:\/\/www.autonvaraosahaku.fi\/index.php?rest_route=%2Fwp%2Fv2%2Fproduct_tag&post=63269"}],"curies":[{"name":"wp","href":"https:\/\/api.w.org\/{rel}","templated":true}]}}