{"id":63296,"date":"2021-02-21T18:34:26","date_gmt":"2021-02-21T18:34:26","guid":{"rendered":"https:\/\/www.autonvaraosahaku.fi\/?product=trw-gdb1683dte-jarrupalat"},"modified":"2021-02-21T18:34:28","modified_gmt":"2021-02-21T18:34:28","slug":"trw-gdb1683dte-jarrupalat","status":"publish","type":"product","link":"https:\/\/www.autonvaraosahaku.fi\/?product=trw-gdb1683dte-jarrupalat","title":{"rendered":"TRW GDB1683DTE Jarrupalat"},"content":{"rendered":"<p>Valmistaja rajaus: ATE; Pituus 1 (mm): 156,4; Korkeus 1 (mm): 72,0; Paksuus 1 [mm]: 19,0; Pituus 2 (mm): 155,2; Korkeus 2 (mm): 66,7; Paksuus 2 [mm]: 20,0; Kulumisenilmaisimen liitos: Ei kulumisenilmaisimelle; Jarrut: V\u00e4h\u00e4np\u00f6ly\u00e4v\u00e4t jarrupalat\/-hihnat, my\u00f6s reijitetyille jarrulevyille; Tarkistuskilpi: E9 90R-02A1062\/1434; Huomioi tekniset tiedot: ; M\u00e4\u00e4r\u00e4yksikk\u00f6: Akselisarja; Tuotelinja: DTEC COTEC; Tuning: 1; Asennuspuoli: Vorderachse; LAND ROVER: FREELANDER 2 FA_; VOLVO: V70 II SW,V70 III BW,V60,XC70 CROSS COUNTRY,XC70 II,S80 II AS,S60 II; FORD: MONDEO IV Turnier BA7,S-MAX WA6,GALAXY WA6,MONDEO IV BA7,MONDEO IV Stufenheck BA7; 1379971, 1427386, 1432363, 1436498, 1437761, 1458247, 1566232, 6G912K021A2C, 6G912K021A2D, ME6G9J2K021AA, LR001017, LR004936, 30736319, 30778910, 30793107, 30793540, 30793941; Jarrupalasarja,Jarrupala, Levyjarru<\/p>\n","protected":false},"excerpt":{"rendered":"<p>TRW Jarrupalat GDB1683DTE Jarrupalasarja,Jarrupala, Levyjarru LAND ROVER,VOLVO,FORD,FREELANDER 2 FA_,V70 II SW,V70 III BW,V60,XC70 CROSS COUNTRY<\/p>\n","protected":false},"featured_media":0,"template":"","meta":{"site-sidebar-layout":"default","site-content-layout":"default","ast-global-header-display":"","ast-main-header-display":"","ast-hfb-above-header-display":"","ast-hfb-below-header-display":"","ast-hfb-mobile-header-display":"","site-post-title":"","ast-breadcrumbs-content":"","ast-featured-img":"","footer-sml-layout":"","theme-transparent-header-meta":"","adv-header-id-meta":"","stick-header-meta":"","header-above-stick-meta":"","header-main-stick-meta":"","header-below-stick-meta":""},"pwb-brand":[332],"product_cat":[100],"product_tag":[],"class_list":{"0":"post-63296","1":"product","2":"type-product","3":"status-publish","5":"pwb-brand-trw","6":"product_cat-jarrupalat","7":"desktop-align-left","8":"tablet-align-left","9":"mobile-align-left","11":"first","12":"instock","13":"product-type-external"},"brands":[{"id":332,"name":"TRW","slug":"trw"}],"_links":{"self":[{"href":"https:\/\/www.autonvaraosahaku.fi\/index.php?rest_route=\/wp\/v2\/product\/63296","targetHints":{"allow":["GET"]}}],"collection":[{"href":"https:\/\/www.autonvaraosahaku.fi\/index.php?rest_route=\/wp\/v2\/product"}],"about":[{"href":"https:\/\/www.autonvaraosahaku.fi\/index.php?rest_route=\/wp\/v2\/types\/product"}],"wp:attachment":[{"href":"https:\/\/www.autonvaraosahaku.fi\/index.php?rest_route=%2Fwp%2Fv2%2Fmedia&parent=63296"}],"wp:term":[{"taxonomy":"pwb-brand","embeddable":true,"href":"https:\/\/www.autonvaraosahaku.fi\/index.php?rest_route=%2Fwp%2Fv2%2Fpwb-brand&post=63296"},{"taxonomy":"product_cat","embeddable":true,"href":"https:\/\/www.autonvaraosahaku.fi\/index.php?rest_route=%2Fwp%2Fv2%2Fproduct_cat&post=63296"},{"taxonomy":"product_tag","embeddable":true,"href":"https:\/\/www.autonvaraosahaku.fi\/index.php?rest_route=%2Fwp%2Fv2%2Fproduct_tag&post=63296"}],"curies":[{"name":"wp","href":"https:\/\/api.w.org\/{rel}","templated":true}]}}