{"id":63333,"date":"2021-02-21T18:34:35","date_gmt":"2021-02-21T18:34:35","guid":{"rendered":"https:\/\/www.autonvaraosahaku.fi\/?product=stabilus-926850-konepellin-kaasujousi"},"modified":"2021-02-21T18:34:38","modified_gmt":"2021-02-21T18:34:38","slug":"stabilus-926850-konepellin-kaasujousi","status":"publish","type":"product","link":"https:\/\/www.autonvaraosahaku.fi\/?product=stabilus-926850-konepellin-kaasujousi","title":{"rendered":"STABILUS 926850 Konepellin kaasujousi"},"content":{"rendered":"<p>Ty\u00f6nt\u00f6voima [N]: 280; Pituus (mm): 584; Isku (mm): 202; Lis\u00e4tarvike\/lis\u00e4tieto: Alkuper\u00e4iset liittimet tulee k\u00e4ytt\u00e4\u00e4 uudestaan; Tuotelinja: \/\/  LIFT-O-MAT\u00ae; Asennuspuoli: rechts; MERCEDES-BENZ: C-CLASS W203,C-CLASS T-Model S203,C-CLASS Coupe CL203,CLK C209,CLK Cabriolet A209; 2038800029, A2038800029; Kaasujousi, Konepelti<\/p>\n","protected":false},"excerpt":{"rendered":"<p>STABILUS Konepellin Kaasujousi 926850 Kaasujousi, Konepelti MERCEDES-BENZ,C-CLASS W203,C-CLASS T-Model S203,C-CLASS Coupe CL203,CLK C209<\/p>\n","protected":false},"featured_media":0,"template":"","meta":{"site-sidebar-layout":"default","site-content-layout":"default","ast-global-header-display":"","ast-main-header-display":"","ast-hfb-above-header-display":"","ast-hfb-below-header-display":"","ast-hfb-mobile-header-display":"","site-post-title":"","ast-breadcrumbs-content":"","ast-featured-img":"","footer-sml-layout":"","theme-transparent-header-meta":"","adv-header-id-meta":"","stick-header-meta":"","header-above-stick-meta":"","header-main-stick-meta":"","header-below-stick-meta":""},"pwb-brand":[218],"product_cat":[194],"product_tag":[],"class_list":{"0":"post-63333","1":"product","2":"type-product","3":"status-publish","5":"pwb-brand-stabilus","6":"product_cat-konepellin-kaasujousi","7":"desktop-align-left","8":"tablet-align-left","9":"mobile-align-left","11":"first","12":"instock","13":"product-type-external"},"brands":[{"id":218,"name":"STABILUS","slug":"stabilus"}],"_links":{"self":[{"href":"https:\/\/www.autonvaraosahaku.fi\/index.php?rest_route=\/wp\/v2\/product\/63333","targetHints":{"allow":["GET"]}}],"collection":[{"href":"https:\/\/www.autonvaraosahaku.fi\/index.php?rest_route=\/wp\/v2\/product"}],"about":[{"href":"https:\/\/www.autonvaraosahaku.fi\/index.php?rest_route=\/wp\/v2\/types\/product"}],"wp:attachment":[{"href":"https:\/\/www.autonvaraosahaku.fi\/index.php?rest_route=%2Fwp%2Fv2%2Fmedia&parent=63333"}],"wp:term":[{"taxonomy":"pwb-brand","embeddable":true,"href":"https:\/\/www.autonvaraosahaku.fi\/index.php?rest_route=%2Fwp%2Fv2%2Fpwb-brand&post=63333"},{"taxonomy":"product_cat","embeddable":true,"href":"https:\/\/www.autonvaraosahaku.fi\/index.php?rest_route=%2Fwp%2Fv2%2Fproduct_cat&post=63333"},{"taxonomy":"product_tag","embeddable":true,"href":"https:\/\/www.autonvaraosahaku.fi\/index.php?rest_route=%2Fwp%2Fv2%2Fproduct_tag&post=63333"}],"curies":[{"name":"wp","href":"https:\/\/api.w.org\/{rel}","templated":true}]}}