{"id":63380,"date":"2021-02-21T18:34:46","date_gmt":"2021-02-21T18:34:46","guid":{"rendered":"https:\/\/www.autonvaraosahaku.fi\/?product=ridex-82b0404-jarrulevyt"},"modified":"2021-02-21T18:34:49","modified_gmt":"2021-02-21T18:34:49","slug":"ridex-82b0404-jarrulevyt","status":"publish","type":"product","link":"https:\/\/www.autonvaraosahaku.fi\/?product=ridex-82b0404-jarrulevyt","title":{"rendered":"RIDEX 82B0404 Jarrulevyt"},"content":{"rendered":"<p>Asennuspuoli: Etuakseli, Vorderachse; Jarrulevyn paksuus (mm): 22; Jarrulevytyyppi: Tuuletettu, sis\u00e4; L\u00e4pimitta [mm]: 257; M\u00e4\u00e4r\u00e4tty kiertosuunta: ; ei sidoksissa kulkusuuntaan: ; Jarruj\u00e4rjestelm\u00e4: NISSAN; keskitt\u00e4misl\u00e4pimitta [mm]: 68; V\u00e4himm\u00e4ispaksuus (mm): 20; Korkeus (mm): 49; Reik\u00e4ympyr\u00e4-\u00d8 [mm]: 114,3; Reik\u00e4kuvio\/-m\u00e4\u00e4r\u00e4: 4\/6; Sis\u00e4l\u00e4pimitta [mm]: 144; Py\u00f6r\u00e4npulttireik\u00e4-\u00d8 [mm]: 12,6; NISSAN: ALMERA II Hatchback N16,PRIMERA P11,PRIMERA Hatchback P11,ALMERA Mk II N16,200 SX S13,PRIMERA P10,PRIMERA Hatchback P10,PRIMERA Traveller W10,ALMERA Classic B10,PRAIRIE PRO M11; 402064M402, 402064M405, 4020671, 40206710, 402067100, 402067100000, 4020671000000, 4020671E00, 4020671E01, 4020671E02, 4020671E05, 4020671E06, 4020693J00, 4020693J01, 4020693J02; Jarrulevy<\/p>\n","protected":false},"excerpt":{"rendered":"<p>RIDEX Jarrulevyt 82B0404 Jarrulevy NISSAN,ALMERA II Hatchback N16,PRIMERA P11,PRIMERA Hatchback P11,ALMERA Mk II N16,200 SX S13,PRIMERA P10<\/p>\n","protected":false},"featured_media":0,"template":"","meta":{"site-sidebar-layout":"default","site-content-layout":"default","ast-global-header-display":"","ast-main-header-display":"","ast-hfb-above-header-display":"","ast-hfb-below-header-display":"","ast-hfb-mobile-header-display":"","site-post-title":"","ast-breadcrumbs-content":"","ast-featured-img":"","footer-sml-layout":"","theme-transparent-header-meta":"","adv-header-id-meta":"","stick-header-meta":"","header-above-stick-meta":"","header-main-stick-meta":"","header-below-stick-meta":""},"pwb-brand":[157],"product_cat":[66],"product_tag":[],"class_list":{"0":"post-63380","1":"product","2":"type-product","3":"status-publish","5":"pwb-brand-ridex","6":"product_cat-jarrulevyt","7":"desktop-align-left","8":"tablet-align-left","9":"mobile-align-left","11":"first","12":"instock","13":"product-type-external"},"brands":[{"id":157,"name":"RIDEX","slug":"ridex"}],"_links":{"self":[{"href":"https:\/\/www.autonvaraosahaku.fi\/index.php?rest_route=\/wp\/v2\/product\/63380","targetHints":{"allow":["GET"]}}],"collection":[{"href":"https:\/\/www.autonvaraosahaku.fi\/index.php?rest_route=\/wp\/v2\/product"}],"about":[{"href":"https:\/\/www.autonvaraosahaku.fi\/index.php?rest_route=\/wp\/v2\/types\/product"}],"wp:attachment":[{"href":"https:\/\/www.autonvaraosahaku.fi\/index.php?rest_route=%2Fwp%2Fv2%2Fmedia&parent=63380"}],"wp:term":[{"taxonomy":"pwb-brand","embeddable":true,"href":"https:\/\/www.autonvaraosahaku.fi\/index.php?rest_route=%2Fwp%2Fv2%2Fpwb-brand&post=63380"},{"taxonomy":"product_cat","embeddable":true,"href":"https:\/\/www.autonvaraosahaku.fi\/index.php?rest_route=%2Fwp%2Fv2%2Fproduct_cat&post=63380"},{"taxonomy":"product_tag","embeddable":true,"href":"https:\/\/www.autonvaraosahaku.fi\/index.php?rest_route=%2Fwp%2Fv2%2Fproduct_tag&post=63380"}],"curies":[{"name":"wp","href":"https:\/\/api.w.org\/{rel}","templated":true}]}}