{"id":63385,"date":"2021-02-21T18:34:51","date_gmt":"2021-02-21T18:34:51","guid":{"rendered":"https:\/\/www.autonvaraosahaku.fi\/?product=frenkit-248056-jarrusatula-korjaussarja"},"modified":"2021-02-21T18:34:52","modified_gmt":"2021-02-21T18:34:52","slug":"frenkit-248056-jarrusatula-korjaussarja","status":"publish","type":"product","link":"https:\/\/www.autonvaraosahaku.fi\/?product=frenkit-248056-jarrusatula-korjaussarja","title":{"rendered":"FRENKIT 248056 Jarrusatula korjaussarja"},"content":{"rendered":"<p>L\u00e4pimitta [mm]: 48; Asennuspuoli: Etuakseli, Taka-akseli; Jarruj\u00e4rjestelm\u00e4: Bosch; SUZUKI: WAGON R+ MM,IGNIS II,WAGON R; SUBARU: JUSTY III G3X; OPEL: AGILA A H00; TOYOTA: AYGO WNB1_, KGB1_,AYGO PAB4_, KGB4_; FIAT: DUCATO Kasten 250,DUCATO Pritsche\/Fahrgestell 250,DUCATO Bus 250; CITRO\u00cbN: C1 PM_, PN_,JUMPER Kasten,JUMPER Bus,JUMPER Pritsche\/Fahrgestell,C1 II; PEUGEOT: 206 Schr\u00e4gheck 2A\/C,107,206 SW 2E\/K,206+ T3E,BOXER Kasten,BOXER Bus,206 Stufenheck,BOXER Pritsche\/Fahrgestell,206 Van,108; 4427A5; Korjaussarja, Jarrusatula<\/p>\n","protected":false},"excerpt":{"rendered":"<p>FRENKIT Jarrusatula Korjaussarja 248056 Korjaussarja, Jarrusatula SUZUKI,SUBARU,OPEL,WAGON R+ MM,IGNIS II,WAGON R,JUSTY III G3X,AGILA A H00<\/p>\n","protected":false},"featured_media":0,"template":"","meta":{"site-sidebar-layout":"default","site-content-layout":"default","ast-global-header-display":"","ast-main-header-display":"","ast-hfb-above-header-display":"","ast-hfb-below-header-display":"","ast-hfb-mobile-header-display":"","site-post-title":"","ast-breadcrumbs-content":"","ast-featured-img":"","footer-sml-layout":"","theme-transparent-header-meta":"","adv-header-id-meta":"","stick-header-meta":"","header-above-stick-meta":"","header-main-stick-meta":"","header-below-stick-meta":""},"pwb-brand":[474],"product_cat":[57],"product_tag":[],"class_list":{"0":"post-63385","1":"product","2":"type-product","3":"status-publish","5":"pwb-brand-frenkit","6":"product_cat-jarrusatula-korjaussarja","7":"desktop-align-left","8":"tablet-align-left","9":"mobile-align-left","11":"first","12":"instock","13":"product-type-external"},"brands":[{"id":474,"name":"FRENKIT","slug":"frenkit"}],"_links":{"self":[{"href":"https:\/\/www.autonvaraosahaku.fi\/index.php?rest_route=\/wp\/v2\/product\/63385","targetHints":{"allow":["GET"]}}],"collection":[{"href":"https:\/\/www.autonvaraosahaku.fi\/index.php?rest_route=\/wp\/v2\/product"}],"about":[{"href":"https:\/\/www.autonvaraosahaku.fi\/index.php?rest_route=\/wp\/v2\/types\/product"}],"wp:attachment":[{"href":"https:\/\/www.autonvaraosahaku.fi\/index.php?rest_route=%2Fwp%2Fv2%2Fmedia&parent=63385"}],"wp:term":[{"taxonomy":"pwb-brand","embeddable":true,"href":"https:\/\/www.autonvaraosahaku.fi\/index.php?rest_route=%2Fwp%2Fv2%2Fpwb-brand&post=63385"},{"taxonomy":"product_cat","embeddable":true,"href":"https:\/\/www.autonvaraosahaku.fi\/index.php?rest_route=%2Fwp%2Fv2%2Fproduct_cat&post=63385"},{"taxonomy":"product_tag","embeddable":true,"href":"https:\/\/www.autonvaraosahaku.fi\/index.php?rest_route=%2Fwp%2Fv2%2Fproduct_tag&post=63385"}],"curies":[{"name":"wp","href":"https:\/\/api.w.org\/{rel}","templated":true}]}}