{"id":63387,"date":"2021-02-21T18:34:51","date_gmt":"2021-02-21T18:34:51","guid":{"rendered":"https:\/\/www.autonvaraosahaku.fi\/?product=ridex-310t0046-kiristysrulla"},"modified":"2021-02-21T18:34:52","modified_gmt":"2021-02-21T18:34:52","slug":"ridex-310t0046-kiristysrulla","status":"publish","type":"product","link":"https:\/\/www.autonvaraosahaku.fi\/?product=ridex-310t0046-kiristysrulla","title":{"rendered":"RIDEX 310T0046 Kiristysrulla"},"content":{"rendered":"<p>Hihnapy\u00f6r\u00e4-\u00d8[mm]: 55,0; Korkeus 1 (mm): 25,5; Korkeus 2 (mm): 78,0; Paino [kg]: 0,66; FORD: FIESTA V JH_, JD_,FUSION JU_; PEUGEOT: 206 Schr\u00e4gheck 2A\/C,407 SW 6E_,307 3A\/C,206 SW 2E\/K,407 6D_,PARTNER Combispace 5F,PARTNER Kasten 5,206 Van; CITRO\u00cbN: XSARA PICASSO N68,C3 I FC_,C5 II Break RE_,XSARA N1,C5 II RC_,XSARA Break N2,XSARA Coupe N0; MAZDA: 2 DY; 1613840380, 575189, 9638380780, 9655198980, 9655321080, 1143406, 1197596, 1214747, 1329630, 1357587, 1480012, 2S616A228AC, 2S616A228AD, 2S616A228AE, 2S616A228AF, 2S616A228AG, Y40115980A, Y40115980AX, Y40115980B, Y40115980C, 1613840380, 575189, 9638380780, 9655198980, 4916073J00; Kiristysrulla, Moniurahihna<\/p>\n","protected":false},"excerpt":{"rendered":"<p>RIDEX Kiristysrulla 310T0046 Kiristysrulla, Moniurahihna FORD,PEUGEOT,CITRO\u00cbN,FIESTA V JH_, JD_,FUSION JU_,206 Schr\u00e4gheck 2A\/C,407 SW 6E_,307 3A\/C<\/p>\n","protected":false},"featured_media":0,"template":"","meta":{"site-sidebar-layout":"default","site-content-layout":"default","ast-global-header-display":"","ast-main-header-display":"","ast-hfb-above-header-display":"","ast-hfb-below-header-display":"","ast-hfb-mobile-header-display":"","site-post-title":"","ast-breadcrumbs-content":"","ast-featured-img":"","footer-sml-layout":"","theme-transparent-header-meta":"","adv-header-id-meta":"","stick-header-meta":"","header-above-stick-meta":"","header-main-stick-meta":"","header-below-stick-meta":""},"pwb-brand":[157],"product_cat":[282],"product_tag":[],"class_list":{"0":"post-63387","1":"product","2":"type-product","3":"status-publish","5":"pwb-brand-ridex","6":"product_cat-kiristysrulla","7":"desktop-align-left","8":"tablet-align-left","9":"mobile-align-left","11":"first","12":"instock","13":"product-type-external"},"brands":[{"id":157,"name":"RIDEX","slug":"ridex"}],"_links":{"self":[{"href":"https:\/\/www.autonvaraosahaku.fi\/index.php?rest_route=\/wp\/v2\/product\/63387","targetHints":{"allow":["GET"]}}],"collection":[{"href":"https:\/\/www.autonvaraosahaku.fi\/index.php?rest_route=\/wp\/v2\/product"}],"about":[{"href":"https:\/\/www.autonvaraosahaku.fi\/index.php?rest_route=\/wp\/v2\/types\/product"}],"wp:attachment":[{"href":"https:\/\/www.autonvaraosahaku.fi\/index.php?rest_route=%2Fwp%2Fv2%2Fmedia&parent=63387"}],"wp:term":[{"taxonomy":"pwb-brand","embeddable":true,"href":"https:\/\/www.autonvaraosahaku.fi\/index.php?rest_route=%2Fwp%2Fv2%2Fpwb-brand&post=63387"},{"taxonomy":"product_cat","embeddable":true,"href":"https:\/\/www.autonvaraosahaku.fi\/index.php?rest_route=%2Fwp%2Fv2%2Fproduct_cat&post=63387"},{"taxonomy":"product_tag","embeddable":true,"href":"https:\/\/www.autonvaraosahaku.fi\/index.php?rest_route=%2Fwp%2Fv2%2Fproduct_tag&post=63387"}],"curies":[{"name":"wp","href":"https:\/\/api.w.org\/{rel}","templated":true}]}}