{"id":63388,"date":"2021-02-21T18:34:51","date_gmt":"2021-02-21T18:34:51","guid":{"rendered":"https:\/\/www.autonvaraosahaku.fi\/?product=frenkit-248014-jarrusatula-korjaussarja"},"modified":"2021-02-21T18:34:52","modified_gmt":"2021-02-21T18:34:52","slug":"frenkit-248014-jarrusatula-korjaussarja","status":"publish","type":"product","link":"https:\/\/www.autonvaraosahaku.fi\/?product=frenkit-248014-jarrusatula-korjaussarja","title":{"rendered":"FRENKIT 248014 Jarrusatula korjaussarja"},"content":{"rendered":"<p>L\u00e4pimitta [mm]: 48; Asennuspuoli: Etuakseli; Jarruj\u00e4rjestelm\u00e4: Bendix\/Girl\/Luc\/Trw; Jarrulevypaksuudelle [mm]: 12; VW: PASSAT 32,PASSAT Variant 33; AUDI: 100 44, 44Q, C3,80 81, 85, B2,100 Avant 44, 44Q, C3,COUPE 81, 85,100 43, C2,100 Avant 43, C2; SUZUKI: VITARA ET, TA; SEAT: 127 127A; LANCIA: Y 840A,DELTA I 831AB0,DEDRA 835,Y10 156,DEDRA SW 835,PRISMA 831AB0; BMW: 3 E30,3 Cabriolet E30,3 Touring E30,Z1; VOLVO: 340-360 343, 345,340-360 Stufenheck 344; ALFA ROMEO: 155 167,33 907A,33 Sportwagon 907B; RENAULT: LAGUNA I B56_, 556_,5 122_,18 134_,18 Variable 135_,12 Variable 117_; FIAT: PUNTO 188,PUNTO 176,PANDA 141A_,PUNTO Cabriolet 176C,UNO 146A\/E,TIPO 160,TEMPRA 159,PUNTO Van 176L,TEMPRA S.W. 159,REGATA 138,ARGENTA 132A,PALIO 178BX,REGATA Weekend 138; 321698471, 9944494, 7701201060, 7701203977, 00000A00718, 5510060820, 5510086820, 32777690; Korjaussarja, Jarrusatula<\/p>\n","protected":false},"excerpt":{"rendered":"<p>FRENKIT Jarrusatula Korjaussarja 248014 Korjaussarja, Jarrusatula VW,AUDI,SUZUKI,PASSAT 32,PASSAT Variant 33,100 44, 44Q, C3,80 81, 85, B2<\/p>\n","protected":false},"featured_media":0,"template":"","meta":{"site-sidebar-layout":"default","site-content-layout":"default","ast-global-header-display":"","ast-main-header-display":"","ast-hfb-above-header-display":"","ast-hfb-below-header-display":"","ast-hfb-mobile-header-display":"","site-post-title":"","ast-breadcrumbs-content":"","ast-featured-img":"","footer-sml-layout":"","theme-transparent-header-meta":"","adv-header-id-meta":"","stick-header-meta":"","header-above-stick-meta":"","header-main-stick-meta":"","header-below-stick-meta":""},"pwb-brand":[474],"product_cat":[57],"product_tag":[],"class_list":{"0":"post-63388","1":"product","2":"type-product","3":"status-publish","5":"pwb-brand-frenkit","6":"product_cat-jarrusatula-korjaussarja","7":"desktop-align-left","8":"tablet-align-left","9":"mobile-align-left","11":"first","12":"instock","13":"product-type-external"},"brands":[{"id":474,"name":"FRENKIT","slug":"frenkit"}],"_links":{"self":[{"href":"https:\/\/www.autonvaraosahaku.fi\/index.php?rest_route=\/wp\/v2\/product\/63388","targetHints":{"allow":["GET"]}}],"collection":[{"href":"https:\/\/www.autonvaraosahaku.fi\/index.php?rest_route=\/wp\/v2\/product"}],"about":[{"href":"https:\/\/www.autonvaraosahaku.fi\/index.php?rest_route=\/wp\/v2\/types\/product"}],"wp:attachment":[{"href":"https:\/\/www.autonvaraosahaku.fi\/index.php?rest_route=%2Fwp%2Fv2%2Fmedia&parent=63388"}],"wp:term":[{"taxonomy":"pwb-brand","embeddable":true,"href":"https:\/\/www.autonvaraosahaku.fi\/index.php?rest_route=%2Fwp%2Fv2%2Fpwb-brand&post=63388"},{"taxonomy":"product_cat","embeddable":true,"href":"https:\/\/www.autonvaraosahaku.fi\/index.php?rest_route=%2Fwp%2Fv2%2Fproduct_cat&post=63388"},{"taxonomy":"product_tag","embeddable":true,"href":"https:\/\/www.autonvaraosahaku.fi\/index.php?rest_route=%2Fwp%2Fv2%2Fproduct_tag&post=63388"}],"curies":[{"name":"wp","href":"https:\/\/api.w.org\/{rel}","templated":true}]}}