{"id":63403,"date":"2021-02-21T18:34:56","date_gmt":"2021-02-21T18:34:56","guid":{"rendered":"https:\/\/www.autonvaraosahaku.fi\/?product=fa1-003-940-pakoputken-asennussarja"},"modified":"2021-02-21T18:34:56","modified_gmt":"2021-02-21T18:34:56","slug":"fa1-003-940-pakoputken-asennussarja","status":"publish","type":"product","link":"https:\/\/www.autonvaraosahaku.fi\/?product=fa1-003-940-pakoputken-asennussarja","title":{"rendered":"FA1 003-940 Pakoputken asennussarja"},"content":{"rendered":"<p>Pakoputkisto: keski\u00e4\u00e4nenvaimentajalle; Sis\u00e4l\u00e4pimitta [mm]: 40; Ulkol\u00e4pimitta [mm]: 66; Korkeus (mm): 13; Materiaali: Kumi; Valmistusvuosi alkaen: 08\/1972; MAZDA: 323 III Hatchback BF,626 II Hatchback GC,323 III BF,323 III Station Wagon BW,323 II Hatchback BD,323 II BD; MERCEDES-BENZ: T2\/L Pritsche\/Fahrgestell; OPEL: KADETT E CC 33_, 34_, 43_, 44_,MANTA B 58_, 59_,KADETT B,OPEL,KADETT E Cabriolet 43B_,ASCONA B 81_, 86_, 87_, 88_,ASCONA C 81_, 86_, 87_, 88_,KADETT D 31_-34_, 41_-44_,KADETT E 39_, 49_,KADETT B Coupe,ASCONA C CC 84_, 89_,KADETT E Caravan 35_, 36_, 45_, 46_,MANTA B CC 53_, 55_,KADETT E Kasten 37_, 47_,ARENA Kasten TB, TF,KADETT E Combo 38_, 48_; DACIA: 1310 Stufenheck U, X; VOLVO: 340-360 343, 345,340-360 Stufenheck 344; RENAULT: SC\u00c9NIC I JA0\/1_,MEGANE Scenic JA0\/1_,MEGANE I BA0\/1_,MEGANE I Grandtour KA0\/1_,MEGANE I Cabriolet EA0\/1_,MEGANE I Classic LA0\/1_,MEGANE I Coach DA0\/1_,TRAFIC Kasten TXX,TRAFIC Bus TXW,ESPACE I J11_,12,25 B29_,TRAFIC Kasten T1, T3, T4,TRAFIC Bus T5, T6, T7,18 134_,18 Variable 135_,30 127_,FUEGO 136_,12 Variable 117_,MASTER I Bus T__,20 127_,TRAFIC Pritsche\/Fahrgestell P6,MASTER I Pritsche\/Fahrgestell P__,TRAFIC Pritsche\/Fahrgestell PXX,15 130_,14 121_; MITSUBISHI: GALANT III E1_A,CORDIA A21_A, AB,TREDIA A21_; TALBOT: HORIZON,SOLARA; 7700630740, 7700846928, 7700849696, 2890853, 4400949, 852703, 852705, 9108949, 7700630740, 7700846928, 7700849696, 30100099<\/p>\n","protected":false},"excerpt":{"rendered":"<p>FA1 Kiinnitin, \u00c4\u00e4nenvaimentaja 003-940  MAZDA,MERCEDES-BENZ,OPEL,323 III Hatchback BF,626 II Hatchback GC,323 III BF,323 III Station Wagon BW<\/p>\n","protected":false},"featured_media":0,"template":"","meta":{"site-sidebar-layout":"default","site-content-layout":"default","ast-global-header-display":"","ast-main-header-display":"","ast-hfb-above-header-display":"","ast-hfb-below-header-display":"","ast-hfb-mobile-header-display":"","site-post-title":"","ast-breadcrumbs-content":"","ast-featured-img":"","footer-sml-layout":"","theme-transparent-header-meta":"","adv-header-id-meta":"","stick-header-meta":"","header-above-stick-meta":"","header-main-stick-meta":"","header-below-stick-meta":""},"pwb-brand":[39],"product_cat":[101],"product_tag":[],"class_list":{"0":"post-63403","1":"product","2":"type-product","3":"status-publish","5":"pwb-brand-fa1","6":"product_cat-pakoputken-asennussarja","7":"desktop-align-left","8":"tablet-align-left","9":"mobile-align-left","11":"first","12":"instock","13":"product-type-external"},"brands":[{"id":39,"name":"FA1","slug":"fa1"}],"_links":{"self":[{"href":"https:\/\/www.autonvaraosahaku.fi\/index.php?rest_route=\/wp\/v2\/product\/63403","targetHints":{"allow":["GET"]}}],"collection":[{"href":"https:\/\/www.autonvaraosahaku.fi\/index.php?rest_route=\/wp\/v2\/product"}],"about":[{"href":"https:\/\/www.autonvaraosahaku.fi\/index.php?rest_route=\/wp\/v2\/types\/product"}],"wp:attachment":[{"href":"https:\/\/www.autonvaraosahaku.fi\/index.php?rest_route=%2Fwp%2Fv2%2Fmedia&parent=63403"}],"wp:term":[{"taxonomy":"pwb-brand","embeddable":true,"href":"https:\/\/www.autonvaraosahaku.fi\/index.php?rest_route=%2Fwp%2Fv2%2Fpwb-brand&post=63403"},{"taxonomy":"product_cat","embeddable":true,"href":"https:\/\/www.autonvaraosahaku.fi\/index.php?rest_route=%2Fwp%2Fv2%2Fproduct_cat&post=63403"},{"taxonomy":"product_tag","embeddable":true,"href":"https:\/\/www.autonvaraosahaku.fi\/index.php?rest_route=%2Fwp%2Fv2%2Fproduct_tag&post=63403"}],"curies":[{"name":"wp","href":"https:\/\/api.w.org\/{rel}","templated":true}]}}