{"id":63452,"date":"2021-02-21T18:35:06","date_gmt":"2021-02-21T18:35:06","guid":{"rendered":"https:\/\/www.autonvaraosahaku.fi\/?product=ridex-78b0044-jarrusatula"},"modified":"2021-02-21T18:35:08","modified_gmt":"2021-02-21T18:35:08","slug":"ridex-78b0044-jarrusatula","status":"publish","type":"product","link":"https:\/\/www.autonvaraosahaku.fi\/?product=ridex-78b0044-jarrusatula","title":{"rendered":"RIDEX 78B0044 Jarrusatula"},"content":{"rendered":"<p>Vaihto-osa: ; Sylinterim\u00e4nn\u00e4n halkaisija [mm]: 45; Leveys, sis\u00e4 (mm): 57,85; Materiaali: Harmaa valurauta, Valurauta; Kiinnityrreikien et\u00e4isyys [mm]: 130; Lis\u00e4tarvike\/lis\u00e4tieto: Ilman pidikett\u00e4; Asennuspuoli: Taka-akseli, oikea; Oviluku: 3; MITSUBISHI: PAJERO PININ H6_W, H7_W,PAJERO III V7_W, V6_W,PAJERO IV V8_W, V9_W,PAJERO IV Van V90, V80,PAJERO II V3_W,PAJERO III Gel\u00e4ndewagen offen V6_W, V7_W; MR510542<\/p>\n","protected":false},"excerpt":{"rendered":"<p>RIDEX Jarrusatula 78B0044  MITSUBISHI,PAJERO PININ H6_W, H7_W,PAJERO III V7_W, V6_W,PAJERO IV V8_W, V9_W,PAJERO IV Van V90, V80,PAJERO II V3_W<\/p>\n","protected":false},"featured_media":0,"template":"","meta":{"site-sidebar-layout":"default","site-content-layout":"default","ast-global-header-display":"","ast-main-header-display":"","ast-hfb-above-header-display":"","ast-hfb-below-header-display":"","ast-hfb-mobile-header-display":"","site-post-title":"","ast-breadcrumbs-content":"","ast-featured-img":"","footer-sml-layout":"","theme-transparent-header-meta":"","adv-header-id-meta":"","stick-header-meta":"","header-above-stick-meta":"","header-main-stick-meta":"","header-below-stick-meta":""},"pwb-brand":[157],"product_cat":[177],"product_tag":[],"class_list":{"0":"post-63452","1":"product","2":"type-product","3":"status-publish","5":"pwb-brand-ridex","6":"product_cat-jarrusatula","7":"desktop-align-left","8":"tablet-align-left","9":"mobile-align-left","11":"first","12":"instock","13":"product-type-external"},"brands":[{"id":157,"name":"RIDEX","slug":"ridex"}],"_links":{"self":[{"href":"https:\/\/www.autonvaraosahaku.fi\/index.php?rest_route=\/wp\/v2\/product\/63452","targetHints":{"allow":["GET"]}}],"collection":[{"href":"https:\/\/www.autonvaraosahaku.fi\/index.php?rest_route=\/wp\/v2\/product"}],"about":[{"href":"https:\/\/www.autonvaraosahaku.fi\/index.php?rest_route=\/wp\/v2\/types\/product"}],"wp:attachment":[{"href":"https:\/\/www.autonvaraosahaku.fi\/index.php?rest_route=%2Fwp%2Fv2%2Fmedia&parent=63452"}],"wp:term":[{"taxonomy":"pwb-brand","embeddable":true,"href":"https:\/\/www.autonvaraosahaku.fi\/index.php?rest_route=%2Fwp%2Fv2%2Fpwb-brand&post=63452"},{"taxonomy":"product_cat","embeddable":true,"href":"https:\/\/www.autonvaraosahaku.fi\/index.php?rest_route=%2Fwp%2Fv2%2Fproduct_cat&post=63452"},{"taxonomy":"product_tag","embeddable":true,"href":"https:\/\/www.autonvaraosahaku.fi\/index.php?rest_route=%2Fwp%2Fv2%2Fproduct_tag&post=63452"}],"curies":[{"name":"wp","href":"https:\/\/api.w.org\/{rel}","templated":true}]}}