{"id":63456,"date":"2021-02-21T18:35:06","date_gmt":"2021-02-21T18:35:06","guid":{"rendered":"https:\/\/www.autonvaraosahaku.fi\/?product=reinz-71-10574-00-imusarjan-tiivisteet"},"modified":"2021-02-21T18:35:09","modified_gmt":"2021-02-21T18:35:09","slug":"reinz-71-10574-00-imusarjan-tiivisteet","status":"publish","type":"product","link":"https:\/\/www.autonvaraosahaku.fi\/?product=reinz-71-10574-00-imusarjan-tiivisteet","title":{"rendered":"REINZ 71-10574-00 Imusarjan tiivisteet"},"content":{"rendered":"<p>Tarvittava kappalem\u00e4\u00e4r\u00e4: 2; VW: TOUAREG 7LA, 7L6, 7L7; AUDI: A6 Avant 4F5, C6,A4 Avant 8ED, B7,A6 4F2, C6,A5 8T3,A4 Cabriolet 8H7, B6, 8HE, B7,A4 8EC, B7,Q7 4L,A8 4E_,A6 Allroad 4FH, C6,R8 42,R8 Spyder; 079133074B, 079133074B; Tiiviste, Imusarja<\/p>\n","protected":false},"excerpt":{"rendered":"<p>REINZ Imusarjan Tiivisteet 71-10574-00 Tiiviste, Imusarja VW,AUDI,TOUAREG 7LA, 7L6, 7L7,A6 Avant 4F5, C6,A4 Avant 8ED, B7,A6 4F2, C6,A5 8T3<\/p>\n","protected":false},"featured_media":0,"template":"","meta":{"site-sidebar-layout":"default","site-content-layout":"default","ast-global-header-display":"","ast-main-header-display":"","ast-hfb-above-header-display":"","ast-hfb-below-header-display":"","ast-hfb-mobile-header-display":"","site-post-title":"","ast-breadcrumbs-content":"","ast-featured-img":"","footer-sml-layout":"","theme-transparent-header-meta":"","adv-header-id-meta":"","stick-header-meta":"","header-above-stick-meta":"","header-main-stick-meta":"","header-below-stick-meta":""},"pwb-brand":[138],"product_cat":[43],"product_tag":[],"class_list":{"0":"post-63456","1":"product","2":"type-product","3":"status-publish","5":"pwb-brand-reinz","6":"product_cat-imusarjan-tiivisteet","7":"desktop-align-left","8":"tablet-align-left","9":"mobile-align-left","11":"first","12":"instock","13":"product-type-external"},"brands":[{"id":138,"name":"REINZ","slug":"reinz"}],"_links":{"self":[{"href":"https:\/\/www.autonvaraosahaku.fi\/index.php?rest_route=\/wp\/v2\/product\/63456","targetHints":{"allow":["GET"]}}],"collection":[{"href":"https:\/\/www.autonvaraosahaku.fi\/index.php?rest_route=\/wp\/v2\/product"}],"about":[{"href":"https:\/\/www.autonvaraosahaku.fi\/index.php?rest_route=\/wp\/v2\/types\/product"}],"wp:attachment":[{"href":"https:\/\/www.autonvaraosahaku.fi\/index.php?rest_route=%2Fwp%2Fv2%2Fmedia&parent=63456"}],"wp:term":[{"taxonomy":"pwb-brand","embeddable":true,"href":"https:\/\/www.autonvaraosahaku.fi\/index.php?rest_route=%2Fwp%2Fv2%2Fpwb-brand&post=63456"},{"taxonomy":"product_cat","embeddable":true,"href":"https:\/\/www.autonvaraosahaku.fi\/index.php?rest_route=%2Fwp%2Fv2%2Fproduct_cat&post=63456"},{"taxonomy":"product_tag","embeddable":true,"href":"https:\/\/www.autonvaraosahaku.fi\/index.php?rest_route=%2Fwp%2Fv2%2Fproduct_tag&post=63456"}],"curies":[{"name":"wp","href":"https:\/\/api.w.org\/{rel}","templated":true}]}}