{"id":63469,"date":"2021-02-21T18:35:11","date_gmt":"2021-02-21T18:35:11","guid":{"rendered":"https:\/\/www.autonvaraosahaku.fi\/?product=ridex-468i0035-valijaahdytin"},"modified":"2021-02-21T18:35:13","modified_gmt":"2021-02-21T18:35:13","slug":"ridex-468i0035-valijaahdytin","status":"publish","type":"product","link":"https:\/\/www.autonvaraosahaku.fi\/?product=ridex-468i0035-valijaahdytin","title":{"rendered":"RIDEX 468I0035 V\u00e4lij\u00e4\u00e4hdytin"},"content":{"rendered":"<p>Paksuus [mm]: 80; Leveys (mm): 91; Korkeus (mm): 657; TECDOC-moottorinumero: 23743; RENAULT: MEGANE III Grandtour KZ0\/1,SC\u00c9NIC III JZ0\/1_,MEGANE III Schr\u00e4gheck BZ0_,GRAND SC\u00c9NIC III JZ0\/1_,MEGANE III Coupe DZ0\/1_,MEGANE CC EZ0\/1_; 144960006R, 144961285R, 144964990R<\/p>\n","protected":false},"excerpt":{"rendered":"<p>RIDEX V\u00e4lij\u00e4\u00e4hdytin 468I0035  RENAULT,MEGANE III Grandtour KZ0\/1,SC\u00c9NIC III JZ0\/1_,MEGANE III Schr\u00e4gheck BZ0_,GRAND SC\u00c9NIC III JZ0\/1_<\/p>\n","protected":false},"featured_media":0,"template":"","meta":{"site-sidebar-layout":"default","site-content-layout":"default","ast-global-header-display":"","ast-main-header-display":"","ast-hfb-above-header-display":"","ast-hfb-below-header-display":"","ast-hfb-mobile-header-display":"","site-post-title":"","ast-breadcrumbs-content":"","ast-featured-img":"","footer-sml-layout":"","theme-transparent-header-meta":"","adv-header-id-meta":"","stick-header-meta":"","header-above-stick-meta":"","header-main-stick-meta":"","header-below-stick-meta":""},"pwb-brand":[157],"product_cat":[234],"product_tag":[],"class_list":{"0":"post-63469","1":"product","2":"type-product","3":"status-publish","5":"pwb-brand-ridex","6":"product_cat-valijaahdytin","7":"desktop-align-left","8":"tablet-align-left","9":"mobile-align-left","11":"first","12":"instock","13":"product-type-external"},"brands":[{"id":157,"name":"RIDEX","slug":"ridex"}],"_links":{"self":[{"href":"https:\/\/www.autonvaraosahaku.fi\/index.php?rest_route=\/wp\/v2\/product\/63469","targetHints":{"allow":["GET"]}}],"collection":[{"href":"https:\/\/www.autonvaraosahaku.fi\/index.php?rest_route=\/wp\/v2\/product"}],"about":[{"href":"https:\/\/www.autonvaraosahaku.fi\/index.php?rest_route=\/wp\/v2\/types\/product"}],"wp:attachment":[{"href":"https:\/\/www.autonvaraosahaku.fi\/index.php?rest_route=%2Fwp%2Fv2%2Fmedia&parent=63469"}],"wp:term":[{"taxonomy":"pwb-brand","embeddable":true,"href":"https:\/\/www.autonvaraosahaku.fi\/index.php?rest_route=%2Fwp%2Fv2%2Fpwb-brand&post=63469"},{"taxonomy":"product_cat","embeddable":true,"href":"https:\/\/www.autonvaraosahaku.fi\/index.php?rest_route=%2Fwp%2Fv2%2Fproduct_cat&post=63469"},{"taxonomy":"product_tag","embeddable":true,"href":"https:\/\/www.autonvaraosahaku.fi\/index.php?rest_route=%2Fwp%2Fv2%2Fproduct_tag&post=63469"}],"curies":[{"name":"wp","href":"https:\/\/api.w.org\/{rel}","templated":true}]}}