{"id":63475,"date":"2021-02-21T18:35:11","date_gmt":"2021-02-21T18:35:11","guid":{"rendered":"https:\/\/www.autonvaraosahaku.fi\/?product=ridex-3926a0070-ilmamassamittari"},"modified":"2021-02-21T18:35:14","modified_gmt":"2021-02-21T18:35:14","slug":"ridex-3926a0070-ilmamassamittari","status":"publish","type":"product","link":"https:\/\/www.autonvaraosahaku.fi\/?product=ridex-3926a0070-ilmamassamittari","title":{"rendered":"RIDEX 3926A0070 Ilmamassamittari"},"content":{"rendered":"<p>Pituus (mm): 96; Sis\u00e4\u00e4ntulol\u00e4pimitta [mm]: 70; Ulostulon l\u00e4pimitta [mm]: 70; K\u00e4yt\u00f6ss\u00e4 koskettimia: 5; Nimellisj\u00e4nnite (V): 12; Kotelomalli: Kopalla; Moottorinumero: N46 B18 A; BMW: 3 E46,3 Touring E91,3 E90,1 E87,3 Touring E46,3 Compact E46,3 Coupe E46,1 E81,3 Coupe E92,3 Cabriolet E46; 13621438687, 13627566986, 1438687, 7566986; Ilmam\u00e4\u00e4r\u00e4mittari,MAF Anturi<\/p>\n","protected":false},"excerpt":{"rendered":"<p>RIDEX Ilmamassamittari 3926A0070 Ilmam\u00e4\u00e4r\u00e4mittari,MAF Anturi BMW,3 E46,3 Touring E91,3 E90,1 E87,3 Touring E46,3 Compact E46,3 Coupe E46,1 E81<\/p>\n","protected":false},"featured_media":0,"template":"","meta":{"site-sidebar-layout":"default","site-content-layout":"default","ast-global-header-display":"","ast-main-header-display":"","ast-hfb-above-header-display":"","ast-hfb-below-header-display":"","ast-hfb-mobile-header-display":"","site-post-title":"","ast-breadcrumbs-content":"","ast-featured-img":"","footer-sml-layout":"","theme-transparent-header-meta":"","adv-header-id-meta":"","stick-header-meta":"","header-above-stick-meta":"","header-main-stick-meta":"","header-below-stick-meta":""},"pwb-brand":[157],"product_cat":[270],"product_tag":[],"class_list":{"0":"post-63475","1":"product","2":"type-product","3":"status-publish","5":"pwb-brand-ridex","6":"product_cat-ilmamassamittari","7":"desktop-align-left","8":"tablet-align-left","9":"mobile-align-left","11":"first","12":"instock","13":"product-type-external"},"brands":[{"id":157,"name":"RIDEX","slug":"ridex"}],"_links":{"self":[{"href":"https:\/\/www.autonvaraosahaku.fi\/index.php?rest_route=\/wp\/v2\/product\/63475","targetHints":{"allow":["GET"]}}],"collection":[{"href":"https:\/\/www.autonvaraosahaku.fi\/index.php?rest_route=\/wp\/v2\/product"}],"about":[{"href":"https:\/\/www.autonvaraosahaku.fi\/index.php?rest_route=\/wp\/v2\/types\/product"}],"wp:attachment":[{"href":"https:\/\/www.autonvaraosahaku.fi\/index.php?rest_route=%2Fwp%2Fv2%2Fmedia&parent=63475"}],"wp:term":[{"taxonomy":"pwb-brand","embeddable":true,"href":"https:\/\/www.autonvaraosahaku.fi\/index.php?rest_route=%2Fwp%2Fv2%2Fpwb-brand&post=63475"},{"taxonomy":"product_cat","embeddable":true,"href":"https:\/\/www.autonvaraosahaku.fi\/index.php?rest_route=%2Fwp%2Fv2%2Fproduct_cat&post=63475"},{"taxonomy":"product_tag","embeddable":true,"href":"https:\/\/www.autonvaraosahaku.fi\/index.php?rest_route=%2Fwp%2Fv2%2Fproduct_tag&post=63475"}],"curies":[{"name":"wp","href":"https:\/\/api.w.org\/{rel}","templated":true}]}}