{"id":63480,"date":"2021-02-21T18:35:11","date_gmt":"2021-02-21T18:35:11","guid":{"rendered":"https:\/\/www.autonvaraosahaku.fi\/?product=beru-cgp007-hehkutulppa"},"modified":"2021-02-21T18:35:15","modified_gmt":"2021-02-21T18:35:15","slug":"beru-cgp007-hehkutulppa","status":"publish","type":"product","link":"https:\/\/www.autonvaraosahaku.fi\/?product=beru-cgp007-hehkutulppa","title":{"rendered":"BERU CGP007 Hehkutulppa"},"content":{"rendered":"<p>Hehkutulppatyyppi: j\u00e4lkihehkutuksenkest\u00e4v\u00e4, Hehkutulppa, puikko; J\u00e4nnite (V): 7; Liittimet: 4 mm PIN; Kokonaispituus (mm): 168; Asennussyvyys (mm): 26; Kierremitta: M10x1,0; Avainv\u00e4li: 10 mm; Virta (A): 45; Kartionousu: 63; Kiristysmomentti > [Nm]: 15; Kiristysmomentti enint\u00e4\u00e4n [Nm]: 20; Katkeamismomentti [Nm]: 35; lis\u00e4tieto: CGP; Valmistusvuosi alkaen: 01\/2010; NISSAN: QASHQAI \/ QASHQAI +2 J10, JJ10,NAVARA D40,PATHFINDER R51,X-TRAIL T31,NAVARA Pritsche\/Fahrgestell D40,MURANO Z51,PRIMASTAR Bus X83,PRIMASTAR Kasten X83,NV400 Kasten,NV400 Bus,NV400 Pritsche\/Fahrgestell,CABSTAR E Pick-up US; INFINITI: FX,EX,M Y51,Q70 Y51,QX70,QX50; OPEL: VIVARO Kasten F7,VIVARO Combi J7,MOVANO B Kasten,MOVANO B Bus,VIVARO Pritsche\/Fahrgestell E7,MOVANO B Pritsche\/Fahrgestell; RENAULT: SC\u00c9NIC II JM0\/1_,MEGANE III Grandtour KZ0\/1,ESPACE IV JK0\/1_,LAGUNA II Grandtour KG0\/1_,MEGANE II Kombi KM0\/1_,MEGANE II Coup\u00e9-Cabriolet EM0\/1_,SC\u00c9NIC III JZ0\/1_,LAGUNA III Grandtour KT0\/1,MEGANE III Schr\u00e4gheck BZ0_,LAGUNA II BG0\/1_,MEGANE II BM0\/1_, CM0\/1_,TRAFIC II Bus JL,GRAND SC\u00c9NIC III JZ0\/1_,TRAFIC II Kasten FL,MEGANE III Coupe DZ0\/1_,KOLEOS HY_,GRAND SC\u00c9NIC II JM0\/1_,LAGUNA III BT0\/1,MASTER III Kasten FV,MEGANE II Stufenheck LM0\/1_,MEGANE CC EZ0\/1_,VEL SATIS BJ0_,LAGUNA Coupe DT0\/1,MASTER III Bus JV,MASTER III Pritsche\/Fahrgestell EV, HV, UV,LATITUDE L70_,TRAFIC II Pritsche\/Fahrgestell EL; VAUXHALL: MOVANO Mk II B VAN,MOVANO Mk II B Chassis\/Cab; 1106500Q0C, 110655X00A, 4435091, 8200561251<\/p>\n","protected":false},"excerpt":{"rendered":"<p>BERU Hehkutulppa CGP007  NISSAN,INFINITI,OPEL,QASHQAI \/ QASHQAI +2 J10, JJ10,NAVARA D40,PATHFINDER R51,X-TRAIL T31,NAVARA Pritsche\/Fahrgestell D40<\/p>\n","protected":false},"featured_media":0,"template":"","meta":{"site-sidebar-layout":"default","site-content-layout":"default","ast-global-header-display":"","ast-main-header-display":"","ast-hfb-above-header-display":"","ast-hfb-below-header-display":"","ast-hfb-mobile-header-display":"","site-post-title":"","ast-breadcrumbs-content":"","ast-featured-img":"","footer-sml-layout":"","theme-transparent-header-meta":"","adv-header-id-meta":"","stick-header-meta":"","header-above-stick-meta":"","header-main-stick-meta":"","header-below-stick-meta":""},"pwb-brand":[327],"product_cat":[52],"product_tag":[],"class_list":{"0":"post-63480","1":"product","2":"type-product","3":"status-publish","5":"pwb-brand-beru","6":"product_cat-hehkutulppa","7":"desktop-align-left","8":"tablet-align-left","9":"mobile-align-left","11":"first","12":"instock","13":"product-type-external"},"brands":[{"id":327,"name":"BERU","slug":"beru"}],"_links":{"self":[{"href":"https:\/\/www.autonvaraosahaku.fi\/index.php?rest_route=\/wp\/v2\/product\/63480","targetHints":{"allow":["GET"]}}],"collection":[{"href":"https:\/\/www.autonvaraosahaku.fi\/index.php?rest_route=\/wp\/v2\/product"}],"about":[{"href":"https:\/\/www.autonvaraosahaku.fi\/index.php?rest_route=\/wp\/v2\/types\/product"}],"wp:attachment":[{"href":"https:\/\/www.autonvaraosahaku.fi\/index.php?rest_route=%2Fwp%2Fv2%2Fmedia&parent=63480"}],"wp:term":[{"taxonomy":"pwb-brand","embeddable":true,"href":"https:\/\/www.autonvaraosahaku.fi\/index.php?rest_route=%2Fwp%2Fv2%2Fpwb-brand&post=63480"},{"taxonomy":"product_cat","embeddable":true,"href":"https:\/\/www.autonvaraosahaku.fi\/index.php?rest_route=%2Fwp%2Fv2%2Fproduct_cat&post=63480"},{"taxonomy":"product_tag","embeddable":true,"href":"https:\/\/www.autonvaraosahaku.fi\/index.php?rest_route=%2Fwp%2Fv2%2Fproduct_tag&post=63480"}],"curies":[{"name":"wp","href":"https:\/\/api.w.org\/{rel}","templated":true}]}}