{"id":63511,"date":"2021-02-21T18:35:22","date_gmt":"2021-02-21T18:35:22","guid":{"rendered":"https:\/\/www.autonvaraosahaku.fi\/?product=purflux-l566-oljynsuodatin"},"modified":"2021-02-21T18:35:24","modified_gmt":"2021-02-21T18:35:24","slug":"purflux-l566-oljynsuodatin","status":"publish","type":"product","link":"https:\/\/www.autonvaraosahaku.fi\/?product=purflux-l566-oljynsuodatin","title":{"rendered":"PURFLUX L566 \u00d6ljynsuodatin"},"content":{"rendered":"<p>Ulkol\u00e4pimitta [mm]: 90; Sis\u00e4l\u00e4pimitta [mm]: 12; Korkeus (mm): 167; Valmistusvuoteen: 01\/1995; DAEWOO: MUSSO FJ,KORANDO KJ,REXTON GAB_,KORANDO Cabrio KJ; SSANGYONG: MUSSO FJ,RODIUS,ACTYON I,KORANDO KJ,MUSSO SPORTS,KORANDO Cabrio KJ; MERCEDES-BENZ: C-CLASS W202,190 W201,Stufenheck W124,KOMBI Kombi S124,E-CLASS W124,G-CLASS W463,G-CLASS W460,S-CLASS W140,E-CLASS Kombi S124,G-CLASS W461,T1 Bus 601,T1 Pritsche\/Fahrgestell 602,T1 Kasten 602,T1 Pritsche\/Fahrgestell 601,T1 Kasten 601,T1 Bus 602,G-CLASS Cabrio W463; PUCH: G-MODELL W 460,G-MODELL W 461,G-MODELL W 463; AC202, AC6242E, FX0104, 5016966, 6011800009, 6011800109, 6011800210, 6011840025, 6011840125, 611840025, A6011800009, A6011800109, A6011800210, A6011840025, A6011840125, A611840025, 1109E8, 6011800109, 6611803009<\/p>\n","protected":false},"excerpt":{"rendered":"<p>PURFLUX \u00d6ljynsuodatin L566  DAEWOO,SSANGYONG,MERCEDES-BENZ,MUSSO FJ,KORANDO KJ,REXTON GAB_,KORANDO Cabrio KJ,MUSSO FJ,RODIUS,ACTYON I,KORANDO KJ<\/p>\n","protected":false},"featured_media":0,"template":"","meta":{"site-sidebar-layout":"default","site-content-layout":"default","ast-global-header-display":"","ast-main-header-display":"","ast-hfb-above-header-display":"","ast-hfb-below-header-display":"","ast-hfb-mobile-header-display":"","site-post-title":"","ast-breadcrumbs-content":"","ast-featured-img":"","footer-sml-layout":"","theme-transparent-header-meta":"","adv-header-id-meta":"","stick-header-meta":"","header-above-stick-meta":"","header-main-stick-meta":"","header-below-stick-meta":""},"pwb-brand":[303],"product_cat":[30],"product_tag":[],"class_list":{"0":"post-63511","1":"product","2":"type-product","3":"status-publish","5":"pwb-brand-purflux","6":"product_cat-oljynsuodatin","7":"desktop-align-left","8":"tablet-align-left","9":"mobile-align-left","11":"first","12":"instock","13":"product-type-external"},"brands":[{"id":303,"name":"PURFLUX","slug":"purflux"}],"_links":{"self":[{"href":"https:\/\/www.autonvaraosahaku.fi\/index.php?rest_route=\/wp\/v2\/product\/63511","targetHints":{"allow":["GET"]}}],"collection":[{"href":"https:\/\/www.autonvaraosahaku.fi\/index.php?rest_route=\/wp\/v2\/product"}],"about":[{"href":"https:\/\/www.autonvaraosahaku.fi\/index.php?rest_route=\/wp\/v2\/types\/product"}],"wp:attachment":[{"href":"https:\/\/www.autonvaraosahaku.fi\/index.php?rest_route=%2Fwp%2Fv2%2Fmedia&parent=63511"}],"wp:term":[{"taxonomy":"pwb-brand","embeddable":true,"href":"https:\/\/www.autonvaraosahaku.fi\/index.php?rest_route=%2Fwp%2Fv2%2Fpwb-brand&post=63511"},{"taxonomy":"product_cat","embeddable":true,"href":"https:\/\/www.autonvaraosahaku.fi\/index.php?rest_route=%2Fwp%2Fv2%2Fproduct_cat&post=63511"},{"taxonomy":"product_tag","embeddable":true,"href":"https:\/\/www.autonvaraosahaku.fi\/index.php?rest_route=%2Fwp%2Fv2%2Fproduct_tag&post=63511"}],"curies":[{"name":"wp","href":"https:\/\/api.w.org\/{rel}","templated":true}]}}