{"id":63528,"date":"2021-02-21T18:35:27","date_gmt":"2021-02-21T18:35:27","guid":{"rendered":"https:\/\/www.autonvaraosahaku.fi\/?product=ate-24-3541-9588-5-jarrusatula"},"modified":"2021-02-21T18:35:28","modified_gmt":"2021-02-21T18:35:28","slug":"ate-24-3541-9588-5-jarrusatula","status":"publish","type":"product","link":"https:\/\/www.autonvaraosahaku.fi\/?product=ate-24-3541-9588-5-jarrusatula","title":{"rendered":"ATE 24.3541-9588.5 Jarrusatula"},"content":{"rendered":"<p>Jarrusatulatyyppi: Jarrusatula; Vaihto-osa: ; M\u00e4nn\u00e4n halkaisija mm: 54; Lis\u00e4tarvike\/lis\u00e4tieto: Ilman pidikett\u00e4; Jarruj\u00e4rjestelm\u00e4: ATE; parilliset tuotenumerot: 24.3541-9587.5; Suositellun tarvikkeen tuotenumero: 11.0101-5402.2, 11.0441-5402.2, 11.8116-0109.1, 11.8116-0206.1, 11.8170-0729.1, 11.8170-0730.1, 11.8171-0008.1; MAPP-koodi saatavilla: ; Huomioi mitat: ; Kantavuus: f\u00fcr erh\u00f6hte Nutzlast; BMW: 3 E46,3 Touring E46,3 Compact E46,3 Coupe E46,3 Compact E36,3 E36,3 Cabriolet E46,3 Coupe E36,Z3 E36,Z4 E85,3 Cabriolet E36,3 Touring E36,Z3 Coupe E36; 34111160352, 34111165030, 34116758114<\/p>\n","protected":false},"excerpt":{"rendered":"<p>ATE Jarrusatula 24.3541-9588.5  BMW,3 E46,3 Touring E46,3 Compact E46,3 Coupe E46,3 Compact E36,3 E36,3 Cabriolet E46,3 Coupe E36,Z3 E36,Z4 E85<\/p>\n","protected":false},"featured_media":0,"template":"","meta":{"site-sidebar-layout":"default","site-content-layout":"default","ast-global-header-display":"","ast-main-header-display":"","ast-hfb-above-header-display":"","ast-hfb-below-header-display":"","ast-hfb-mobile-header-display":"","site-post-title":"","ast-breadcrumbs-content":"","ast-featured-img":"","footer-sml-layout":"","theme-transparent-header-meta":"","adv-header-id-meta":"","stick-header-meta":"","header-above-stick-meta":"","header-main-stick-meta":"","header-below-stick-meta":""},"pwb-brand":[108],"product_cat":[177],"product_tag":[],"class_list":{"0":"post-63528","1":"product","2":"type-product","3":"status-publish","5":"pwb-brand-ate","6":"product_cat-jarrusatula","7":"desktop-align-left","8":"tablet-align-left","9":"mobile-align-left","11":"first","12":"instock","13":"product-type-external"},"brands":[{"id":108,"name":"ATE","slug":"ate"}],"_links":{"self":[{"href":"https:\/\/www.autonvaraosahaku.fi\/index.php?rest_route=\/wp\/v2\/product\/63528","targetHints":{"allow":["GET"]}}],"collection":[{"href":"https:\/\/www.autonvaraosahaku.fi\/index.php?rest_route=\/wp\/v2\/product"}],"about":[{"href":"https:\/\/www.autonvaraosahaku.fi\/index.php?rest_route=\/wp\/v2\/types\/product"}],"wp:attachment":[{"href":"https:\/\/www.autonvaraosahaku.fi\/index.php?rest_route=%2Fwp%2Fv2%2Fmedia&parent=63528"}],"wp:term":[{"taxonomy":"pwb-brand","embeddable":true,"href":"https:\/\/www.autonvaraosahaku.fi\/index.php?rest_route=%2Fwp%2Fv2%2Fpwb-brand&post=63528"},{"taxonomy":"product_cat","embeddable":true,"href":"https:\/\/www.autonvaraosahaku.fi\/index.php?rest_route=%2Fwp%2Fv2%2Fproduct_cat&post=63528"},{"taxonomy":"product_tag","embeddable":true,"href":"https:\/\/www.autonvaraosahaku.fi\/index.php?rest_route=%2Fwp%2Fv2%2Fproduct_tag&post=63528"}],"curies":[{"name":"wp","href":"https:\/\/api.w.org\/{rel}","templated":true}]}}