{"id":63541,"date":"2021-02-21T18:35:27","date_gmt":"2021-02-21T18:35:27","guid":{"rendered":"https:\/\/www.autonvaraosahaku.fi\/?product=hella-8fk-351-322-741-ilmastoinnin-kompressori"},"modified":"2021-02-21T18:35:31","modified_gmt":"2021-02-21T18:35:31","slug":"hella-8fk-351-322-741-ilmastoinnin-kompressori","status":"publish","type":"product","link":"https:\/\/www.autonvaraosahaku.fi\/?product=hella-8fk-351-322-741-ilmastoinnin-kompressori","title":{"rendered":"HELLA 8FK 351 322-741 Ilmastoinnin kompressori"},"content":{"rendered":"<p>Valmistaja rajaus: Denso\/ Sanden\/ Valeo; Kompressorin tunnus: 7SEU16C\/ PXE16\/ DCS-; kiiloja: 6; Korvaava tuote\/korvaava tiedote 2: Tiivisterenkaalla; Kylm\u00e4aine: R 134a; Kompressori\u00f6ljy: PAG 46; Hihnapy\u00f6r\u00e4-\u00d8[mm]: 110; Hihnapy\u00f6r\u00e4t: Moniurahihnapy\u00f6r\u00e4ll\u00e4; Liittimet: Top\/PAD; Nimellisj\u00e4nnite (V): 12; Valmistusvuoteen: 11\/2012; VW: GOLF V 1K1,TOURAN 1T1, 1T2,GOLF VI 5K1,PASSAT Variant 3C5,GOLF PLUS 5M1, 521,PASSAT 3C2,TIGUAN 5N_,PASSAT Variant 365,GOLF VII 5G1, BE1,CADDY III Kombi 2KB, 2KJ, 2CB, 2CJ,TOURAN 1T3,GOLF VI Variant AJ5,GOLF V Variant 1K5,CADDY III Kasten 2KA, 2KH, 2CA, 2CH,GOLF VII Kombi BA5,EOS 1F7, 1F8,SCIROCCO 137, 138,PASSAT CC 357,SHARAN 7N1, 7N2,CRAFTER 30-50 Kasten 2E_,JETTA III 1K2,PASSAT 362,CC 358,GOLF VI Cabriolet 517,BEETLE 5C1,JETTA IV 162, 163,CRAFTER 30-35 Bus 2E_,PASSAT ALLTRACK 365,BEETLE Cabriolet 5C7,CRAFTER 30-50 Pritsche\/Fahrgestell 2F_,PASSAT 3G2; AUDI: A3 8P1,A3 Sportback 8PA,TT 8J3,TT Roadster 8J9,A3 Cabriolet 8P7; SKODA: OCTAVIA Combi 1Z5,YETI 5L,SUPERB Kombi 3T5,OCTAVIA 1Z3,SUPERB 3T4; SEAT: LEON 1P1,ALTEA 5P1,ALTEA XL 5P5, 5P8,ALHAMBRA 710, 711,TOLEDO III 5P2; 1K0820803E, 1K0820803F, 1K0820803G, 1K0820803H, 1K0820803J, 1K0820803L, 1K0820803N, 1K0820803NX, 1K0820803P, 1K0820803Q, 1K0820803QX, 1K0820803S, 1K0820803SX, 1K0820808B, 1K0820808BX, 1K0820808D, 1K0820808DX, 1K0820808F, 1K0820808FX, 1K0820859, 1K0820859C, 1K0820859D, 1K0820859E, 1K0820859F, 1K0820859M, 1K0820859Q, 1K0820859QX, 1K0820859S, 1K0820859SX, 2E0820803A, 2E0820803B, 2E0820803C, 2E0820803D, 2E0820803G, 5K0820803B, W01K0820859F, 1K0820803E, 1K0820803F, 1K0820803G, 1K0820803H, 1K0820803J, 1K0820803L, 1K0820803N, 1K0820803NX, 1K0820803P, 1K0820803Q, 1K0820803QX, 1K0820803S, 1K0820803SX, 1K0820808B, 1K0820808BX, 1K0820808D, 1K0820808DX, 1K0820808F, 1K0820808FX, 1K0820859, 1K0820859C, 1K0820859D, 1K0820859E, 1K0820859F, 1K0820859M, 1K0820859Q, 1K0820859QX, 1K0820859S, 1K0820859SX, 2E0820803A, 2E0820803B, 2E0820803C, 2E0820803D, 2E0820803G, 5K0820803B, W01K0820859F, 1K0820803E, 1K0820803F, 1K0820803G, 1K0820803H, 1K0820803J, 1K0820803L, 1K0820803N, 1K0820803NX, 1K0820803P, 1K08208&#8230;; AC Kompressori,Kompressori, Ilmastointilaite<\/p>\n","protected":false},"excerpt":{"rendered":"<p>HELLA Ilmastoinnin Kompressori 8FK 351 322-741 AC Kompressori,Kompressori, Ilmastointilaite VW,AUDI,SKODA,GOLF V 1K1,TOURAN 1T1, 1T2,GOLF VI 5K1<\/p>\n","protected":false},"featured_media":0,"template":"","meta":{"site-sidebar-layout":"default","site-content-layout":"default","ast-global-header-display":"","ast-main-header-display":"","ast-hfb-above-header-display":"","ast-hfb-below-header-display":"","ast-hfb-mobile-header-display":"","site-post-title":"","ast-breadcrumbs-content":"","ast-featured-img":"","footer-sml-layout":"","theme-transparent-header-meta":"","adv-header-id-meta":"","stick-header-meta":"","header-above-stick-meta":"","header-main-stick-meta":"","header-below-stick-meta":""},"pwb-brand":[24],"product_cat":[444],"product_tag":[],"class_list":{"0":"post-63541","1":"product","2":"type-product","3":"status-publish","5":"pwb-brand-hella","6":"product_cat-ilmastoinnin-kompressori","7":"desktop-align-left","8":"tablet-align-left","9":"mobile-align-left","11":"first","12":"instock","13":"product-type-external"},"brands":[{"id":24,"name":"HELLA","slug":"hella"}],"_links":{"self":[{"href":"https:\/\/www.autonvaraosahaku.fi\/index.php?rest_route=\/wp\/v2\/product\/63541","targetHints":{"allow":["GET"]}}],"collection":[{"href":"https:\/\/www.autonvaraosahaku.fi\/index.php?rest_route=\/wp\/v2\/product"}],"about":[{"href":"https:\/\/www.autonvaraosahaku.fi\/index.php?rest_route=\/wp\/v2\/types\/product"}],"wp:attachment":[{"href":"https:\/\/www.autonvaraosahaku.fi\/index.php?rest_route=%2Fwp%2Fv2%2Fmedia&parent=63541"}],"wp:term":[{"taxonomy":"pwb-brand","embeddable":true,"href":"https:\/\/www.autonvaraosahaku.fi\/index.php?rest_route=%2Fwp%2Fv2%2Fpwb-brand&post=63541"},{"taxonomy":"product_cat","embeddable":true,"href":"https:\/\/www.autonvaraosahaku.fi\/index.php?rest_route=%2Fwp%2Fv2%2Fproduct_cat&post=63541"},{"taxonomy":"product_tag","embeddable":true,"href":"https:\/\/www.autonvaraosahaku.fi\/index.php?rest_route=%2Fwp%2Fv2%2Fproduct_tag&post=63541"}],"curies":[{"name":"wp","href":"https:\/\/api.w.org\/{rel}","templated":true}]}}