{"id":63543,"date":"2021-02-21T18:35:32","date_gmt":"2021-02-21T18:35:32","guid":{"rendered":"https:\/\/www.autonvaraosahaku.fi\/?product=vaico-v32-80011-jarrulevyt"},"modified":"2021-02-21T18:35:32","modified_gmt":"2021-02-21T18:35:32","slug":"vaico-v32-80011-jarrulevyt","status":"publish","type":"product","link":"https:\/\/www.autonvaraosahaku.fi\/?product=vaico-v32-80011-jarrulevyt","title":{"rendered":"VAICO V32-80011 Jarrulevyt"},"content":{"rendered":"<p>Vanne, aukkoja: 4; Korkeus (mm): 43,9; Jarrulevytyyppi: Tuuletettu; Jarrulevyn paksuus (mm): 23; V\u00e4himm\u00e4ispaksuus (mm): 21; Ulkol\u00e4pimitta [mm]: 258; keskitt\u00e4misl\u00e4pimitta [mm]: 55; Reik\u00e4ympyr\u00e4-\u00d8 [mm]: 100; Jarrulevyn navan korkeus [mm]: 21; Pakkausleveys [cm]: 25,8, 25,8; Pakkauskorkeus [mm]: 4,7, 4,7; Paino [kg]: 5,558; Pakkaussyvyys [cm]: 26,1; lis\u00e4tieto: CST99; Asennuspuoli: Vorderachse; MAZDA: 2 DE,2 Stufenheck DE; DF7133251, DF7133251A; Jarrulevy<\/p>\n","protected":false},"excerpt":{"rendered":"<p>VAICO Jarrulevyt V32-80011 Jarrulevy MAZDA,2 DE,2 Stufenheck DE<\/p>\n","protected":false},"featured_media":0,"template":"","meta":{"site-sidebar-layout":"default","site-content-layout":"default","ast-global-header-display":"","ast-main-header-display":"","ast-hfb-above-header-display":"","ast-hfb-below-header-display":"","ast-hfb-mobile-header-display":"","site-post-title":"","ast-breadcrumbs-content":"","ast-featured-img":"","footer-sml-layout":"","theme-transparent-header-meta":"","adv-header-id-meta":"","stick-header-meta":"","header-above-stick-meta":"","header-main-stick-meta":"","header-below-stick-meta":""},"pwb-brand":[330],"product_cat":[66],"product_tag":[],"class_list":{"0":"post-63543","1":"product","2":"type-product","3":"status-publish","5":"pwb-brand-vaico","6":"product_cat-jarrulevyt","7":"desktop-align-left","8":"tablet-align-left","9":"mobile-align-left","11":"first","12":"instock","13":"product-type-external"},"brands":[{"id":330,"name":"VAICO","slug":"vaico"}],"_links":{"self":[{"href":"https:\/\/www.autonvaraosahaku.fi\/index.php?rest_route=\/wp\/v2\/product\/63543","targetHints":{"allow":["GET"]}}],"collection":[{"href":"https:\/\/www.autonvaraosahaku.fi\/index.php?rest_route=\/wp\/v2\/product"}],"about":[{"href":"https:\/\/www.autonvaraosahaku.fi\/index.php?rest_route=\/wp\/v2\/types\/product"}],"wp:attachment":[{"href":"https:\/\/www.autonvaraosahaku.fi\/index.php?rest_route=%2Fwp%2Fv2%2Fmedia&parent=63543"}],"wp:term":[{"taxonomy":"pwb-brand","embeddable":true,"href":"https:\/\/www.autonvaraosahaku.fi\/index.php?rest_route=%2Fwp%2Fv2%2Fpwb-brand&post=63543"},{"taxonomy":"product_cat","embeddable":true,"href":"https:\/\/www.autonvaraosahaku.fi\/index.php?rest_route=%2Fwp%2Fv2%2Fproduct_cat&post=63543"},{"taxonomy":"product_tag","embeddable":true,"href":"https:\/\/www.autonvaraosahaku.fi\/index.php?rest_route=%2Fwp%2Fv2%2Fproduct_tag&post=63543"}],"curies":[{"name":"wp","href":"https:\/\/api.w.org\/{rel}","templated":true}]}}