{"id":63544,"date":"2021-02-21T18:35:32","date_gmt":"2021-02-21T18:35:32","guid":{"rendered":"https:\/\/www.autonvaraosahaku.fi\/?product=hella-8ew-351-038-391-jaahdyttimen-tuuletin"},"modified":"2021-02-21T18:35:32","modified_gmt":"2021-02-21T18:35:32","slug":"hella-8ew-351-038-391-jaahdyttimen-tuuletin","status":"publish","type":"product","link":"https:\/\/www.autonvaraosahaku.fi\/?product=hella-8ew-351-038-391-jaahdyttimen-tuuletin","title":{"rendered":"HELLA 8EW 351 038-391 J\u00e4\u00e4hdyttimen tuuletin"},"content":{"rendered":"<p>Korvaava tuote\/korvaava tiedote 2: J\u00e4\u00e4hdytystuulettimen keh\u00e4ll\u00e4; L\u00e4pimitta [mm]: 421; Vaihteistomalli: K\u00e4si- \/ lis\u00e4varuste autom. vaihteisto; Nimellisj\u00e4nnite (V): 12; Nimellisteho (W): 390; BMW: 3 E46,3 Touring E46,3 Compact E46,3 Coupe E46,3 Cabriolet E46; 1436260, 1437713, 1438577, 17111436260, 17111437713, 17111438577, 17117503761, 17117503763, 17117510085, 17117510086, 17117510617, 17117516813, 17117525508, 17117561757, 7503761, 7503763, 7510085, 7510086, 7510617, 7516813, 7525508, 7561757; Tuuletin, Moottorin J\u00e4\u00e4hdytys<\/p>\n","protected":false},"excerpt":{"rendered":"<p>HELLA J\u00e4\u00e4hdyttimen Tuuletin 8EW 351 038-391 Tuuletin, Moottorin J\u00e4\u00e4hdytys BMW,3 E46,3 Touring E46,3 Compact E46,3 Coupe E46,3 Cabriolet E46<\/p>\n","protected":false},"featured_media":0,"template":"","meta":{"site-sidebar-layout":"default","site-content-layout":"default","ast-global-header-display":"","ast-main-header-display":"","ast-hfb-above-header-display":"","ast-hfb-below-header-display":"","ast-hfb-mobile-header-display":"","site-post-title":"","ast-breadcrumbs-content":"","ast-featured-img":"","footer-sml-layout":"","theme-transparent-header-meta":"","adv-header-id-meta":"","stick-header-meta":"","header-above-stick-meta":"","header-main-stick-meta":"","header-below-stick-meta":""},"pwb-brand":[24],"product_cat":[313],"product_tag":[],"class_list":{"0":"post-63544","1":"product","2":"type-product","3":"status-publish","5":"pwb-brand-hella","6":"product_cat-jaahdyttimen-tuuletin","7":"desktop-align-left","8":"tablet-align-left","9":"mobile-align-left","11":"first","12":"instock","13":"product-type-external"},"brands":[{"id":24,"name":"HELLA","slug":"hella"}],"_links":{"self":[{"href":"https:\/\/www.autonvaraosahaku.fi\/index.php?rest_route=\/wp\/v2\/product\/63544","targetHints":{"allow":["GET"]}}],"collection":[{"href":"https:\/\/www.autonvaraosahaku.fi\/index.php?rest_route=\/wp\/v2\/product"}],"about":[{"href":"https:\/\/www.autonvaraosahaku.fi\/index.php?rest_route=\/wp\/v2\/types\/product"}],"wp:attachment":[{"href":"https:\/\/www.autonvaraosahaku.fi\/index.php?rest_route=%2Fwp%2Fv2%2Fmedia&parent=63544"}],"wp:term":[{"taxonomy":"pwb-brand","embeddable":true,"href":"https:\/\/www.autonvaraosahaku.fi\/index.php?rest_route=%2Fwp%2Fv2%2Fpwb-brand&post=63544"},{"taxonomy":"product_cat","embeddable":true,"href":"https:\/\/www.autonvaraosahaku.fi\/index.php?rest_route=%2Fwp%2Fv2%2Fproduct_cat&post=63544"},{"taxonomy":"product_tag","embeddable":true,"href":"https:\/\/www.autonvaraosahaku.fi\/index.php?rest_route=%2Fwp%2Fv2%2Fproduct_tag&post=63544"}],"curies":[{"name":"wp","href":"https:\/\/api.w.org\/{rel}","templated":true}]}}