{"id":63561,"date":"2021-02-21T18:35:32","date_gmt":"2021-02-21T18:35:32","guid":{"rendered":"https:\/\/www.autonvaraosahaku.fi\/?product=ngk-92402-sytytystulpat"},"modified":"2021-02-21T18:35:36","modified_gmt":"2021-02-21T18:35:36","slug":"ngk-92402-sytytystulpat","status":"publish","type":"product","link":"https:\/\/www.autonvaraosahaku.fi\/?product=ngk-92402-sytytystulpat","title":{"rendered":"NGK 92402 Sytytystulpat"},"content":{"rendered":"<p>Avainv\u00e4li: 16 mm; Ulkokierre [mm]: 12,0; Kierteen pituus (mm): 19,0; Sytytystulppa: kiinte\u00e4 SAE-liitin, Iridium-keskielektrodi, 1-maaelektroodi, H\u00e4iri\u00f6npoisto, 5 k-ohm, suoralla istukalla; Kipin\u00e4et\u00e4isyys [mm]: 5,0; TECDOC-moottorinumero: 20928; LANCIA: MUSA 350,YPSILON 312, 846; FIAT: PANDA 169,500 312,PANDA Van 169,PUNTO 199,PUNTO Van 199; 55232360, 55232360, 55232360, 55232360, 55232360, 55232360; Tulpat,Sytytystulppa<\/p>\n","protected":false},"excerpt":{"rendered":"<p>NGK Sytytystulpat 92402 Tulpat,Sytytystulppa LANCIA,FIAT,MUSA 350,YPSILON 312, 846,PANDA 169,500 312,PANDA Van 169,PUNTO 199,PUNTO Van 199<\/p>\n","protected":false},"featured_media":0,"template":"","meta":{"site-sidebar-layout":"default","site-content-layout":"default","ast-global-header-display":"","ast-main-header-display":"","ast-hfb-above-header-display":"","ast-hfb-below-header-display":"","ast-hfb-mobile-header-display":"","site-post-title":"","ast-breadcrumbs-content":"","ast-featured-img":"","footer-sml-layout":"","theme-transparent-header-meta":"","adv-header-id-meta":"","stick-header-meta":"","header-above-stick-meta":"","header-main-stick-meta":"","header-below-stick-meta":""},"pwb-brand":[189],"product_cat":[165],"product_tag":[],"class_list":{"0":"post-63561","1":"product","2":"type-product","3":"status-publish","5":"pwb-brand-ngk","6":"product_cat-sytytystulpat","7":"desktop-align-left","8":"tablet-align-left","9":"mobile-align-left","11":"first","12":"instock","13":"product-type-external"},"brands":[{"id":189,"name":"NGK","slug":"ngk"}],"_links":{"self":[{"href":"https:\/\/www.autonvaraosahaku.fi\/index.php?rest_route=\/wp\/v2\/product\/63561","targetHints":{"allow":["GET"]}}],"collection":[{"href":"https:\/\/www.autonvaraosahaku.fi\/index.php?rest_route=\/wp\/v2\/product"}],"about":[{"href":"https:\/\/www.autonvaraosahaku.fi\/index.php?rest_route=\/wp\/v2\/types\/product"}],"wp:attachment":[{"href":"https:\/\/www.autonvaraosahaku.fi\/index.php?rest_route=%2Fwp%2Fv2%2Fmedia&parent=63561"}],"wp:term":[{"taxonomy":"pwb-brand","embeddable":true,"href":"https:\/\/www.autonvaraosahaku.fi\/index.php?rest_route=%2Fwp%2Fv2%2Fpwb-brand&post=63561"},{"taxonomy":"product_cat","embeddable":true,"href":"https:\/\/www.autonvaraosahaku.fi\/index.php?rest_route=%2Fwp%2Fv2%2Fproduct_cat&post=63561"},{"taxonomy":"product_tag","embeddable":true,"href":"https:\/\/www.autonvaraosahaku.fi\/index.php?rest_route=%2Fwp%2Fv2%2Fproduct_tag&post=63561"}],"curies":[{"name":"wp","href":"https:\/\/api.w.org\/{rel}","templated":true}]}}